{"id":74134,"date":"2025-12-18T16:40:40","date_gmt":"2025-12-18T15:40:40","guid":{"rendered":"https:\/\/specialspex.artitex.dev\/kundenerfahrungen\/"},"modified":"2026-03-25T13:25:59","modified_gmt":"2026-03-25T12:25:59","slug":"kundenerfahrungen","status":"publish","type":"page","link":"https:\/\/specialspex.artitex.dev\/de\/kundenerfahrungen\/","title":{"rendered":"Kundenerfahrungen"},"content":{"rendered":"\n<p class=\"max-w-7xl mx-auto px-6 lg:px-8\">Triff sie hier! Die Helden, die Wochenend-Krieger und die Profis. Menschen, die sich \u00fcber Schotterstra\u00dfen schleppen, durch W\u00e4lder rennen und \u00fcber Berge rei\u00dfen. Nichts h\u00e4lt sie auf, egal auf welchem Niveau. Mit der richtigen Brille sch\u00fctzen sie ihre Augen und holen das Beste aus ihrem Sport oder ihrer Arbeit heraus. Lies hier ihre Erfahrungen.     <\/p>\n<section class=\"max-w-7xl px-6 lg:px-8 pb-20 mx-auto relative\">\n  <div class=\"bg-slate-100 rounded-lg overflow-hidden\">\n    <div class=\"grid md:grid-cols-2 md:gap-y-8 items-center\">\n      <div class=\"p-8 md:p-12 order-2 md:order-1\">\n        <h2 class=\"text-4xl font-medium mb-8\">Dik tevreden met de bril!<\/h2>\n        <div class=\"prose max-w-none grid gap-3\">\n          <p><br>Ik fiets nu al een paar weken rond met de nieuwe fietsbril van SpecialSpex. Hij zit prima is lekker licht. Het is erg fijn om de letters op de fietscomputer te kunnen lezen en daarnaast goed in de verte te kunnen zien. De bril is getest op diverse disciplines. Tijdens het ATB\u2019en, strandracen, lange tochten, korte tijdritten en tijdens binnen fietsen op de fietstrainer. Tijdens de korte en lange tochten buiten gedraagt de bril zich uitstekend. Binnen gaat de bril door de vele zweetdruppels veel later dan mijn vorige bril beslaan. Kortom, ik ben dik tevreden met deze bril van Specialspex!<br><strong>Montuur:<\/strong>\u00a0<a href=\"https:\/\/specialspex.com\/product\/gurney-specialspex-sportbril-op-sterkte\/\" rel=\"nofollow noopener\" target=\"_blank\">Specialspex Gurney<\/a><br><strong>Glazen:<\/strong> Multifocaal, Meekleurend Grijs, Anti-Condens<\/p>\n        <\/div>\n\n              <\/div>\n\n      <div class=\"md:order-2 order-1 h-full\">\n                  <img decoding=\"async\" src=\"https:\/\/specialspex.artitex.dev\/wp-content\/uploads\/2025\/12\/testimonial-frank-300x300.jpg.webp\" alt=\"- Spezialspex\" class=\"w-full h-full object-cover\" loading=\"lazy\" title=\"\">\n              <\/div>\n    <\/div>\n  <\/div>\n<\/section>\n<section class=\"max-w-7xl px-6 lg:px-8 pb-20 mx-auto relative\">\n  <div class=\"bg-slate-100 rounded-lg overflow-hidden\">\n    <div class=\"grid md:grid-cols-2 md:gap-y-8 items-center\">\n      <div class=\"p-8 md:p-12 order-2 md:order-2\">\n        <h2 class=\"text-4xl font-medium mb-8\">Mijn Keuze was snel gemaakt.<\/h2>\n        <div class=\"prose max-w-none grid gap-3\">\n          <p><br>Via de online webshop\u00a0van Specialspex\u00a0vond ik mijn sportbril op sterkte! Een sportbril op sterkte die voldoet aan mijn eisen als fanatiek sporter. Ik zocht een specialist ter zake en vond deze in Specialspex.\u00a0Mijn lokale opticien heeft niet het assortiment en sportadvies dat je bij Specialspex vindt. Het advies dat je krijgt, is ook op specifieke sporten gericht. Daarom is Specialspex zo uniek en sterk in zijn werk. Mijn keuze was snel gemaakt!<br>Lees het volledige verhaal op<strong>\u00a0<a href=\"https:\/\/fietspiratie.com\/2020\/12\/28\/de-sterkte-van-specialspex-jouw-sportbril-op-sterkte\/\" target=\"_blank\" rel=\"noreferrer noopener nofollow\">fietspiratie.com<\/a><\/strong><br><strong>Montuur<\/strong>:<strong>\u00a0<a href=\"https:\/\/specialspex.com\/product\/julbo-rush-photochromic-sportbril-inserts-op-sterkte\/\" rel=\"nofollow noopener\" target=\"_blank\">Julbo Rush reactiv<\/a><\/strong><br>Met clip op sterkte<\/p>\n        <\/div>\n\n              <\/div>\n\n      <div class=\"md:order-1 order-1 h-full\">\n                  <img decoding=\"async\" src=\"https:\/\/specialspex.artitex.dev\/wp-content\/uploads\/2025\/12\/testimonial-sam-300x300.jpg.webp\" alt=\"- Spezialspex\" class=\"w-full h-full object-cover\" loading=\"lazy\" title=\"\">\n              <\/div>\n    <\/div>\n  <\/div>\n<\/section>\n\n<div class=\"max-w-7xl mx-auto px-6 lg:px-8 wp-block-group is-layout-constrained wp-block-group-is-layout-constrained\"><section class=\"max-w-7xl px-6 lg:px-8 pb-20 mx-auto relative\">\n  <div class=\"bg-slate-100 rounded-lg overflow-hidden\">\n    <div class=\"grid md:grid-cols-2 md:gap-y-8 items-center\">\n      <div class=\"p-8 md:p-12 order-2 md:order-2\">\n        <h2 class=\"text-4xl font-medium mb-8\">Helemaal happy<\/h2>\n        <div class=\"prose max-w-none grid gap-3\">\n          <p>Helemaal happy en safe met zijn skibril op sterkte. <br>Mijn zoontje is echt z\u00e9\u00e9r kritisch maar heeft de hele dag de skibril op. Ik heb een harde brillenkoker mee in m&#8217;n rugzak bij me voor de gewone bril want die doet hij dan meteen in de pauzes op.<br><strong>Bril<\/strong>:\u00a0<a href=\"https:\/\/specialspex.com\/product\/snowvision-magnus-black-skibril-op-sterkte\/\" rel=\"nofollow noopener\" target=\"_blank\"><strong>Snowvision Magnus Black<\/strong><\/a><\/p><p>(Zoon van) Diana uit Urk met SnowVision skibril<\/p>\n        <\/div>\n\n              <\/div>\n\n      <div class=\"md:order-1 order-1 h-full\">\n                  <img decoding=\"async\" src=\"https:\/\/specialspex.artitex.dev\/wp-content\/uploads\/2025\/12\/testimonial-diana-300x300.jpg.webp\" alt=\"- Spezialspex\" class=\"w-full h-full object-cover\" loading=\"lazy\" title=\"\">\n              <\/div>\n    <\/div>\n  <\/div>\n<\/section>\n<\/div>\n<script src=\"https:\/\/integrations.etrusted.com\/applications\/widget.js\/v2\" defer async><\/script>\n  <section class=\"py-12 mb-10 md:mb-20 mx-auto relative bg-white\">\n    <div class=\"max-w-7xl px-6 lg:px-8 mx-auto\">\n            <div class=\"wp-block-specialspex-trustedshops-reviews\">\n        <etrusted-widget data-etrusted-widget-id=\"wdg-470a129d-3990-4e65-9f0a-9c7ded716ff6\"><\/etrusted-widget>\n      <\/div>\n    <\/div>\n  <\/section>\n","protected":false},"excerpt":{"rendered":"<p>Triff sie hier! Die Helden, die Wochenend-Krieger und die Profis. Menschen, die sich \u00fcber Schotterstra\u00dfen schleppen, durch W\u00e4lder rennen und \u00fcber Berge rei\u00dfen. Nichts h\u00e4lt sie auf, egal auf welchem Niveau. Mit der richtigen Brille sch\u00fctzen sie ihre Augen und holen das Beste aus ihrem Sport oder ihrer Arbeit heraus. Lies hier ihre Erfahrungen.<\/p>\n","protected":false},"author":2,"featured_media":0,"parent":0,"menu_order":0,"comment_status":"closed","ping_status":"closed","template":"","meta":{"footnotes":""},"class_list":["post-74134","page","type-page","status-publish","hentry"],"_links":{"self":[{"href":"https:\/\/specialspex.artitex.dev\/de\/wp-json\/wp\/v2\/pages\/74134","targetHints":{"allow":["GET"]}}],"collection":[{"href":"https:\/\/specialspex.artitex.dev\/de\/wp-json\/wp\/v2\/pages"}],"about":[{"href":"https:\/\/specialspex.artitex.dev\/de\/wp-json\/wp\/v2\/types\/page"}],"author":[{"embeddable":true,"href":"https:\/\/specialspex.artitex.dev\/de\/wp-json\/wp\/v2\/users\/2"}],"replies":[{"embeddable":true,"href":"https:\/\/specialspex.artitex.dev\/de\/wp-json\/wp\/v2\/comments?post=74134"}],"version-history":[{"count":2,"href":"https:\/\/specialspex.artitex.dev\/de\/wp-json\/wp\/v2\/pages\/74134\/revisions"}],"predecessor-version":[{"id":74140,"href":"https:\/\/specialspex.artitex.dev\/de\/wp-json\/wp\/v2\/pages\/74134\/revisions\/74140"}],"wp:attachment":[{"href":"https:\/\/specialspex.artitex.dev\/de\/wp-json\/wp\/v2\/media?parent=74134"}],"curies":[{"name":"wp","href":"https:\/\/api.w.org\/{rel}","templated":true}]}}