{"id":74155,"date":"2025-08-19T23:43:31","date_gmt":"2025-08-19T21:43:31","guid":{"rendered":"https:\/\/specialspex.artitex.dev\/ueber-uns\/"},"modified":"2026-03-25T13:26:48","modified_gmt":"2026-03-25T12:26:48","slug":"ueber-uns","status":"publish","type":"page","link":"https:\/\/specialspex.artitex.dev\/de\/ueber-uns\/","title":{"rendered":"\u00dcber uns"},"content":{"rendered":"\n<div style=\"height:50px\" aria-hidden=\"true\" class=\"wp-block-spacer\"><\/div>\n\n<h2 class=\"max-w-7xl mx-auto px-6 lg:px-8 wp-block-heading\">Warum Specialspex?<\/h2>\n\n<div style=\"height:15px\" aria-hidden=\"true\" class=\"wp-block-spacer\"><\/div>\n\n<p class=\"max-w-7xl mx-auto px-6 lg:px-8\">Spezialist f\u00fcr Sport-, Motorrad- und Sicherheitsbrillen auf Rezept.<\/p>\n\n<div style=\"height:15px\" aria-hidden=\"true\" class=\"wp-block-spacer\"><\/div>\n\n<p class=\"max-w-7xl mx-auto px-6 lg:px-8\">Specialspex ist der Spezialist f\u00fcr Sportbrillen, Motorradbrillen und Korrektionsschutzbrillen in Europa. Mit unserem Team aus Optikern und Optometristen helfen wir dir, die perfekte Brille f\u00fcr Sport, Arbeit oder Hobby zu finden. <\/p>\n\n<p class=\"max-w-7xl mx-auto px-6 lg:px-8\">Ob du eine aerodynamische Sportbrille, eine gut abdichtende Motorradbrille oder eine Schutzbrille f\u00fcr die Arbeit suchst: Wir kombinieren die gr\u00f6\u00dfte Auswahl mit pers\u00f6nlicher Beratung und individueller Anpassung.<\/p>\n\n<div style=\"height:25px\" aria-hidden=\"true\" class=\"wp-block-spacer\"><\/div>\n\n<h3 class=\"max-w-7xl mx-auto px-6 lg:px-8 wp-block-heading\">Kurz gesagt, die richtige Brille f\u00fcr jede Aktivit\u00e4t!<\/h3>\n\n<div style=\"height:25px\" aria-hidden=\"true\" class=\"wp-block-spacer\"><\/div>\n\n<p class=\"max-w-7xl mx-auto px-6 lg:px-8\">Warum Specialspex w\u00e4hlen?  <\/p>\n\n<div style=\"height:25px\" aria-hidden=\"true\" class=\"wp-block-spacer\"><\/div>\n\n<ol class=\"max-w-7xl mx-auto px-6 lg:px-8 wp-block-list\">\n<li><strong>Die gr\u00f6\u00dfte Auswahl an Spezialbrillen.<\/strong>  Wir bieten eine der gr\u00f6\u00dften Kollektionen an Sportbrillen und Korrektionsschutzbrillen in den Benelux-L\u00e4ndern. Wir arbeiten mit Top-Marken und sind st\u00e4ndig auf der Suche nach innovativen Produkten, damit wir f\u00fcr fast jede Sportart, jedes Hobby und jede Arbeitssituation eine passende Brille anbieten k\u00f6nnen. <\/li>\n\n\n\n<li>Wir <strong>sind Spezialisten f\u00fcr Korrektionsbrillen<\/strong>. Mit unserem Wissen \u00fcber Optometrie, Fassungen und Gl\u00e4ser k\u00f6nnen wir fast jede Brille auf Rezept anfertigen. Von einfachen Korrekturen bis hin zu hohen St\u00e4rken bei stark gebogenen Sportbrillen. Wir empfehlen immer die beste L\u00f6sung f\u00fcr deine Anwendung.   <\/li>\n\n\n\n<li><strong>Pers\u00f6nliche Beratung und individuelle Anpassung<\/strong>. Gutes Sehen ist beim Sport und bei der Arbeit wichtig. Deshalb nehmen wir uns die Zeit f\u00fcr eine pers\u00f6nliche Beratung und passen jede Brille vollst\u00e4ndig an. Dank unserer Erfahrung und genauen Messungen k\u00f6nnen wir au\u00dferdem eine 60-t\u00e4gige Eingew\u00f6hnungsgarantie anbieten.   <\/li>\n<\/ol>\n\n<div class=\"max-w-7xl mx-auto px-6 lg:px-8 wp-block-columns space-x-10 has-sm-font-size is-layout-flex wp-container-core-columns-is-layout-9d6595d7 wp-block-columns-is-layout-flex\">\n<div class=\"wp-block-column is-layout-flow wp-block-column-is-layout-flow\">\n<figure class=\"max-w-7xl mx-auto px-6 lg:px-8 wp-block-image mb-2\"><img decoding=\"async\" src=\"https:\/\/specialspex.artitex.dev\/wp-content\/uploads\/2023\/09\/SpecialSpex-Juliette-225x300.jpg\" alt=\"- Spezialspex\" style=\"aspect-ratio:3\/4;object-fit:cover\" title=\"\"><\/figure>\n\n\n\n<p class=\"max-w-7xl mx-auto px-6 lg:px-8\"><strong>Juli\u00ebtte Kromosemito<\/strong><br\/><em>B\u00fcroleiterin<\/em><\/p>\n\n\n\n<hr class=\"wp-block-separator has-alpha-channel-opacity my-4\" \/>\n\n\n\n<p class=\"max-w-7xl mx-auto px-6 lg:px-8 text-sm\">Juli\u00ebtte sorgt daf\u00fcr, dass bei Specialspex alles reibungslos l\u00e4uft. Sie bearbeitet Bestellungen, ber\u00e4t Kunden und verwaltet unseren Webshop und die sozialen Medien. Au\u00dferhalb der Arbeit spielt sie gerne Hockey oder fotografiert.    <\/p>\n<\/div>\n\n\n\n<div class=\"wp-block-column is-layout-flow wp-block-column-is-layout-flow\">\n<figure class=\"max-w-7xl mx-auto px-6 lg:px-8 wp-block-image mb-2\"><img decoding=\"async\" src=\"https:\/\/specialspex.artitex.dev\/wp-content\/uploads\/2023\/09\/SpecialSpex-Gijs-225x300.jpg\" alt=\"- Spezialspex\" style=\"aspect-ratio:3\/4;object-fit:cover\" title=\"\"><\/figure>\n\n\n\n<p class=\"max-w-7xl mx-auto px-6 lg:px-8\"><strong>Gijs Jansen<\/strong><br\/><em>Optometrist<\/em><\/p>\n\n\n\n<hr class=\"wp-block-separator has-alpha-channel-opacity my-4\" \/>\n\n\n\n<p class=\"max-w-7xl mx-auto px-6 lg:px-8 text-sm\">Gijs ist Mitbegr\u00fcnder von Specialspex und Optometrist. Beim Sport ist ihm aufgefallen, dass eine normale Brille oft nicht richtig funktioniert. Das inspirierte ihn dazu, ein Fachgesch\u00e4ft zu gr\u00fcnden, in dem Sportler und Profis die richtige Brille finden k\u00f6nnen.  <br\/><\/p>\n<\/div>\n\n\n\n<div class=\"wp-block-column is-layout-flow wp-block-column-is-layout-flow\">\n<figure class=\"max-w-7xl mx-auto px-6 lg:px-8 wp-block-image mb-2\"><img decoding=\"async\" src=\"https:\/\/specialspex.artitex.dev\/wp-content\/uploads\/2023\/09\/SpecialSpex-Rinse-225x300.jpg\" alt=\"- Spezialspex\" style=\"aspect-ratio:3\/4;object-fit:cover\" title=\"\"><\/figure>\n\n\n\n<p class=\"max-w-7xl mx-auto px-6 lg:px-8\"><strong>Rinse Kijlstra<\/strong><br\/><em>Optiker<\/em><\/p>\n\n\n\n<hr class=\"wp-block-separator has-alpha-channel-opacity my-4\" \/>\n\n\n\n<p class=\"max-w-7xl mx-auto px-6 lg:px-8 text-sm\">Rinse hat jahrelange Erfahrung in der Brillenbranche und ist auf verschreibungspflichtige Sport- und Sicherheitsbrillen spezialisiert. Er wei\u00df genau, welche Eigenschaften f\u00fcr verschiedene Sportarten und Arbeitssituationen erforderlich sind. <br\/><\/p>\n<\/div>\n<\/div>\n\n<h2 class=\"max-w-7xl mx-auto px-6 lg:px-8 wp-block-heading\">2020 Wie es begann<\/h2>\n\n<div style=\"height:25px\" aria-hidden=\"true\" class=\"wp-block-spacer\"><\/div>\n\n<p class=\"max-w-7xl mx-auto px-6 lg:px-8\">Gijs und Rinse kennen sich vom Studium der Optometrie und teilen die Leidenschaft f\u00fcr Sport und gutes Sehen. Weil passende L\u00f6sungen f\u00fcr Sport- und Schutzbrillen mit Sehst\u00e4rke oft schwer zu finden waren, gr\u00fcndeten sie Specialspex als spezialisierten Webshop. <\/p>\n\n<div style=\"height:25px\" aria-hidden=\"true\" class=\"wp-block-spacer\"><\/div>\n\n<h2 class=\"max-w-7xl mx-auto px-6 lg:px-8 wp-block-heading\">2024 neuer Ausstellungsraum<\/h2>\n\n<div style=\"height:25px\" aria-hidden=\"true\" class=\"wp-block-spacer\"><\/div>\n\n<p class=\"max-w-7xl mx-auto px-6 lg:px-8\">Aufgrund des Wachstums ist Specialspex in den Showroom in der Hogewoerd 115 umgezogen, wo wir einen professionellen Augenmessraum haben und du auch viele unserer Sport- und Sicherheitsbrillen anprobieren kannst. <\/p>\n\n<div style=\"height:25px\" aria-hidden=\"true\" class=\"wp-block-spacer\"><\/div>\n\n<h2 class=\"max-w-7xl mx-auto px-6 lg:px-8 wp-block-heading\">2026 neuer Webshop<\/h2>\n\n<div style=\"height:25px\" aria-hidden=\"true\" class=\"wp-block-spacer\"><\/div>\n\n<p class=\"max-w-7xl mx-auto px-6 lg:px-8\">Im Jahr 2026 haben wir einen komplett \u00fcberarbeiteten Webshop eingef\u00fchrt. Seitdem k\u00f6nnen auch Brillen ohne Rezept online bestellt werden und das Sortiment w\u00e4chst weiter. <\/p>\n","protected":false},"excerpt":{"rendered":"<p>Warum Specialspex? Spezialist f\u00fcr Sport-, Motorrad- und Sicherheitsbrillen auf Rezept. Specialspex ist der Spezialist f\u00fcr Sportbrillen, Motorradbrillen und Korrektionsschutzbrillen in Europa. Mit unserem Team aus Optikern und Optometristen helfen wir dir, die perfekte Brille f\u00fcr Sport, Arbeit oder Hobby zu finden. Ob du eine aerodynamische Sportbrille, eine gut abdichtende Motorradbrille oder eine Schutzbrille f\u00fcr die &hellip; <a href=\"https:\/\/specialspex.artitex.dev\/de\/ueber-uns\/\">Fortsetzung<\/a><\/p>\n","protected":false},"author":1,"featured_media":0,"parent":0,"menu_order":0,"comment_status":"closed","ping_status":"closed","template":"","meta":{"footnotes":""},"class_list":["post-74155","page","type-page","status-publish","hentry"],"_links":{"self":[{"href":"https:\/\/specialspex.artitex.dev\/de\/wp-json\/wp\/v2\/pages\/74155","targetHints":{"allow":["GET"]}}],"collection":[{"href":"https:\/\/specialspex.artitex.dev\/de\/wp-json\/wp\/v2\/pages"}],"about":[{"href":"https:\/\/specialspex.artitex.dev\/de\/wp-json\/wp\/v2\/types\/page"}],"author":[{"embeddable":true,"href":"https:\/\/specialspex.artitex.dev\/de\/wp-json\/wp\/v2\/users\/1"}],"replies":[{"embeddable":true,"href":"https:\/\/specialspex.artitex.dev\/de\/wp-json\/wp\/v2\/comments?post=74155"}],"version-history":[{"count":1,"href":"https:\/\/specialspex.artitex.dev\/de\/wp-json\/wp\/v2\/pages\/74155\/revisions"}],"predecessor-version":[{"id":74156,"href":"https:\/\/specialspex.artitex.dev\/de\/wp-json\/wp\/v2\/pages\/74155\/revisions\/74156"}],"wp:attachment":[{"href":"https:\/\/specialspex.artitex.dev\/de\/wp-json\/wp\/v2\/media?parent=74155"}],"curies":[{"name":"wp","href":"https:\/\/api.w.org\/{rel}","templated":true}]}}