{"id":74192,"date":"2025-08-20T00:21:46","date_gmt":"2025-08-19T22:21:46","guid":{"rendered":"https:\/\/specialspex.artitex.dev\/freie-stellen\/"},"modified":"2026-03-25T13:27:11","modified_gmt":"2026-03-25T12:27:11","slug":"freie-stellen","status":"publish","type":"page","link":"https:\/\/specialspex.artitex.dev\/de\/freie-stellen\/","title":{"rendered":"Freie Stellen"},"content":{"rendered":"\n<p class=\"max-w-7xl mx-auto px-6 lg:px-8\">Von Zeit zu Zeit suchen wir nach zus\u00e4tzlichen Fachkr\u00e4ften. Ist dein Stellenangebot hier nicht aufgef\u00fchrt? Siehst du aber eine M\u00f6glichkeit, uns zu verst\u00e4rken? Dann sende eine offene Bewerbung an info@specialspex.com oder behalte diese Seite im Auge.   <\/p>\n\n<div class=\"max-w-7xl mx-auto px-6 lg:px-8 wp-block-group is-layout-constrained wp-block-group-is-layout-constrained\">\n<p class=\"max-w-7xl mx-auto px-6 lg:px-8\"><strong>Wir suchen eine\/n Optiker\/in!<\/strong> \ud83d\udc53<br\/>Bist du ein erfahrener Optiker mit einer Leidenschaft f\u00fcr Sport und Individualisierung? Bei Specialspex hast du die M\u00f6glichkeit, einzigartige Brillen zu kreieren, die perfekt zum Lebensstil unserer Kunden passen. <\/p>\n\n\n\n<p class=\"max-w-7xl mx-auto px-6 lg:px-8\"><strong>Was wir anbieten:<\/strong><\/p>\n\n\n\n<ul class=\"max-w-7xl mx-auto px-6 lg:px-8 wp-block-list\">\n<li>Eine anspruchsvolle T\u00e4tigkeit (24-32 Stunden) in einem kleinen, freundlichen Team.<\/li>\n\n\n\n<li>Raum, um zu wachsen und dich zu entwickeln.<\/li>\n\n\n\n<li>Flexible Arbeitszeiten und ein gutes Gehalt.<\/li>\n<\/ul>\n\n\n\n<p class=\"max-w-7xl mx-auto px-6 lg:px-8\">Klingt das nach deinem Traumjob? Schau dir <strong><a href=\"https:\/\/specialspex.artitex.dev\/wp-content\/uploads\/2024\/12\/Opticien-bij-Specialspex.pdf\" target=\"_blank\" rel=\"noreferrer noopener\">die gesamte Stellenausschreibung<\/a><\/strong> und bewirb dich noch heute! <\/p>\n\n\n\n<p class=\"max-w-7xl mx-auto px-6 lg:px-8\">\ud83d\udce9 <strong>Sende deinen Lebenslauf und deine Motivation an <a>info@specialspex.com<\/a><\/strong><\/p>\n<\/div>\n","protected":false},"excerpt":{"rendered":"<p>Von Zeit zu Zeit suchen wir nach zus\u00e4tzlichen Fachkr\u00e4ften. Ist dein Stellenangebot hier nicht aufgef\u00fchrt? Siehst du aber eine M\u00f6glichkeit, uns zu verst\u00e4rken? Dann sende eine offene Bewerbung an info@specialspex.com oder behalte diese Seite im Auge. Wir suchen eine\/n Optiker\/in! \ud83d\udc53Bist du ein erfahrener Optiker mit einer Leidenschaft f\u00fcr Sport und Individualisierung? Bei Specialspex hast &hellip; <a href=\"https:\/\/specialspex.artitex.dev\/de\/freie-stellen\/\">Fortsetzung<\/a><\/p>\n","protected":false},"author":1,"featured_media":0,"parent":0,"menu_order":0,"comment_status":"closed","ping_status":"closed","template":"","meta":{"footnotes":""},"class_list":["post-74192","page","type-page","status-publish","hentry"],"_links":{"self":[{"href":"https:\/\/specialspex.artitex.dev\/de\/wp-json\/wp\/v2\/pages\/74192","targetHints":{"allow":["GET"]}}],"collection":[{"href":"https:\/\/specialspex.artitex.dev\/de\/wp-json\/wp\/v2\/pages"}],"about":[{"href":"https:\/\/specialspex.artitex.dev\/de\/wp-json\/wp\/v2\/types\/page"}],"author":[{"embeddable":true,"href":"https:\/\/specialspex.artitex.dev\/de\/wp-json\/wp\/v2\/users\/1"}],"replies":[{"embeddable":true,"href":"https:\/\/specialspex.artitex.dev\/de\/wp-json\/wp\/v2\/comments?post=74192"}],"version-history":[{"count":1,"href":"https:\/\/specialspex.artitex.dev\/de\/wp-json\/wp\/v2\/pages\/74192\/revisions"}],"predecessor-version":[{"id":74194,"href":"https:\/\/specialspex.artitex.dev\/de\/wp-json\/wp\/v2\/pages\/74192\/revisions\/74194"}],"wp:attachment":[{"href":"https:\/\/specialspex.artitex.dev\/de\/wp-json\/wp\/v2\/media?parent=74192"}],"curies":[{"name":"wp","href":"https:\/\/api.w.org\/{rel}","templated":true}]}}