{"id":74197,"date":"2025-02-15T15:08:44","date_gmt":"2025-02-15T14:08:44","guid":{"rendered":"https:\/\/specialspex.artitex.dev\/erklaerung-zum-datenschutz\/"},"modified":"2026-03-25T13:27:24","modified_gmt":"2026-03-25T12:27:24","slug":"erklaerung-zum-datenschutz","status":"publish","type":"page","link":"https:\/\/specialspex.artitex.dev\/de\/erklaerung-zum-datenschutz\/","title":{"rendered":"Erkl\u00e4rung zum Datenschutz"},"content":{"rendered":"\n<p class=\"max-w-7xl mx-auto px-6 lg:px-8\">Datenschutzerkl\u00e4rung - Special Eyewear B.V.<br\/>Letzte Aktualisierung: 13. M\u00e4rz 2026<\/p>\n\n<p class=\"max-w-7xl mx-auto px-6 lg:px-8\"><\/p>\n\n<ol class=\"max-w-7xl mx-auto px-6 lg:px-8 wp-block-list\">\n<li>Controller<\/li>\n<\/ol>\n\n<p class=\"max-w-7xl mx-auto px-6 lg:px-8\"><\/p>\n\n<p class=\"max-w-7xl mx-auto px-6 lg:px-8\">Special Eyewear B.V. verpflichtet sich, deine pers\u00f6nlichen Daten zu sch\u00fctzen. In dieser Datenschutzerkl\u00e4rung erkl\u00e4ren wir, welche Daten wir sammeln, warum wir sie verarbeiten und wie wir mit ihnen umgehen. <\/p>\n\n<p class=\"max-w-7xl mx-auto px-6 lg:px-8\">Special Eyewear B.V. verarbeitet personenbezogene Daten in \u00dcbereinstimmung mit der Allgemeinen Datenschutzverordnung (AVG).<\/p>\n\n<p class=\"max-w-7xl mx-auto px-6 lg:px-8\">Special Eyewear B.V.<br\/>Hogewoerd 115<br\/>2311 HJ Leiden<br\/>Niederlande<\/p>\n\n<p class=\"max-w-7xl mx-auto px-6 lg:px-8\">E-Mail: <a>info@specialspex.com<\/a><\/p>\n\n<p class=\"max-w-7xl mx-auto px-6 lg:px-8\">Handelskammer: 77721993<br\/>Umsatzsteuer: NL861109028B01<\/p>\n\n<p class=\"max-w-7xl mx-auto px-6 lg:px-8\">Special Eyewear B.V. ist verantwortlich f\u00fcr die Verarbeitung personenbezogener Daten, wie in dieser Erkl\u00e4rung beschrieben.<\/p>\n\n<ol start=\"2\" class=\"max-w-7xl mx-auto px-6 lg:px-8 wp-block-list\">\n<li>Welche personenbezogenen Daten wir verarbeiten<\/li>\n<\/ol>\n\n<p class=\"max-w-7xl mx-auto px-6 lg:px-8\">Wir verarbeiten personenbezogene Daten, die du uns selbst zur Verf\u00fcgung stellst, wenn du unsere Website nutzt, eine Bestellung aufgibst oder uns kontaktierst.<\/p>\n\n<p class=\"max-w-7xl mx-auto px-6 lg:px-8\">Das kann Folgendes beinhalten:<\/p>\n\n<p class=\"max-w-7xl mx-auto px-6 lg:px-8\">- Name<br\/>- Adressdaten<br\/>- E-Mail-Adresse<br\/>- Telefonnummer<br\/>- Zahlungsdaten<br\/>- Bestelldaten<br\/>- Informationen, die du selbst per E-Mail, Chat oder Kontaktformular angibst<br\/>- Brillenst\u00e4rke oder optische Daten, die f\u00fcr die Lieferung von Korrektionsbrillen erforderlich sind<\/p>\n\n<ol start=\"3\" class=\"max-w-7xl mx-auto px-6 lg:px-8 wp-block-list\">\n<li>Warum wir personenbezogene Daten verarbeiten<\/li>\n<\/ol>\n\n<p class=\"max-w-7xl mx-auto px-6 lg:px-8\">Wir verarbeiten deine personenbezogenen Daten f\u00fcr die folgenden Zwecke:<\/p>\n\n<p class=\"max-w-7xl mx-auto px-6 lg:px-8\">- Bearbeitung und Versand von Bestellungen<br\/>- Lieferung von Korrektionsbrillen und optischen Hilfsmitteln<br\/>- pers\u00f6nliche Beratung zu Produkten<br\/>- Beantwortung von Fragen oder Anfragen per E-Mail oder Kontaktformular<br\/>- Verbesserung unserer Website und unserer Dienstleistungen<br\/>- Erf\u00fcllung gesetzlicher Verpflichtungen, wie z.B. Verwaltung und Steuergesetze<\/p>\n\n<ol start=\"4\" class=\"max-w-7xl mx-auto px-6 lg:px-8 wp-block-list\">\n<li>Rechtsgrundlage f\u00fcr die Verarbeitung<\/li>\n<\/ol>\n\n<p class=\"max-w-7xl mx-auto px-6 lg:px-8\">Wir verarbeiten personenbezogene Daten auf der Grundlage einer der folgenden Rechtsgrundlagen:<\/p>\n\n<p class=\"max-w-7xl mx-auto px-6 lg:px-8\">- Erf\u00fcllung einer Vereinbarung (z. B. bei einer Bestellung)<br\/>- gesetzliche Verpflichtung (z. B. Steuerunterlagen)<br\/>- Einwilligung (z. B. bei Marketing oder Cookies)<br\/>- berechtigtes Interesse (z. B. zur Verbesserung unserer Dienstleistungen)<\/p>\n\n<ol start=\"5\" class=\"max-w-7xl mx-auto px-6 lg:px-8 wp-block-list\">\n<li>Aufbewahrungsfristen<\/li>\n<\/ol>\n\n<p class=\"max-w-7xl mx-auto px-6 lg:px-8\">Wir bewahren personenbezogene Daten nicht l\u00e4nger auf, als es f\u00fcr den Zweck, f\u00fcr den sie erhoben wurden, notwendig ist.<\/p>\n\n<p class=\"max-w-7xl mx-auto px-6 lg:px-8\">Im Allgemeinen wenden wir die folgenden Aufbewahrungsfristen an:<\/p>\n\n<p class=\"max-w-7xl mx-auto px-6 lg:px-8\">- Bestell- und Rechnungsdaten: mindestens 7 Jahre (steuerliche Aufbewahrungspflicht)<br\/>- Kontaktanfragen: maximal 2 Jahre<br\/>- Kundendaten: so lange wie f\u00fcr Service- und Garantiezwecke erforderlich<\/p>\n\n<ol start=\"6\" class=\"max-w-7xl mx-auto px-6 lg:px-8 wp-block-list\">\n<li>Weitergabe personenbezogener Daten an Dritte<\/li>\n<\/ol>\n\n<p class=\"max-w-7xl mx-auto px-6 lg:px-8\">Wir geben personenbezogene Daten nur dann an Dritte weiter, wenn dies f\u00fcr unsere Dienstleistungen erforderlich ist oder wenn wir gesetzlich dazu verpflichtet sind.<\/p>\n\n<p class=\"max-w-7xl mx-auto px-6 lg:px-8\">Das kann zum Beispiel bei:<\/p>\n\n<p class=\"max-w-7xl mx-auto px-6 lg:px-8\">- Lieferdienste<br\/>- Zahlungsanbieter (wie Klarna, PayPal, Kreditkartenunternehmen)<br\/>- IT-Dienstleister und Hosting-Parteien<br\/>- Parteien, die unsere Website analysieren oder verbessern<br\/>- Trusted Shops f\u00fcr Kundenrezensionen und K\u00e4uferschutz<\/p>\n\n<p class=\"max-w-7xl mx-auto px-6 lg:px-8\">Wir schlie\u00dfen Verarbeitungsvereinbarungen mit Unternehmen, die deine Daten in unserem Auftrag verarbeiten, um deine Privatsph\u00e4re zu gew\u00e4hrleisten.<\/p>\n\n<ol start=\"7\" class=\"max-w-7xl mx-auto px-6 lg:px-8 wp-block-list\">\n<li>Cookies und Website-Nutzung<\/li>\n<\/ol>\n\n<p class=\"max-w-7xl mx-auto px-6 lg:px-8\">Unsere Website verwendet Cookies und \u00e4hnliche Techniken, damit die Website ordnungsgem\u00e4\u00df funktioniert und um Einblicke in die Nutzung der Website zu erhalten.<\/p>\n\n<p class=\"max-w-7xl mx-auto px-6 lg:px-8\">Bei deinem ersten Besuch auf unserer Website kannst du \u00fcber unser Cookie-Tool angeben, welche Cookies du akzeptieren m\u00f6chtest. Weitere Informationen dazu findest du in unserer Cookie-Erkl\u00e4rung. <\/p>\n\n<ol start=\"8\" class=\"max-w-7xl mx-auto px-6 lg:px-8 wp-block-list\">\n<li>Daten von Minderj\u00e4hrigen<\/li>\n<\/ol>\n\n<p class=\"max-w-7xl mx-auto px-6 lg:px-8\">Unsere Website und unsere Dienste richten sich nicht an Personen unter 16 Jahren ohne die Zustimmung der Eltern oder Erziehungsberechtigten.<\/p>\n\n<p class=\"max-w-7xl mx-auto px-6 lg:px-8\">Wenn du glaubst, dass wir personenbezogene Daten eines Minderj\u00e4hrigen ohne Zustimmung gesammelt haben, kontaktiere uns bitte unter <a>info@specialspex.com.<\/a> Wir werden diese Daten so schnell wie m\u00f6glich l\u00f6schen. <\/p>\n\n<ol start=\"9\" class=\"max-w-7xl mx-auto px-6 lg:px-8 wp-block-list\">\n<li>Sicherheit pers\u00f6nlicher Daten<\/li>\n<\/ol>\n\n<p class=\"max-w-7xl mx-auto px-6 lg:px-8\">Special Eyewear B.V. ergreift geeignete technische und organisatorische Ma\u00dfnahmen, um personenbezogene Daten vor Verlust, Missbrauch oder unberechtigtem Zugriff zu sch\u00fctzen.<\/p>\n\n<p class=\"max-w-7xl mx-auto px-6 lg:px-8\">Wenn du den Verdacht hast, dass deine Daten nicht richtig gesichert sind oder missbraucht werden, kontaktiere uns bitte umgehend unter <a>info@specialspex.com.<\/a><\/p>\n\n<ol start=\"10\" class=\"max-w-7xl mx-auto px-6 lg:px-8 wp-block-list\">\n<li>Deine Rechte<\/li>\n<\/ol>\n\n<p class=\"max-w-7xl mx-auto px-6 lg:px-8\">Du hast das Recht dazu:<\/p>\n\n<p class=\"max-w-7xl mx-auto px-6 lg:px-8\">- deine pers\u00f6nlichen Daten einsehen<br\/>- deine Daten korrigieren lassen<br\/>- deine Daten l\u00f6schen lassen<br\/>- die Verarbeitung deiner Daten einschr\u00e4nken<br\/>- der Verarbeitung widersprechen<br\/>- deine Daten \u00fcbertragen lassen (Datenportabilit\u00e4t)<\/p>\n\n<p class=\"max-w-7xl mx-auto px-6 lg:px-8\">Eine Anfrage kann an <a>info@specialspex.com gesendet werden .<\/a><\/p>\n\n<p class=\"max-w-7xl mx-auto px-6 lg:px-8\">Wir werden so schnell wie m\u00f6glich antworten, sp\u00e4testens aber innerhalb eines Monats.<\/p>\n\n<ol start=\"11\" class=\"max-w-7xl mx-auto px-6 lg:px-8 wp-block-list\">\n<li>Reklamationen<\/li>\n<\/ol>\n\n<p class=\"max-w-7xl mx-auto px-6 lg:px-8\">Hast du eine Beschwerde dar\u00fcber, wie wir mit deinen pers\u00f6nlichen Daten umgehen? Wenn ja, kontaktiere uns bitte zuerst unter <a>info@specialspex.com.<\/a> <\/p>\n\n<p class=\"max-w-7xl mx-auto px-6 lg:px-8\">Dar\u00fcber hinaus hast du das Recht, eine Beschwerde bei der Beh\u00f6rde f\u00fcr personenbezogene Daten einzureichen:<br\/><a>www.autoriteitpersoonsgegevens.nl<\/a><\/p>\n\n<ol start=\"12\" class=\"max-w-7xl mx-auto px-6 lg:px-8 wp-block-list\">\n<li>\u00c4nderungen<\/li>\n<\/ol>\n\n<p class=\"max-w-7xl mx-auto px-6 lg:px-8\">Special Eyewear B.V. kann diese Datenschutzerkl\u00e4rung bei Bedarf \u00e4ndern, z. B. im Falle von \u00c4nderungen der Gesetzgebung oder unserer Dienstleistungen. Die aktuellste Version ist immer auf unserer Website zu finden. <\/p>\n\n<ol start=\"13\" class=\"max-w-7xl mx-auto px-6 lg:px-8 wp-block-list\">\n<li>\u00dcbertragung von personenbezogenen Daten au\u00dferhalb der EU<\/li>\n<\/ol>\n\n<p class=\"max-w-7xl mx-auto px-6 lg:px-8\">In einigen F\u00e4llen k\u00f6nnen personenbezogene Daten von Parteien mit Sitz au\u00dferhalb des Europ\u00e4ischen Wirtschaftsraums (EWR) verarbeitet werden, z. B. wenn wir internationale Softwaredienste nutzen.<\/p>\n\n<p class=\"max-w-7xl mx-auto px-6 lg:px-8\">Wenn personenbezogene Daten au\u00dferhalb des EWR verarbeitet werden, stellen wir sicher, dass dies in \u00dcbereinstimmung mit den geltenden Datenschutzgesetzen geschieht. Dies geschieht z. B. durch die Verwendung von: <\/p>\n\n<p class=\"max-w-7xl mx-auto px-6 lg:px-8\">- Angemessenheitsbeschl\u00fcsse der Europ\u00e4ischen Kommission<br\/>- Standardvertragsklauseln<br\/>- andere geeignete Schutzma\u00dfnahmen, die mit dem AVG \u00fcbereinstimmen<\/p>\n\n<p class=\"max-w-7xl mx-auto px-6 lg:px-8\">So ist sichergestellt, dass deine pers\u00f6nlichen Daten auch au\u00dferhalb der EU gut gesch\u00fctzt sind.<\/p>\n\n<ol start=\"14\" class=\"max-w-7xl mx-auto px-6 lg:px-8 wp-block-list\">\n<li>Automatisierte Entscheidungsfindung<\/li>\n<\/ol>\n\n<p class=\"max-w-7xl mx-auto px-6 lg:px-8\">Special Eyewear B.V. trifft keine Entscheidungen, die auf einer vollautomatischen Verarbeitung basieren und erhebliche Auswirkungen auf Einzelpersonen haben k\u00f6nnten.<\/p>\n\n<p class=\"max-w-7xl mx-auto px-6 lg:px-8\">Das bedeutet, dass Entscheidungen, die dich als Kundin oder Kunde betreffen, immer von einer Mitarbeiterin oder einem Mitarbeiter \u00fcberpr\u00fcft werden und nicht nur von einem automatisierten System.<\/p>\n\n<ol start=\"15\" class=\"max-w-7xl mx-auto px-6 lg:px-8 wp-block-list\">\n<li>Marketing und Kommunikation<\/li>\n<\/ol>\n\n<p class=\"max-w-7xl mx-auto px-6 lg:px-8\">Wir verwenden deine personenbezogenen Daten nur dann f\u00fcr Marketingzwecke, wenn du deine Zustimmung gegeben hast oder wenn dies gesetzlich erlaubt ist.<\/p>\n\n<p class=\"max-w-7xl mx-auto px-6 lg:px-8\">Du kannst Marketingmitteilungen jederzeit abbestellen, zum Beispiel \u00fcber den Abmeldelink in einer E-Mail oder indem du uns unter <a>info@specialspex.com kontaktierst .<\/a><\/p>\n","protected":false},"excerpt":{"rendered":"<p>Datenschutzerkl\u00e4rung - Special Eyewear B.V.Letzte Aktualisierung: 13. M\u00e4rz 2026 Special Eyewear B.V. verpflichtet sich, deine pers\u00f6nlichen Daten zu sch\u00fctzen. In dieser Datenschutzerkl\u00e4rung erkl\u00e4ren wir, welche Daten wir sammeln, warum wir sie verarbeiten und wie wir mit ihnen umgehen. Special Eyewear B.V. verarbeitet personenbezogene Daten in \u00dcbereinstimmung mit der Allgemeinen Datenschutzverordnung (AVG). Special Eyewear B.V.Hogewoerd 1152311 &hellip; <a href=\"https:\/\/specialspex.artitex.dev\/de\/erklaerung-zum-datenschutz\/\">Fortsetzung<\/a><\/p>\n","protected":false},"author":1,"featured_media":0,"parent":0,"menu_order":0,"comment_status":"closed","ping_status":"closed","template":"","meta":{"footnotes":""},"class_list":["post-74197","page","type-page","status-publish","hentry"],"_links":{"self":[{"href":"https:\/\/specialspex.artitex.dev\/de\/wp-json\/wp\/v2\/pages\/74197","targetHints":{"allow":["GET"]}}],"collection":[{"href":"https:\/\/specialspex.artitex.dev\/de\/wp-json\/wp\/v2\/pages"}],"about":[{"href":"https:\/\/specialspex.artitex.dev\/de\/wp-json\/wp\/v2\/types\/page"}],"author":[{"embeddable":true,"href":"https:\/\/specialspex.artitex.dev\/de\/wp-json\/wp\/v2\/users\/1"}],"replies":[{"embeddable":true,"href":"https:\/\/specialspex.artitex.dev\/de\/wp-json\/wp\/v2\/comments?post=74197"}],"version-history":[{"count":1,"href":"https:\/\/specialspex.artitex.dev\/de\/wp-json\/wp\/v2\/pages\/74197\/revisions"}],"predecessor-version":[{"id":74200,"href":"https:\/\/specialspex.artitex.dev\/de\/wp-json\/wp\/v2\/pages\/74197\/revisions\/74200"}],"wp:attachment":[{"href":"https:\/\/specialspex.artitex.dev\/de\/wp-json\/wp\/v2\/media?parent=74197"}],"curies":[{"name":"wp","href":"https:\/\/api.w.org\/{rel}","templated":true}]}}