{"id":74310,"date":"2025-08-20T00:08:45","date_gmt":"2025-08-19T22:08:45","guid":{"rendered":"https:\/\/specialspex.artitex.dev\/specialspex-in-den-medien\/"},"modified":"2026-03-25T13:32:55","modified_gmt":"2026-03-25T12:32:55","slug":"specialspex-in-den-medien","status":"publish","type":"page","link":"https:\/\/specialspex.artitex.dev\/de\/specialspex-in-den-medien\/","title":{"rendered":"SpecialSpex in den Medien"},"content":{"rendered":"\n<figure class=\"max-w-7xl mx-auto px-6 lg:px-8 wp-block-image size-full w-full\"><img loading=\"lazy\" decoding=\"async\" width=\"1140\" height=\"400\" src=\"https:\/\/specialspex.artitex.dev\/wp-content\/uploads\/2025\/08\/image.png\" alt=\"- Spezialspex\" class=\"wp-image-7188\" title=\"\" srcset=\"https:\/\/specialspex.artitex.dev\/wp-content\/uploads\/2025\/08\/image.png 1140w, https:\/\/specialspex.artitex.dev\/wp-content\/uploads\/2025\/08\/image-300x105.png 300w, https:\/\/specialspex.artitex.dev\/wp-content\/uploads\/2025\/08\/image-1024x359.png 1024w, https:\/\/specialspex.artitex.dev\/wp-content\/uploads\/2025\/08\/image-768x269.png 768w, https:\/\/specialspex.artitex.dev\/wp-content\/uploads\/2025\/08\/image-600x211.png 600w\" sizes=\"auto, (max-width: 1140px) 100vw, 1140px\" \/><\/figure>\n\n<div style=\"height:10px\" aria-hidden=\"true\" class=\"wp-block-spacer\"><\/div>\n\n<p class=\"max-w-7xl mx-auto px-6 lg:px-8\"><\/p>\n\n<div style=\"height:0px\" aria-hidden=\"true\" class=\"wp-block-spacer\"><\/div>\n\n<div class=\"max-w-7xl mx-auto px-6 lg:px-8 wp-block-group is-layout-constrained wp-block-group-is-layout-constrained\">\n<h5 class=\"max-w-7xl mx-auto px-6 lg:px-8 wp-block-heading\"><a href=\"https:\/\/specialspex.artitex.dev\/wp-content\/uploads\/2025\/06\/Padel-2025.pdf\" target=\"_blank\" rel=\"noreferrer noopener\"><strong>Specialspex erscheint regelm\u00e4\u00dfig in den Nachrichten. Lies hier einige der ver\u00f6ffentlichten Artikel: <\/strong><\/a><\/h5>\n\n\n\n<div style=\"height:25px\" aria-hidden=\"true\" class=\"wp-block-spacer\"><\/div>\n\n\n\n<h5 class=\"max-w-7xl mx-auto px-6 lg:px-8 wp-block-heading\"><strong><a href=\"https:\/\/specialspex.com\/wp-content\/uploads\/2025\/06\/Padel-2025.pdf\" target=\"_blank\" rel=\"noreferrer noopener nofollow\">VALHALLA F\u00dcR SPORTBRILLEN<\/a><\/strong><\/h5>\n\n\n\n<p class=\"max-w-7xl mx-auto px-6 lg:px-8 has-emerald-500-color has-text-color has-link-color wp-elements-0dae919eb61d14b9499559a9452a53b2\"><strong>Padel 2025<\/strong><\/p>\n\n\n\n<p class=\"max-w-7xl mx-auto px-6 lg:px-8\">Padel im Freien zu spielen ist wunderbar, aber untersch\u00e4tzt nicht das Risiko von Augenverletzungen. Ein Padelball, der dein Auge oder deine Brille trifft, passiert \u00f6fter, als du denkst. Zum Gl\u00fcck gibt es Padelbrillen, die deine Augen sch\u00fctzen und optimale Sicht bieten, auch mit einer Sehhilfe.  <\/p>\n\n\n\n<h5 class=\"max-w-7xl mx-auto px-6 lg:px-8 wp-block-heading\"><strong><a href=\"https:\/\/specialspex.artitex.dev\/wp-content\/uploads\/2025\/01\/Specialspex-Wintersport-Magazine-5-oplossingen-voor-de-wintersportende-brildragers.pdf\" target=\"_blank\" rel=\"noreferrer noopener\">F\u00dcNF L\u00d6SUNGEN F\u00dcR WINTERSPORTBRILLENTR\u00c4GER<\/a><\/strong><\/h5>\n\n\n\n<p class=\"max-w-7xl mx-auto px-6 lg:px-8 has-emerald-500-color has-text-color has-link-color wp-elements-1d40c15181630213741c1689e0df07d8\"><strong>Wintersport-Magazin<\/strong><\/p>\n\n\n\n<p class=\"max-w-7xl mx-auto px-6 lg:px-8\">Gutes Sehen ist wichtig f\u00fcr sicheren und angenehmen Wintersport. Leider hat nicht jeder perfekte Augen: 62 Prozent der Niederl\u00e4nderinnen und Niederl\u00e4nder \u00fcber 4 Jahren tragen eine Brille oder Kontaktlinsen. Brillentr\u00e4ger und Redakteur Rogier van Rijn teilt als Experte seine Ansichten \u00fcber das aktuelle Marktangebot.  <\/p>\n\n\n\n<h5 class=\"max-w-7xl mx-auto px-6 lg:px-8 wp-block-heading\"><strong><a href=\"https:\/\/specialspex.artitex.dev\/wp-content\/uploads\/2024\/05\/122_RIDE2402_Julbo_AvV.pdf\" target=\"_blank\" rel=\"noreferrer noopener\">MASSGESCHNEIDERTE BRILLEN<\/a><\/strong><\/h5>\n\n\n\n<p class=\"max-w-7xl mx-auto px-6 lg:px-8 has-emerald-500-color has-text-color has-link-color wp-elements-82ebe5f9ac689f717875dd9b4b771739\"><strong>Ride Magazin<\/strong><\/p>\n\n\n\n<p class=\"max-w-7xl mx-auto px-6 lg:px-8\">Sind die Zahlen auf deinem Fahrradcomputer unleserlich? \u00dcbersiehst du beim Schottern manchmal eine Baumwurzel? Dann lassen dich deine Augen vielleicht im Stich. SpecialSpex in Leiden und die franz\u00f6sische Brillenmarke Julbo haben gemeinsam die perfekte L\u00f6sung f\u00fcr dich.   <\/p>\n\n\n\n<h5 class=\"max-w-7xl mx-auto px-6 lg:px-8 wp-block-heading\"><strong><a href=\"https:\/\/specialspex.artitex.dev\/wp-content\/uploads\/2024\/05\/EYNL-2024.pdf\" target=\"_blank\" rel=\"noreferrer noopener\">WALHALLA F\u00dcR SPORTLER<\/a><\/strong><\/h5>\n\n\n\n<p class=\"max-w-7xl mx-auto px-6 lg:px-8 has-emerald-500-color has-text-color has-link-color wp-elements-7931c811add4492aa739ff89d3046ba3\"><strong>Augenlinie<\/strong><\/p>\n\n\n\n<p class=\"max-w-7xl mx-auto px-6 lg:px-8\">Wenn du im Zentrum von Leiden an der Hogewoerd 115 vorbeikommst, denkst du als Erstes an ein neues, sch\u00f6n eingerichtetes Optikergesch\u00e4ft. Was sofort auff\u00e4llt, ist die gro\u00dfe Auswahl an Motorradbrillen, Fahrradbrillen, Schutzbrillen und Sonnenbrillen f\u00fcr buchst\u00e4blich jede Sportart. <\/p>\n\n\n\n<h5 class=\"max-w-7xl mx-auto px-6 lg:px-8 wp-block-heading\"><strong><a href=\"https:\/\/specialspex.artitex.dev\/wp-content\/uploads\/2024\/06\/MAGazine-187-Specialspex.pdf\" target=\"_blank\" rel=\"noreferrer noopener\">KORREKTURGL\u00c4SER<\/a><\/strong><\/h5>\n\n\n\n<p class=\"max-w-7xl mx-auto px-6 lg:px-8 has-emerald-500-color has-text-color has-link-color wp-elements-116ca80a05a3509843b07b0485ad6248\"><strong>MAG<\/strong><\/p>\n\n\n\n<p class=\"max-w-7xl mx-auto px-6 lg:px-8\">Die meisten Motorradfahrer, die eine Brille tragen, fahren mit ihrer normalen Brille durch den Verkehr. Ist das m\u00f6glich? Ja, nat\u00fcrlich ist das m\u00f6glich. Aber es kann auch schiefgehen und zu tr\u00e4nenden Augen oder Schlimmerem f\u00fchren. Eine Motorradbrille mit Sehst\u00e4rke verhindert das - und deine normale Brille h\u00e4lt l\u00e4nger. Bei Specialspex kennt man sich damit aus.     <\/p>\n\n\n\n<h5 class=\"max-w-7xl mx-auto px-6 lg:px-8 wp-block-heading\"><strong><a href=\"https:\/\/golfersmagazine.nl\/artikel\/499841\/hier-moet-je-op-letten-als-je-een-golfzonnebril-zoekt\" target=\"_blank\" rel=\"noreferrer noopener nofollow\">HIER IST, WORAUF DU BEI DER SUCHE NACH EINER GOLFSONNENBRILLE ACHTEN SOLLTEST<\/a><\/strong><\/h5>\n\n\n\n<p class=\"max-w-7xl mx-auto px-6 lg:px-8 has-emerald-500-color has-text-color has-link-color wp-elements-2c6363036347bc0be40c3023e73bbffd\"><strong>Golfersmagazine.co.uk<\/strong><\/p>\n\n\n\n<p class=\"max-w-7xl mx-auto px-6 lg:px-8\">Schl\u00e4ger, Taschen, Kleidung, Schuhe, Trolleys: Wir orientieren uns in der Regel gut, bevor wir etwas kaufen. Aber in einen anderen wichtigen Teil der Ausr\u00fcstung, der eigentlich zur Standardausr\u00fcstung geh\u00f6ren sollte, wird bemerkenswert wenig investiert. Hast du schon eine Golfsonnenbrille?  <\/p>\n\n\n\n<h5 class=\"max-w-7xl mx-auto px-6 lg:px-8 wp-block-heading\"><strong><a href=\"https:\/\/www.hrdlpn.nl\/sportbril\/op-sterkte\/specialspex-review\/\" target=\"_blank\" rel=\"noreferrer noopener nofollow\">SPECIALSPEX SPORTBRILLE KAUFEN BEWERTUNG<\/a><\/strong><\/h5>\n\n\n\n<p class=\"max-w-7xl mx-auto px-6 lg:px-8 has-emerald-500-color has-text-color has-link-color wp-elements-0cc6b64d07057c4b3444af17be313f05\"><strong>hrdlpn.co.uk<\/strong><\/p>\n\n\n\n<p class=\"max-w-7xl mx-auto px-6 lg:px-8\">In diesem Specialspex Testbericht erf\u00e4hrst du, ob die verschreibungspflichtigen Sportbrillen von Specialspex auch der Erfahrung standhalten. Wie meine Erfahrungen mit Specialspex sind, kannst du auch von anderen Kunden\/Nutzern erfahren, was sie von Specialspex Sonnenbrillen f\u00fcr Radfahren, Laufen und andere Sportarten halten. <\/p>\n\n\n\n<h5 class=\"max-w-7xl mx-auto px-6 lg:px-8 wp-block-heading\"><strong><a href=\"https:\/\/www.theoutdoors.nl\/sportbril-op-sterkte\/\" target=\"_blank\" rel=\"noreferrer noopener nofollow\">SPORTBRILLEN MIT SEHST\u00c4RKE, WIE FUNKTIONIEREN SIE UND WAS IST DIE BESTE WAHL?<\/a><\/strong><\/h5>\n\n\n\n<p class=\"max-w-7xl mx-auto px-6 lg:px-8 has-emerald-500-color has-text-color has-link-color wp-elements-7fb74ce5a4fd20ebf3d87f8d7c49ac6f\"><strong>Die Au\u00dfenwelt<\/strong><\/p>\n\n\n\n<p class=\"max-w-7xl mx-auto px-6 lg:px-8\">Die Brillentr\u00e4ger unter uns verstehen zweifellos die Frustration, wenn du mit eingeschr\u00e4nkter Sehkraft Sport treiben willst. Wir haben ein wenig recherchiert und bei SpecialSpex eine Skibrille und eine Bergsportbrille auf Rezept messen lassen. <\/p>\n\n\n\n<h5 class=\"max-w-7xl mx-auto px-6 lg:px-8 wp-block-heading\"><strong><a href=\"https:\/\/www.wielertochten.nl\/blog\/veel-fietsbrillen-in-nieuwe-sportbrillenwinkel-specialspex\/\" target=\"_blank\" rel=\"noreferrer noopener nofollow\">VIELE FAHRRADBRILLEN IM NEUEN SPORTBRILLENLADEN<\/a><\/strong><\/h5>\n\n\n\n<p class=\"max-w-7xl mx-auto px-6 lg:px-8 has-emerald-500-color has-text-color has-link-color wp-elements-ec1eb5fe993cdf85995f7c49c8298901\"><strong>Radtouren.de<\/strong><\/p>\n\n\n\n<p class=\"max-w-7xl mx-auto px-6 lg:px-8\">Unter dem Motto &#8222;Die richtige Brille f\u00fcr jeden Zweck&#8220; \u00f6ffnet SpecialSpex am 02.09.2024 die T\u00fcren seines neuen Showrooms in Leiden. Dieser Optiker ist weit davon entfernt, gew\u00f6hnlich zu sein, und hat sich auf Brillen f\u00fcr bestimmte Aktivit\u00e4ten spezialisiert. Das Sortiment umfasst die gr\u00f6\u00dfte Kollektion an Sportbrillen, Motorradbrillen und verschreibungspflichtigen Sicherheitsbrillen in den Benelux-L\u00e4ndern.  <\/p>\n\n\n\n<h5 class=\"max-w-7xl mx-auto px-6 lg:px-8 wp-block-heading\"><strong><a href=\"https:\/\/www.motor.nl\/nieuws\/specialspex-opent-grootste-showroom-van-de-benelux-voor-motorbrillen-op-sterkte\/\" target=\"_blank\" rel=\"noreferrer noopener nofollow\">SPECIALSPEX ER\u00d6FFNET DEN GR\u00d6SSTEN SHOWROOM F\u00dcR MOTORRADBRILLEN IN DEN BENELUX-L\u00c4NDERN<\/a><\/strong><\/h5>\n\n\n\n<p class=\"max-w-7xl mx-auto px-6 lg:px-8 has-emerald-500-color has-text-color has-link-color wp-elements-33cf42ae7154ae3081e344dfdd90917f\"><strong>Motor.co.uk<\/strong><\/p>\n\n\n\n<p class=\"max-w-7xl mx-auto px-6 lg:px-8\">&#8222;F\u00fcr jeden Zweck die richtige Brille&#8220;; das ist das Motto von SpecialSpex, einem Spezialbrillenoptiker in Leiden, der am 02.09.2024 die T\u00fcren seines neuen Showrooms in Leiden \u00f6ffnen wird. SpecialSpex ist kein gew\u00f6hnlicher Optiker. Sie stellen vor allem Brillen f\u00fcr bestimmte Momente des Gebrauchs her. Sie haben zum Beispiel die gr\u00f6\u00dfte Kollektion von Sportbrillen, Motorradbrillen und Sicherheitsbrillen in den Beneluxl\u00e4ndern, die auf Rezept angefertigt werden k\u00f6nnen.   <\/p>\n\n\n\n<h5 class=\"max-w-7xl mx-auto px-6 lg:px-8 wp-block-heading\"><strong><a href=\"https:\/\/www.theoutdoors.nl\/skibril-op-sterkte-review\/\" target=\"_blank\" rel=\"noreferrer noopener nofollow\">SKIBRILLEN MIT SEHST\u00c4RKE: SIND SIE NOTWENDIG? WO KANN MAN SIE KAUFEN? UND WIE FINDEST DU SIE?  <\/a><\/strong><\/h5>\n\n\n\n<p class=\"max-w-7xl mx-auto px-6 lg:px-8 has-emerald-500-color has-text-color has-link-color wp-elements-7fb74ce5a4fd20ebf3d87f8d7c49ac6f\"><strong>Die Au\u00dfenwelt<\/strong><\/p>\n\n\n\n<p class=\"max-w-7xl mx-auto px-6 lg:px-8\">Wenn du, wie ich, ein begeisterter Skifahrer (oder Snowboarder) bist, dann wei\u00dft du, dass du beim Wintersport nicht auf eine Brille mit einem guten UV-Filter verzichten kannst. Denn die Reflexion des Lichts auf dem Schnee ist so intensiv, dass du ohne sie schneeblind werden kannst. Zum Gl\u00fcck findest du in Gesch\u00e4ften und online mehr als genug Sonnenbrillen und Wintersportbrillen. Aber was ist, wenn du im Alltag eine Korrektionsbrille tr\u00e4gst?   <\/p>\n\n\n\n<h5 class=\"max-w-7xl mx-auto px-6 lg:px-8 wp-block-heading\"><strong><a href=\"https:\/\/www.thebike.nl\/fietsbril-op-sterkte\/\" target=\"_blank\" rel=\"noreferrer noopener nofollow\">SETZE EINE FAHRRADBRILLE MIT SEHST\u00c4RKE GANZ OBEN AUF DEINEN WUNSCHZETTEL<\/a><\/strong><\/h5>\n\n\n\n<p class=\"max-w-7xl mx-auto px-6 lg:px-8 has-emerald-500-color has-text-color has-link-color wp-elements-bfab1436db5a41c484bbde876d6d00fd\"><strong>Das Fahrrad<\/strong><\/p>\n\n\n\n<p class=\"max-w-7xl mx-auto px-6 lg:px-8\">Kennst du diesen Drang, neue Teile, Werkzeuge, Kleidung oder sogar ein neues Fahrrad zu kaufen? Eine neue Fahrradbrille steht normalerweise ziemlich weit unten auf deiner Wunschliste. Ganz zu schweigen von einer verschreibungspflichtigen Radbrille. Das ist eigentlich ziemlich seltsam, da ich im Alltag eine Brille trage und beim Radfahren oft Linsen verwende, was ziemlich unbequem sein kann. Zum Gl\u00fcck bin ich auf <a href=\"https:\/\/specialspex.com\/algemeen\/?tt=35114_12_453149_fietsbrilopsterkte&amp;r=%2F\" target=\"_blank\" rel=\"noreferrer noopener nofollow\">SpecialSpex<\/a> aufmerksam geworden und habe mich entschlossen, eine Fahrradbrille auf Rezept \u00fcber deren Website zu bestellen.    <\/p>\n\n\n\n<h5 class=\"max-w-7xl mx-auto px-6 lg:px-8 wp-block-heading\"><a href=\"https:\/\/gravelritten.nl\/2023\/10\/12\/de-julbo-zonnebril-op-sterkte\/\" target=\"_blank\" rel=\"noreferrer noopener nofollow\"><strong>DER JULBO ULTIMATIV IN ST\u00c4RKE<\/strong><\/a><\/h5>\n\n\n\n<p class=\"max-w-7xl mx-auto px-6 lg:px-8 has-emerald-500-color has-text-color has-link-color wp-elements-6de7917f2c97d297e1b18a1386273b1a\"><strong>Schotterpisten.co.uk<\/strong><\/p>\n\n\n\n<p class=\"max-w-7xl mx-auto px-6 lg:px-8\">Seit 2 Jahren fahre ich mit einem Inlay-Clip, der zu vielen Julbo-Sonnenbrillenmodellen passt. Eine ideale Erfindung f\u00fcr Brillentr\u00e4ger. Er l\u00e4sst sich einfach in deine Brille einklipsen und ist nicht unbedingt teuer. Ich trage nicht gerne Brillengl\u00e4ser und das war die ideale M\u00f6glichkeit, ohne Gl\u00e4ser zu radeln und gleichzeitig eine Sonnenbrille zu tragen. Zeit also f\u00fcr eine Sonnenbrille mit Sehst\u00e4rke.    <\/p>\n\n\n\n<h5 class=\"max-w-7xl mx-auto px-6 lg:px-8 wp-block-heading\"><a href=\"https:\/\/rijdmotor.nl\/review-specialspex-motorbril-op-sterkte\/\" target=\"_blank\" rel=\"noreferrer noopener nofollow\"><strong>REVIEW SPECIALSPEX VERSCHREIBUNGSPFLICHTIGE MOTORRADBRILLE<\/strong><\/a><\/h5>\n\n\n\n<p class=\"max-w-7xl mx-auto px-6 lg:px-8 has-emerald-500-color has-text-color has-link-color wp-elements-8c5f2bc4ad8d64ca3693da05ff9f2d26\"><strong>Drivingmotor.co.uk<\/strong><\/p>\n\n\n\n<p class=\"max-w-7xl mx-auto px-6 lg:px-8\">Bist du ein brillentragender Motorradfahrer? Wenn ja, hattest du wahrscheinlich schon einmal das Problem, dass die Brille nicht richtig auf deinem Gesicht sitzt. Dabei ist das beim Motorradfahren so wichtig. Die Specialspex Volz ist eine verschreibungspflichtige Motorradbrille, die an ihrem Platz bleibt. Mit einer solchen Korrektionsbrille kannst du sicher und bequem Motorrad fahren.    <\/p>\n\n\n\n<h5 class=\"max-w-7xl mx-auto px-6 lg:px-8 wp-block-heading\"><a href=\"https:\/\/www.wintersport.nl\/weblog\/17\/01\/2023\/getest-skibrillen-voor-brildragers\" target=\"_blank\" rel=\"noreferrer noopener nofollow\"><strong>GETESTET: SKIBRILLE F\u00dcR BRILLENTR\u00c4GERINNEN UND BRILLENTR\u00c4GER<\/strong><\/a><\/h5>\n\n\n\n<p class=\"max-w-7xl mx-auto px-6 lg:px-8 has-emerald-500-color has-text-color has-link-color wp-elements-18965d504a21451b6746856ae618ffa5\"><strong>Wintersport.co.uk<\/strong><\/p>\n\n\n\n<p class=\"max-w-7xl mx-auto px-6 lg:px-8\">Fast 60 Prozent aller Niederl\u00e4nder und Belgier tragen eine Brille oder Kontaktlinsen. Das bedeutet, dass viele Menschen eine L\u00f6sung f\u00fcr ihre Skibrille brauchen. Hier ist der neue Test mit allen Optionen f\u00fcr Brillentr\u00e4gerinnen und Brillentr\u00e4ger anno 2023!  <\/p>\n\n\n\n<h5 class=\"max-w-7xl mx-auto px-6 lg:px-8 wp-block-heading\"><a href=\"https:\/\/www.wielerflits.nl\/materiaalzone\/review-specialspex-betaalbare-fietsbrillen-op-sterkte\/\" target=\"_blank\" rel=\"noreferrer noopener nofollow\"><strong>TESTBERICHT: SPECIALSPEX, ERSCHWINGLICHE VERSCHREIBUNGSPFLICHTIGE RADBRILLE<\/strong><\/a><\/h5>\n\n\n\n<p class=\"max-w-7xl mx-auto px-6 lg:px-8 has-emerald-500-color has-text-color has-link-color wp-elements-eda3183768dc8569cac841ea558682f8\"><strong>Wielerflits<\/strong><\/p>\n\n\n\n<p class=\"max-w-7xl mx-auto px-6 lg:px-8\">Eine Fahrradbrille mit Korrekturgl\u00e4sern ist die L\u00f6sung f\u00fcr alle, die eine Fahrradbrille tragen. Du musst nicht mehr zwischen deiner Freizeit-Sonnenbrille und deiner Tagesbrille hin- und herschwanken, um deine normale Radbrille f\u00fcr eine kurze Abendtour aufzusetzen. Die L\u00f6sung f\u00fcr dieses &#8222;Dilemma&#8220; ist eine verschreibungspflichtige Radbrille. SpecialSpex hilft dir, die richtige und g\u00fcnstige Radbrille online zu finden.   <\/p>\n\n\n\n<h5 class=\"max-w-7xl mx-auto px-6 lg:px-8 wp-block-heading\"><a href=\"https:\/\/wielerverhaal.com\/2022\/07\/18\/alle-mogelijkheden-voor-een-fietsbril-op-sterkte-dure-en-minder-dure-technieken-uitgelicht\/\" target=\"_blank\" rel=\"noreferrer noopener nofollow\"><strong>ALLE OPTIONEN F\u00dcR VERSCHREIBUNGSPFLICHTIGE FAHRRADBRILLEN<\/strong><\/a><\/h5>\n\n\n\n<p class=\"max-w-7xl mx-auto px-6 lg:px-8 has-emerald-500-color has-text-color has-link-color wp-elements-c33cf9edd72b5d5970739e02b87acbec\"><strong>Radfahren Geschichte<\/strong><\/p>\n\n\n\n<p class=\"max-w-7xl mx-auto px-6 lg:px-8\">Kurzsichtigkeit und Alter (sprich: zu wenig Elastizit\u00e4t der Linse) zwingen viele Radfahrer unter uns dazu, eine Gleitsichtbrille zu benutzen. Jahrelang haben wir uns mit normalen Korrektionsbrillen begn\u00fcgt, aber bei starkem Sonnenschein wird es mit zugekniffenen Augen etwas schwieriger. Mit hoher Geschwindigkeit einen Berg hinunter zu rasen, f\u00fchrt dann garantiert zu l\u00e4stigen Verwirbelungen und damit zu ein paar Tr\u00e4nen. Eine gew\u00f6hnliche Sonnenbrille reicht nicht mehr aus, um die Buchstaben auf deinem Fahrradcomputer zu lesen. Aber welche M\u00f6glichkeiten gibt es f\u00fcr eine verschreibungspflichtige Radbrille?    <\/p>\n\n\n\n<h5 class=\"max-w-7xl mx-auto px-6 lg:px-8 wp-block-heading\"><a href=\"https:\/\/specialspex.artitex.dev\/wp-content\/uploads\/2024\/06\/Ski-mag3-2021v12.pdf\" target=\"_blank\" rel=\"noreferrer noopener\"><strong>WINTERSPORT MIT BRILLE, KNIFFLIG? JETZT NICHT MEHR! <\/strong><\/a><\/h5>\n\n\n\n<p class=\"max-w-7xl mx-auto px-6 lg:px-8 has-emerald-500-color has-text-color has-link-color wp-elements-765dcfebfc25629e21b566dac9495973\"><strong><strong>Ski.co.uk<\/strong><\/strong><\/p>\n\n\n\n<p class=\"max-w-7xl mx-auto px-6 lg:px-8\">Es muss irgendwann in den fr\u00fchen 1980er Jahren gewesen sein. Meine Wenigkeit kam gegen Feierabend aus der Pinzgauer Kanne, dem damaligen Vergn\u00fcgungslokal von Neukirchen am Gro\u00dfvenediger. Es wurde ausgelassen gefeiert, getanzt und geflirtet. Kurzum, gegen zwei Uhr morgens mit erhitztem Kopf raus. Eine weitere Stunde oder so bergauf wartete dann auf mich, um zur Wohnung zu gelangen.    <\/p>\n\n\n\n<h5 class=\"max-w-7xl mx-auto px-6 lg:px-8 wp-block-heading\"><a href=\"https:\/\/www.wielertochten.nl\/blog\/op-zoek-naar-een-fietsbril-op-sterkte\/\" target=\"_blank\" rel=\"noreferrer noopener nofollow\"><strong>SUCHE NACH EINER VERSCHREIBUNGSPFLICHTIGEN FAHRRADBRILLE<\/strong><\/a><\/h5>\n\n\n\n<p class=\"max-w-7xl mx-auto px-6 lg:px-8 has-emerald-500-color has-text-color has-link-color wp-elements-ec1eb5fe993cdf85995f7c49c8298901\"><strong>Radtouren.de<\/strong><\/p>\n\n\n\n<p class=\"max-w-7xl mx-auto px-6 lg:px-8\">Nach einem Wochenende mit dem Fahrrad in den Ardennen hatte ich genug. Meine alte BBB Optionview <a href=\"https:\/\/www.wielertochten.nl\/wielerwoordenboek\/fietsbril\/\" target=\"_blank\" rel=\"noreferrer noopener nofollow\">Radbrille<\/a> reichte nicht mehr aus. Alter und Bedingungen f\u00fchrten dazu, dass ich beim Radfahren auf den H\u00fcgeln der Ardennen mit beschlagenen Gl\u00e4sern, zu kleiner Schrift und hellen und dunklen Einfl\u00fcssen des Waldes zu k\u00e4mpfen hatte. Infolgedessen konnte ich die Route auf meinem <a href=\"https:\/\/www.wielertochten.nl\/wielerwoordenboek\/fietscomputer\/\" target=\"_blank\" rel=\"noreferrer noopener nofollow\">Fahrradcomputer<\/a> nicht mehr richtig ablesen, was der Sicherheit nicht zutr\u00e4glich war. Ich fuhr mit 20 % bergab und wusste nicht, ob ich am Fu\u00df des H\u00fcgels links oder rechts abbiegen sollte.    <\/p>\n\n\n\n<h5 class=\"max-w-7xl mx-auto px-6 lg:px-8 wp-block-heading\"><strong><a href=\"https:\/\/www.fiets.nl\/reviews\/fietskleding\/specialspex-online-een-fietsbril-op-sterkte-aanschaffen\/\" rel=\"nofollow noopener\" target=\"_blank\">FAHRRADBRILLE MIT REZEPT ONLINE KAUFEN<\/a><\/strong><\/h5>\n\n\n\n<p class=\"max-w-7xl mx-auto px-6 lg:px-8 has-emerald-500-color has-text-color has-link-color wp-elements-bd5d0d62c2ca4467cb87276287bf6686\"><strong>Bicycle.de<\/strong><\/p>\n\n\n\n<p class=\"max-w-7xl mx-auto px-6 lg:px-8\">Radfahren ohne Brille? Es gibt nur wenige Radfahrer, Radbegeisterte oder Mountainbiker, die ohne Brille losfahren. Sonne, Regen, Fliegen, Schlamm, tiefh\u00e4ngende \u00c4ste - es gibt viele Gr\u00fcnde, beim Radfahren eine Sonnen- oder Sportbrille zu tragen. F\u00fcr viele Menschen ist eine Sportbrille nicht nur ein Schutz oder eine Ausr\u00fcstung. Eine Brille ist notwendig, weil sie kurz- oder weitsichtig ist. Dann solltest du eine gute Ausr\u00fcstung auf deiner Nase haben.     <\/p>\n\n\n\n<h5 class=\"max-w-7xl mx-auto px-6 lg:px-8 wp-block-heading\"><strong><a href=\"https:\/\/fietspiratie.wordpress.com\/2020\/12\/28\/de-sterkte-van-specialspex-jouw-sportbril-op-sterkte\/\" target=\"_blank\" rel=\"noreferrer noopener nofollow\">ST\u00c4RKE VON SPECIALSPEX? DEINE VERSCHREIBUNGSPFLICHTIGE SPORTBRILLE! <\/a><\/strong><\/h5>\n\n\n\n<p class=\"max-w-7xl mx-auto px-6 lg:px-8 has-emerald-500-color has-text-color has-link-color wp-elements-2d6af8018de466c90ba85bf1dedc8bf1\"><strong>Radfahren als Inspiration<\/strong><\/p>\n\n\n\n<p class=\"max-w-7xl mx-auto px-6 lg:px-8\">Radfahren ohne Brille? Ich sehe nur wenige Radfahrer, Radsportler oder Mountainbiker, die sich ohne Brille auf den Weg machen. Sonne, Regen, Fliegen, Schlammspritzer, tiefh\u00e4ngende \u00c4ste,&#8230;: Es gibt viele Gr\u00fcnde, beim Radfahren eine Sonnen- oder Sportbrille zu tragen. F\u00fcr viele Menschen ist die Sportbrille nicht nur ein Schutz oder ein Gadget. Eine Brille ist notwendig, weil sie kurz- oder weitsichtig ist. Dann solltest du eine gute Ausr\u00fcstung auf deiner Nase haben.     <\/p>\n<\/div>\n\n<p class=\"max-w-7xl mx-auto px-6 lg:px-8\"><\/p>\n","protected":false},"excerpt":{"rendered":"<p>Specialspex erscheint regelm\u00e4\u00dfig in den Nachrichten. Lies hier einige der ver\u00f6ffentlichten Artikel: VALHALLA F\u00dcR SPORTBRILLEN Padel 2025 Padel im Freien zu spielen ist wunderbar, aber untersch\u00e4tzt nicht das Risiko von Augenverletzungen. Ein Padelball, der dein Auge oder deine Brille trifft, passiert \u00f6fter, als du denkst. Zum Gl\u00fcck gibt es Padelbrillen, die deine Augen sch\u00fctzen und &hellip; <a href=\"https:\/\/specialspex.artitex.dev\/de\/specialspex-in-den-medien\/\">Fortsetzung<\/a><\/p>\n","protected":false},"author":1,"featured_media":7190,"parent":0,"menu_order":0,"comment_status":"closed","ping_status":"closed","template":"","meta":{"footnotes":""},"class_list":["post-74310","page","type-page","status-publish","has-post-thumbnail","hentry"],"_links":{"self":[{"href":"https:\/\/specialspex.artitex.dev\/de\/wp-json\/wp\/v2\/pages\/74310","targetHints":{"allow":["GET"]}}],"collection":[{"href":"https:\/\/specialspex.artitex.dev\/de\/wp-json\/wp\/v2\/pages"}],"about":[{"href":"https:\/\/specialspex.artitex.dev\/de\/wp-json\/wp\/v2\/types\/page"}],"author":[{"embeddable":true,"href":"https:\/\/specialspex.artitex.dev\/de\/wp-json\/wp\/v2\/users\/1"}],"replies":[{"embeddable":true,"href":"https:\/\/specialspex.artitex.dev\/de\/wp-json\/wp\/v2\/comments?post=74310"}],"version-history":[{"count":1,"href":"https:\/\/specialspex.artitex.dev\/de\/wp-json\/wp\/v2\/pages\/74310\/revisions"}],"predecessor-version":[{"id":74311,"href":"https:\/\/specialspex.artitex.dev\/de\/wp-json\/wp\/v2\/pages\/74310\/revisions\/74311"}],"wp:featuredmedia":[{"embeddable":true,"href":"https:\/\/specialspex.artitex.dev\/de\/wp-json\/wp\/v2\/media\/7190"}],"wp:attachment":[{"href":"https:\/\/specialspex.artitex.dev\/de\/wp-json\/wp\/v2\/media?parent=74310"}],"curies":[{"name":"wp","href":"https:\/\/api.w.org\/{rel}","templated":true}]}}