{"id":76332,"date":"2026-04-15T10:39:26","date_gmt":"2026-04-15T08:39:26","guid":{"rendered":"https:\/\/specialspex.artitex.dev\/?page_id=76332"},"modified":"2026-04-15T10:39:27","modified_gmt":"2026-04-15T08:39:27","slug":"impressum","status":"publish","type":"page","link":"https:\/\/specialspex.artitex.dev\/de\/impressum\/","title":{"rendered":"Impressum"},"content":{"rendered":"\n<div style=\"height:100px\" aria-hidden=\"true\" class=\"wp-block-spacer\"><\/div>\n\n\n\n<p class=\"max-w-7xl mx-auto px-6 lg:px-8\">Angaben gem\u00e4\u00df \u00a7 5 TMG<\/p>\n\n\n\n<p class=\"max-w-7xl mx-auto px-6 lg:px-8\"><br>SpecialSpex<br>Hogewoerd 115<br>2311HJ Leiden<br>Die Niederlande<\/p>\n\n\n\n<p class=\"max-w-7xl mx-auto px-6 lg:px-8\">Tel: +0031 (0)853032673<br>info@specialspex.com<br>Vorstand: Gijs Jansen; Rinse Kijlstra<\/p>\n\n\n\n<p class=\"max-w-7xl mx-auto px-6 lg:px-8\"><br>SpecialSpex ist ein Handelsname von Special Eyewear BV<br>Special Eyewear BV<br>Hogewoerd 115<br>2311HJ Leiden<br>Die Niederlande<br>Tel: +0031 (0)853032673<br>info@specialspex.com<br>Vorstand: Gijs Jansen; Rinse Kijlstra<\/p>\n\n\n\n<p class=\"max-w-7xl mx-auto px-6 lg:px-8\"><br>Umsatzsteuer-ID<br>Umsatzsteuer-Identifikationsnummer gem\u00e4\u00df \u00a7 27 a Umsatzsteuergesetz:<br>NL861109028B01<br>Streitbeilegung in der EU<br>Die Europ\u00e4ische Kommission stellt eine Plattform zur Online<br>Streitbeilegung (OS) bereit:<br>https:\/\/ec.europa.eu\/consumers\/odr\/.<br>Unsere E-Mail-Adresse finden Sie auf dem obigen Ausdruck.<br>Registernummer Handelskammer: 77721993<\/p>\n\n\n\n<p class=\"max-w-7xl mx-auto px-6 lg:px-8\"><br>Verbraucherstreitbeilegung\/Universalschlichtungsstelle<br>Wir sind nicht bereit oder verpflichtet, an Streitbeilegungsverfahren vor<br>einer<br>Verbraucherschlichtungsstelle teilzunehmen.<\/p>\n\n\n\n<p class=\"max-w-7xl mx-auto px-6 lg:px-8\"><br>Disclaimer - rechtliche Hinweise<\/p>\n\n\n\n<p class=\"max-w-7xl mx-auto px-6 lg:px-8\"><br>Auskunfts- und Widerrufsrecht<\/p>\n\n\n\n<p class=\"max-w-7xl mx-auto px-6 lg:px-8\"><br>Sie haben jederzeit das Recht, sich unentgeltlich und unverz\u00fcglich \u00fcber die<br>zu Ihrer Person erhobenen Daten zu erkundigen. Ebenfalls k\u00f6nnen Sie Ihre<br>Zustimmung zur Verwendung Ihrer angegebenen pers\u00f6nlichen Daten mit<br>Wirkung f\u00fcr die Zukunft widerrufen. Hierf\u00fcr wenden Sie sich bitte an den<br>im Impressum angegebenen Diensteanbieter.<\/p>\n","protected":false},"excerpt":{"rendered":"<p>Angaben gem\u00e4\u00df \u00a7 5 TMG SpecialSpexHogewoerd 1152311HJ LeidenDie Niederlande Tel: +0031 (0)853032673info@specialspex.comVorstand: Gijs Jansen; Rinse Kijlstra SpecialSpex ist ein Handelsname von Special Eyewear BVSpecial Eyewear BVHogewoerd 1152311HJ LeidenDie NiederlandeTel: +0031 (0)853032673info@specialspex.comVorstand: Gijs Jansen; Rinse Kijlstra Umsatzsteuer-IDUmsatzsteuer-Identifikationsnummer gem\u00e4\u00df \u00a7 27 a Umsatzsteuergesetz:NL861109028B01Streitbeilegung in der EUDie Europ\u00e4ische Kommission stellt eine Plattform zur OnlineStreitbeilegung (OS) bereit:https:\/\/ec.europa.eu\/consumers\/odr\/.Unsere E-Mail-Adresse finden &hellip; <a href=\"https:\/\/specialspex.artitex.dev\/de\/impressum\/\">Fortsetzung<\/a><\/p>\n","protected":false},"author":2,"featured_media":0,"parent":0,"menu_order":0,"comment_status":"closed","ping_status":"closed","template":"","meta":{"footnotes":""},"class_list":["post-76332","page","type-page","status-publish","hentry"],"_links":{"self":[{"href":"https:\/\/specialspex.artitex.dev\/de\/wp-json\/wp\/v2\/pages\/76332","targetHints":{"allow":["GET"]}}],"collection":[{"href":"https:\/\/specialspex.artitex.dev\/de\/wp-json\/wp\/v2\/pages"}],"about":[{"href":"https:\/\/specialspex.artitex.dev\/de\/wp-json\/wp\/v2\/types\/page"}],"author":[{"embeddable":true,"href":"https:\/\/specialspex.artitex.dev\/de\/wp-json\/wp\/v2\/users\/2"}],"replies":[{"embeddable":true,"href":"https:\/\/specialspex.artitex.dev\/de\/wp-json\/wp\/v2\/comments?post=76332"}],"version-history":[{"count":1,"href":"https:\/\/specialspex.artitex.dev\/de\/wp-json\/wp\/v2\/pages\/76332\/revisions"}],"predecessor-version":[{"id":76333,"href":"https:\/\/specialspex.artitex.dev\/de\/wp-json\/wp\/v2\/pages\/76332\/revisions\/76333"}],"wp:attachment":[{"href":"https:\/\/specialspex.artitex.dev\/de\/wp-json\/wp\/v2\/media?parent=76332"}],"curies":[{"name":"wp","href":"https:\/\/api.w.org\/{rel}","templated":true}]}}