{"id":76336,"date":"2026-04-15T11:11:08","date_gmt":"2026-04-15T09:11:08","guid":{"rendered":"https:\/\/specialspex.artitex.dev\/?page_id=76336"},"modified":"2026-04-15T11:11:10","modified_gmt":"2026-04-15T09:11:10","slug":"datenschutzerklaerung","status":"publish","type":"page","link":"https:\/\/specialspex.artitex.dev\/de\/datenschutzerklaerung\/","title":{"rendered":"Datenschutzerkl\u00e4rung"},"content":{"rendered":"\n<div style=\"height:100px\" aria-hidden=\"true\" class=\"wp-block-spacer\"><\/div>\n\n\n\n<p class=\"max-w-7xl mx-auto px-6 lg:px-8\"><br>der Special Eyewear, einer Gesellschaft niederl\u00e4ndischen Rechts mit beschr\u00e4nkter Haftung,<br>eingetragen bei der niederl\u00e4ndischen Handelskammer (Kamer van Koophandel) unter der<br>Nummer 77721993 (nachfolgend \u201eSpecialSpex\u201c)<\/p>\n\n\n\n<h2 class=\"max-w-7xl mx-auto px-6 lg:px-8 wp-block-heading\"><br><strong>Definitionen<\/strong><\/h2>\n\n\n\n<p class=\"max-w-7xl mx-auto px-6 lg:px-8\"><br>In dieser Datenschutzerkl\u00e4rung werden die folgenden Definitionen verwendet:<br>SpecialSpex: Special Eyewear B.V. mit Sitz in der Hogewoerd 115 in Leiden, eingetragen bei<br>der niederl\u00e4ndischen Handelskammer (Kamer van Koophandel) unter der Nummer<br>77721993;<\/p>\n\n\n\n<p class=\"max-w-7xl mx-auto px-6 lg:px-8\"><strong>Besucher:<\/strong> Besucher dieser Website;<br><strong>Auftraggeber:<\/strong> Besucher, der \u00fcber diese Website eine Angebotsanfrage stellt, indem er seine<br>Daten und die Arbeiten, Dienstleistungen und\/oder Produkte, die er ausf\u00fchren und\/oder<br>liefern lassen m\u00f6chte, eingibt und diese Angebotsanfrage absendet;<\/p>\n\n\n\n<p class=\"max-w-7xl mx-auto px-6 lg:px-8\"><strong>Website<\/strong>: die Website www.specialspex.com, deren Eigent\u00fcmer Special Eyewear BV ist;<br><strong>Personenbezogene Daten<\/strong>: alle Informationen, die sich auf eine identifizierte oder<br>identifizierbare nat\u00fcrliche Person beziehen; insb. solche, die den Auftraggeber oder<br>Besucher direkt oder in Kombination mit anderen Informationen identifizieren k\u00f6nnen;<\/p>\n\n\n\n<h2 class=\"max-w-7xl mx-auto px-6 lg:px-8 wp-block-heading\">Verantwortlicher<\/h2>\n\n\n\n<p class=\"max-w-7xl mx-auto px-6 lg:px-8\"><br>Der f\u00fcr die Verarbeitung Verantwortliche ist:<br>Special Eyewear B.V.<br>Hogewoerd 115, 2311HJ, Leiden<\/p>\n\n\n\n<p class=\"max-w-7xl mx-auto px-6 lg:px-8\"><br>F\u00fcr SpecialSpex ist der sorgf\u00e4ltige Umgang mit personenbezogenen Daten von gro\u00dfer<br>Bedeutung. Im Hinblick auf die Verarbeitung dieser Daten handelt SpecialSpex in<br>\u00dcbereinstimmung mit den geltenden Gesetzen und Vorschriften, insb. der DSGVO und den<br>nationalen Datenschutzgesetzen.<br>Ansprechpartner ist Gijs Jansen 0031612814930 oderinfo@specialspex.com<br>SpecialSpex unternimmt alle Anstrengungen, um sicherzustellen, dass personenbezogene<br>Daten, die ihr direkt und\/oder \u00fcber die Website zur Verf\u00fcgung gestellt werden, stets<br>vertraulich behandelt werden und nur f\u00fcr die in dieser Datenschutzerkl\u00e4rung beschriebenen<br>Zwecke verwendet werden.<\/p>\n\n\n\n<h2 class=\"max-w-7xl mx-auto px-6 lg:px-8 wp-block-heading\">Personenbezogene Daten<\/h2>\n\n\n\n<p class=\"max-w-7xl mx-auto px-6 lg:px-8\"><br>SpecialSpex erhebt personenbezogene Daten, die vom Besucher bei Nutzung der Website<br>eingegeben werden. SpecialSpex erhebt und verarbeitet dabei die folgenden Kategorien<br>personenbezogener Daten:<br>IP-Adresse<br>Standortdaten<br>Daten \u00fcber Aktivit\u00e4ten auf der Website<br>Internet-Browser und Ger\u00e4tetyp<br>Benutzername<br>Vor- und Nachname<br>Telefonnummer<br>E-Mail-Adresse<br>Kontoinformationen<\/p>\n\n\n\n<p class=\"max-w-7xl mx-auto px-6 lg:px-8\"><br>Andere personenbezogene Daten, die aktiv vom Besucher\/Auftraggeber zur Verf\u00fcgung<br>gestellt werden, z.B. durch die Erstellung eines Profils auf der Website, im Schriftverkehr<br>oder per Telefon<\/p>\n\n\n\n<h2 class=\"max-w-7xl mx-auto px-6 lg:px-8 wp-block-heading\"><br>Zwecke der Verarbeitung<\/h2>\n\n\n\n<p class=\"max-w-7xl mx-auto px-6 lg:px-8\"><br>Personenbezogene Daten werden auf der Grundlage der Vereinbarung zwischen SpecialSpex<br>und dem Kunden f\u00fcr die folgenden Zwecke verarbeitet:<br>Erbringung der Online-Dienste, d.h. Anfertigung von Brillen mit Korrektionsgl\u00e4sern.<br>Um Ihnen E-Mails schicken zu k\u00f6nnen, die f\u00fcr die Erbringung unserer Dienstleistungen<br>erforderlich sind;<br>Erf\u00fcllung der Verpflichtungen aus einschl\u00e4gigen Gesetzen und Vorschriften;<br>Verbesserung der Website und der Dienstleistungen von SpecialSpex;<\/p>\n\n\n\n<h2 class=\"max-w-7xl mx-auto px-6 lg:px-8 wp-block-heading\"><br>Besondere Kategorien personenbezogener Daten und andere sensible Informationen<\/h2>\n\n\n\n<p class=\"max-w-7xl mx-auto px-6 lg:px-8\"><br>Unsere Website und\/oder Dienstleistung beabsichtigt nicht, Daten von Besuchern zu<br>sammeln, die unter 18 Jahren alt sind, es sei denn, sie haben die Zustimmung ihrer Eltern<br>oder Erziehungsberechtigten. Wir k\u00f6nnen jedoch nicht \u00fcberpr\u00fcfen, ob ein Besucher \u00fcber 18<br>Jahre alt ist. Wir empfehlen daher, die Eltern in die Online-Aktivit\u00e4ten ihrer Kinder<br>einzubeziehen, um zu verhindern, dass Daten \u00fcber Kinder ohne elterliche Zustimmung<br>erfasst werden. Wenn Sie der Meinung sind, dass wir personenbezogene Daten \u00fcber einen<br>Minderj\u00e4hrigen ohne eine solche Zustimmung erfasst haben, wenden Sie sich bitte<br>an info@specialspex.com, und wir werden diese Daten umgehend l\u00f6schen.<br>Wie lange wir personenbezogene Daten aufbewahren<br>SpecialSPex bewahrt Ihre personenbezogenen Daten nicht l\u00e4nger auf, als es f\u00fcr die Erf\u00fcllung<br>der Zwecke, f\u00fcr die wir sie gesammelt haben, erforderlich ist.<br>Wenn Sie Informationen \u00fcber unsere Aufbewahrungsfristen in Ihrem speziellen Fall<br>w\u00fcnschen, kontaktieren Sie uns bitte unter: info@specialspex.com<\/p>\n\n\n\n<h2 class=\"max-w-7xl mx-auto px-6 lg:px-8 wp-block-heading\"><br>Einsehen, \u00c4ndern oder L\u00f6schen von Daten<\/h2>\n\n\n\n<p class=\"max-w-7xl mx-auto px-6 lg:px-8\"><br>Sie haben das Recht, Ihre personenbezogenen Daten einzusehen, zu \u00e4ndern oder zu l\u00f6schen.<br>Dar\u00fcber hinaus haben Sie das Recht, Ihre Zustimmung zur Datenverarbeitung zu widerrufen<br>und der Verarbeitung Ihrer personenbezogenen Daten durch SpecialSpex zu widersprechen.<br>Das bedeutet, dass Sie uns auffordern k\u00f6nnen, die personenbezogenen Daten, die wir \u00fcber<br>Sie in gespeichert haben, an Sie oder eine andere von Ihnen benannte Organisation zu<br>senden. Sie k\u00f6nnen einen Antrag auf Zugang, Berichtigung, L\u00f6schung oder<br>Daten\u00fcbermittlung Ihrer personenbezogenen Daten oder einen Widerruf Ihrer Einwilligung<br>bzw. Widerspruch gegen die Verarbeitung Ihrer personenbezogenen Daten an<br>info@specialspex.com senden.<\/p>\n\n\n\n<h2 class=\"max-w-7xl mx-auto px-6 lg:px-8 wp-block-heading\"><br>Weitergabe personenbezogener Daten an Dritte<\/h2>\n\n\n\n<p class=\"max-w-7xl mx-auto px-6 lg:px-8\"><br>Abgesehen von den von uns verwendeten Cookies, wie in unserer Cookie-Erkl\u00e4rung<br>dargelegt, werden die Daten, die wir von Ihnen auf dieser Website verarbeiten, nicht von<br>Dritten verarbeitet.<\/p>\n\n\n\n<h2 class=\"max-w-7xl mx-auto px-6 lg:px-8 wp-block-heading\"><br>Sicherheitsma\u00dfnahmen<\/h2>\n\n\n\n<p class=\"max-w-7xl mx-auto px-6 lg:px-8\"><br>Um den unbefugten Zugriff auf personenbezogene Daten zu verhindern, hat SpecialSpex<br>verschiedene Sicherheitsma\u00dfnahmen ergriffen, einschlie\u00dflich Ma\u00dfnahmen gegen<br>unbefugten Zugriff, (missbr\u00e4uchliche) Verwendung, \u00c4nderung, unrechtm\u00e4\u00dfige und<br>unbeabsichtigte Zerst\u00f6rung, unerw\u00fcnschte Offenlegung und Verlust personenbezogener<br>Daten.<\/p>\n\n\n\n<h2 class=\"max-w-7xl mx-auto px-6 lg:px-8 wp-block-heading\"><br>Beschwerden und Kontakt<\/h2>\n\n\n\n<p class=\"max-w-7xl mx-auto px-6 lg:px-8\"><br>Wenn ein Besucher Fragen zu dieser Datenschutzerkl\u00e4rung hat oder der Meinung ist, dass<br>die Website oder die Handlungen von SpecialSpex nicht im Einklang mit dieser<br>Datenschutzerkl\u00e4rung stehen, kann der Besucher SpecialSpex unter der E-Mail<br>Adresse info@specialspex.com kontaktieren.<\/p>\n\n\n\n<p class=\"max-w-7xl mx-auto px-6 lg:px-8\"><br>Eine Beschwerde kann auch bei der niederl\u00e4ndischen Datenschutzbeh\u00f6rde eingereicht<br>werden. Bitte wenden Sie sich zu diesem Zweck direkt an diese.<\/p>\n\n\n\n<h2 class=\"max-w-7xl mx-auto px-6 lg:px-8 wp-block-heading\"><br>\u00c4nderungen dieser Datenschutzerkl\u00e4rung<\/h2>\n\n\n\n<p class=\"max-w-7xl mx-auto px-6 lg:px-8\"><br>SpecialSpex beh\u00e4lt sich vor, die Datenschutzerkl\u00e4rung als Reaktion auf technische, rechtliche<br>oder gesch\u00e4ftliche Entwicklungen zu \u00e4ndern. \u00c4nderungen oder Erg\u00e4nzungen der<br>Datenschutzerkl\u00e4rung werden hier ver\u00f6ffentlicht. SpecialSpex empfiehlt dem Besucher, die<br>Datenschutzerkl\u00e4rung regelm\u00e4\u00dfig zu \u00fcberpr\u00fcfen. Soweit dies nach geltendem<br>Datenschutzrecht erforderlich ist, bittet SpecialSpex um Ihre Zustimmung zu wesentlichen<br>\u00c4nderungen dieser Datenschutzerkl\u00e4rung.<\/p>\n\n\n\n<p class=\"max-w-7xl mx-auto px-6 lg:px-8\"><\/p>\n","protected":false},"excerpt":{"rendered":"<p>der Special Eyewear, einer Gesellschaft niederl\u00e4ndischen Rechts mit beschr\u00e4nkter Haftung,eingetragen bei der niederl\u00e4ndischen Handelskammer (Kamer van Koophandel) unter derNummer 77721993 (nachfolgend \u201eSpecialSpex\u201c) Definitionen In dieser Datenschutzerkl\u00e4rung werden die folgenden Definitionen verwendet:SpecialSpex: Special Eyewear B.V. mit Sitz in der Hogewoerd 115 in Leiden, eingetragen beider niederl\u00e4ndischen Handelskammer (Kamer van Koophandel) unter der Nummer77721993; Besucher: Besucher dieser &hellip; <a href=\"https:\/\/specialspex.artitex.dev\/de\/datenschutzerklaerung\/\">Fortsetzung<\/a><\/p>\n","protected":false},"author":2,"featured_media":0,"parent":0,"menu_order":0,"comment_status":"closed","ping_status":"closed","template":"","meta":{"footnotes":""},"class_list":["post-76336","page","type-page","status-publish","hentry"],"_links":{"self":[{"href":"https:\/\/specialspex.artitex.dev\/de\/wp-json\/wp\/v2\/pages\/76336","targetHints":{"allow":["GET"]}}],"collection":[{"href":"https:\/\/specialspex.artitex.dev\/de\/wp-json\/wp\/v2\/pages"}],"about":[{"href":"https:\/\/specialspex.artitex.dev\/de\/wp-json\/wp\/v2\/types\/page"}],"author":[{"embeddable":true,"href":"https:\/\/specialspex.artitex.dev\/de\/wp-json\/wp\/v2\/users\/2"}],"replies":[{"embeddable":true,"href":"https:\/\/specialspex.artitex.dev\/de\/wp-json\/wp\/v2\/comments?post=76336"}],"version-history":[{"count":1,"href":"https:\/\/specialspex.artitex.dev\/de\/wp-json\/wp\/v2\/pages\/76336\/revisions"}],"predecessor-version":[{"id":76337,"href":"https:\/\/specialspex.artitex.dev\/de\/wp-json\/wp\/v2\/pages\/76336\/revisions\/76337"}],"wp:attachment":[{"href":"https:\/\/specialspex.artitex.dev\/de\/wp-json\/wp\/v2\/media?parent=76336"}],"curies":[{"name":"wp","href":"https:\/\/api.w.org\/{rel}","templated":true}]}}