{"id":74592,"date":"2025-11-17T15:04:28","date_gmt":"2025-11-17T14:04:28","guid":{"rendered":"https:\/\/specialspex.artitex.dev\/product\/softness-r-large\/"},"modified":"2026-04-18T12:09:09","modified_gmt":"2026-04-18T10:09:09","slug":"softness-r-large","status":"publish","type":"product","link":"https:\/\/specialspex.artitex.dev\/de\/sportbrille\/ballsport\/demetz-softness-r-large\/","title":{"rendered":"Softness R Large"},"content":{"rendered":"<p data-start=\"169\" data-end=\"648\">Die Demetz Softness R Large wurde f\u00fcr junge erwachsene Sportler entwickelt, die eine sichere, flexible und komfortable Sportbrille ben\u00f6tigen. Das Gestell besteht aus nahezu unzerbrechlichem Material, das St\u00f6\u00dfe und Schl\u00e4ge hervorragend abfedert, wodurch sich diese Brille sehr gut f\u00fcr Ballsportarten und intensiven Gebrauch eignet. Die Gr\u00f6\u00dfe Large bietet eine breitere Passform f\u00fcr gr\u00f6\u00dfere Gesichtsformen, w\u00e4hrend die flexible Konstruktion f\u00fcr lang anhaltenden Komfort und Stabilit\u00e4t bei Bewegung sorgt.  <\/p>\n<p data-start=\"650\" data-end=\"1041\">- Nahezu unzerbrechlicher und flexibler Rahmen f\u00fcr maximale Sicherheit<br data-start=\"714\" data-end=\"717\">- Gro\u00dfe Passform, ideal f\u00fcr junge Erwachsene und gr\u00f6\u00dfere Gesichtsformen<br data-start=\"787\" data-end=\"790\">- Sto\u00dfabsorbierendes Design f\u00fcr Schutz bei intensiven sportlichen Aktivit\u00e4ten<br data-start=\"870\" data-end=\"873\">- Breite Scheibenform f\u00fcr klare Sicht und ein weites Sichtfeld<br data-start=\"932\" data-end=\"935\">- Erh\u00e4ltlich mit verschreibungspflichtigen Gl\u00e4sern mit hochwertigen Gl\u00e4sern von Specialspex<br data-start=\"1001\" data-end=\"1004\">- Inklusive Schutzetui<\/p>\n","protected":false},"excerpt":{"rendered":"<p data-start=\"169\" data-end=\"648\">Die Demetz Softness R Large wurde f\u00fcr junge erwachsene Sportler entwickelt, die eine sichere, flexible und komfortable Sportbrille ben\u00f6tigen. Das Gestell besteht aus nahezu unzerbrechlichem Material, das St\u00f6\u00dfe und Schl\u00e4ge hervorragend abfedert, wodurch sich diese Brille sehr gut f\u00fcr Ballsportarten und intensiven Gebrauch eignet. Die Gr\u00f6\u00dfe Large bietet eine breitere Passform f\u00fcr gr\u00f6\u00dfere Gesichtsformen, w\u00e4hrend die flexible Konstruktion f\u00fcr lang anhaltenden Komfort und Stabilit\u00e4t bei Bewegung sorgt.  <\/p>\n<p data-start=\"650\" data-end=\"1041\">- Nahezu unzerbrechlicher und flexibler Rahmen f\u00fcr maximale Sicherheit<br data-start=\"714\" data-end=\"717\">- Gro\u00dfe Passform, ideal f\u00fcr junge Erwachsene und gr\u00f6\u00dfere Gesichtsformen<br data-start=\"787\" data-end=\"790\">- Sto\u00dfabsorbierendes Design f\u00fcr Schutz bei intensiven sportlichen Aktivit\u00e4ten<br data-start=\"870\" data-end=\"873\">- Breite Scheibenform f\u00fcr klare Sicht und ein weites Sichtfeld<br data-start=\"932\" data-end=\"935\">- Erh\u00e4ltlich mit verschreibungspflichtigen Gl\u00e4sern mit hochwertigen Gl\u00e4sern von Specialspex<br data-start=\"1001\" data-end=\"1004\">- Inklusive Schutzetui<\/p>\n","protected":false},"featured_media":60862,"template":"","meta":[],"product_brand":[795],"product_cat":[584,590,585,589,586,591,593,587,588,592],"product_tag":[],"class_list":{"0":"post-74592","1":"product","2":"type-product","3":"status-publish","4":"has-post-thumbnail","6":"product_brand-demetz","7":"product_cat-sportbrille","8":"product_cat-ballsport","9":"product_cat-basketball","10":"product_cat-fussballbrille","11":"product_cat-hockey","12":"product_cat-padel","13":"product_cat-racket-sportarten","14":"product_cat-squash","15":"product_cat-tennis","16":"product_cat-volleyball","17":"pa_geschikt-voor-sportbrillen-fuer-kinder","18":"pa_kleur-montuur-blau","19":"pa_kleur-montuur-grau","20":"pa_kleur-montuur-rot","21":"pa_kleur-montuur-schwarz","22":"pa_maat-montuur-junge-erwachsene-10-16-jahre","23":"pa_maat-montuur-medium","24":"pa_soort-bril-op-sterkte-geeignet-fuer-hohe-staerken","25":"pa_soort-bril-op-sterkte-mit-sehstaerke","26":"pa_soort-bril-op-sterkte-ohne-sehstaerke","28":"first","29":"instock","30":"sale","31":"shipping-taxable","32":"purchasable","33":"product-type-variable"},"_links":{"self":[{"href":"https:\/\/specialspex.artitex.dev\/de\/wp-json\/wp\/v2\/product\/74592","targetHints":{"allow":["GET"]}}],"collection":[{"href":"https:\/\/specialspex.artitex.dev\/de\/wp-json\/wp\/v2\/product"}],"about":[{"href":"https:\/\/specialspex.artitex.dev\/de\/wp-json\/wp\/v2\/types\/product"}],"wp:featuredmedia":[{"embeddable":true,"href":"https:\/\/specialspex.artitex.dev\/de\/wp-json\/wp\/v2\/media\/60862"}],"wp:attachment":[{"href":"https:\/\/specialspex.artitex.dev\/de\/wp-json\/wp\/v2\/media?parent=74592"}],"wp:term":[{"taxonomy":"product_brand","embeddable":true,"href":"https:\/\/specialspex.artitex.dev\/de\/wp-json\/wp\/v2\/product_brand?post=74592"},{"taxonomy":"product_cat","embeddable":true,"href":"https:\/\/specialspex.artitex.dev\/de\/wp-json\/wp\/v2\/product_cat?post=74592"},{"taxonomy":"product_tag","embeddable":true,"href":"https:\/\/specialspex.artitex.dev\/de\/wp-json\/wp\/v2\/product_tag?post=74592"}],"curies":[{"name":"wp","href":"https:\/\/api.w.org\/{rel}","templated":true}]}}