{"id":74605,"date":"2025-11-24T17:24:58","date_gmt":"2025-11-24T16:24:58","guid":{"rendered":"https:\/\/specialspex.artitex.dev\/product\/gullwing-rx-docks\/"},"modified":"2025-11-24T17:24:58","modified_gmt":"2025-11-24T16:24:58","slug":"gullwing-rx-docks","status":"publish","type":"product","link":"https:\/\/specialspex.artitex.dev\/de\/sicherheit\/eyres-gullwing-rx-docks\/","title":{"rendered":"Gullwing RX Docks"},"content":{"rendered":"<p data-start=\"228\" data-end=\"750\">Die Eyres Gullwing RX Docks ist eine robuste und professionelle Schutzbrille, die f\u00fcr Arbeitsumgebungen entwickelt wurde, in denen maximaler Schutz und hohe Korrektionswerte erforderlich sind. Dank des speziellen Dock-Systems bietet dieses Modell zus\u00e4tzliche Stabilit\u00e4t und Platz f\u00fcr dickere Gl\u00e4ser, wodurch es sich hervorragend f\u00fcr Benutzer mit hohen Korrekturwerten eignet. Das Design kombiniert langlebige Materialien mit einer bequemen Passform und einem weiten Sichtfeld, ideal f\u00fcr industrielle, technische und baubezogene Anwendungen.  <\/p>\n<p data-start=\"752\" data-end=\"1133\">- Das Docking-System wurde entwickelt, um die hochfesten Gl\u00e4ser optimal zu st\u00fctzen<br data-start=\"837\" data-end=\"840\">- Schlagfeste Sicherheitsgl\u00e4ser aus Polycarbonat oder Trivex<br data-start=\"909\" data-end=\"912\">- Bequeme, ergonomische Passform f\u00fcr lang anhaltenden Tragekomfort<br data-start=\"976\" data-end=\"979\">- Weites Sichtfeld f\u00fcr bessere \u00dcbersicht bei Pr\u00e4zisions- und Montagearbeiten<br data-start=\"1053\" data-end=\"1056\">- Kann mit Korrekturgl\u00e4sern nach EN-166-Norm bezogen werden<\/p>\n","protected":false},"excerpt":{"rendered":"<p data-start=\"228\" data-end=\"750\">Die Eyres Gullwing RX Docks ist eine robuste und professionelle Schutzbrille, die f\u00fcr Arbeitsumgebungen entwickelt wurde, in denen maximaler Schutz und hohe Korrektionswerte erforderlich sind. Dank des speziellen Dock-Systems bietet dieses Modell zus\u00e4tzliche Stabilit\u00e4t und Platz f\u00fcr dickere Gl\u00e4ser und eignet sich damit hervorragend f\u00fcr Nutzer mit hohen Korrektionswerten. Das Design kombiniert langlebige Materialien mit einer bequemen Passform und einem weiten Sichtfeld, ideal f\u00fcr industrielle, technische und baubezogene Anwendungen.  <\/p>\n<p data-start=\"752\" data-end=\"1133\">- Das Docking-System wurde entwickelt, um die hochfesten Gl\u00e4ser optimal zu st\u00fctzen<br data-start=\"837\" data-end=\"840\">- Schlagfeste Sicherheitsgl\u00e4ser aus Polycarbonat oder Trivex<br data-start=\"909\" data-end=\"912\">- Bequeme, ergonomische Passform f\u00fcr lang anhaltenden Tragekomfort<br data-start=\"976\" data-end=\"979\">- Weites Sichtfeld f\u00fcr bessere \u00dcbersicht bei Pr\u00e4zisions- und Montagearbeiten<br data-start=\"1053\" data-end=\"1056\">- Kann mit Korrekturgl\u00e4sern nach EN-166-Norm bezogen werden<\/p>\n","protected":false},"featured_media":45895,"template":"","meta":[],"product_brand":[791],"product_cat":[628],"product_tag":[],"class_list":{"0":"post-74605","1":"product","2":"type-product","3":"status-publish","4":"has-post-thumbnail","6":"product_brand-eyres","7":"product_cat-sicherheit","8":"pa_geschikt-voor-frauen","9":"pa_geschikt-voor-manner","10":"pa_kleur-montuur-schwarz","11":"pa_maat-montuur-gross","12":"pa_maat-montuur-medium","13":"pa_soort-bril-op-sterkte-geeignet-fuer-hohe-staerken","14":"pa_soort-bril-op-sterkte-mit-sehstaerke","16":"first","17":"instock","18":"shipping-taxable","19":"purchasable","20":"product-type-simple"},"_links":{"self":[{"href":"https:\/\/specialspex.artitex.dev\/de\/wp-json\/wp\/v2\/product\/74605","targetHints":{"allow":["GET"]}}],"collection":[{"href":"https:\/\/specialspex.artitex.dev\/de\/wp-json\/wp\/v2\/product"}],"about":[{"href":"https:\/\/specialspex.artitex.dev\/de\/wp-json\/wp\/v2\/types\/product"}],"wp:featuredmedia":[{"embeddable":true,"href":"https:\/\/specialspex.artitex.dev\/de\/wp-json\/wp\/v2\/media\/45895"}],"wp:attachment":[{"href":"https:\/\/specialspex.artitex.dev\/de\/wp-json\/wp\/v2\/media?parent=74605"}],"wp:term":[{"taxonomy":"product_brand","embeddable":true,"href":"https:\/\/specialspex.artitex.dev\/de\/wp-json\/wp\/v2\/product_brand?post=74605"},{"taxonomy":"product_cat","embeddable":true,"href":"https:\/\/specialspex.artitex.dev\/de\/wp-json\/wp\/v2\/product_cat?post=74605"},{"taxonomy":"product_tag","embeddable":true,"href":"https:\/\/specialspex.artitex.dev\/de\/wp-json\/wp\/v2\/product_tag?post=74605"}],"curies":[{"name":"wp","href":"https:\/\/api.w.org\/{rel}","templated":true}]}}