{"id":74612,"date":"2025-11-25T15:12:39","date_gmt":"2025-11-25T14:12:39","guid":{"rendered":"https:\/\/specialspex.artitex.dev\/product\/g28\/"},"modified":"2025-11-25T15:12:39","modified_gmt":"2025-11-25T14:12:39","slug":"g28","status":"publish","type":"product","link":"https:\/\/specialspex.artitex.dev\/de\/sportbrille\/radfahrerbrille\/gravelbiker-radfahren\/gloryfy-g28\/","title":{"rendered":"G28"},"content":{"rendered":"<p data-start=\"217\" data-end=\"666\">Die Gloryfy G28 Peloton ist eine ultraleichte, rahmenlose und v\u00f6llig unzerbrechliche Sportbrille, die maximalen Schutz und ein breites, ungehindertes Sichtfeld bietet. Dank der hervorragenden Bel\u00fcftung bleibt die Sicht auch bei intensivem Radfahren, Mountainbiken oder Laufen klar. Die unzerbrechlichen Gl\u00e4ser bieten hohe Leistung und zuverl\u00e4ssige Sicherheit unter allen Bedingungen und machen diese Brille zur idealen Schutzbrille f\u00fcr Sport, Alltag und Reisen.  <\/p>\n<p data-start=\"668\" data-end=\"858\">Wie alle Gloryfy-Modelle wird auch das G28 Peloton in Tirol (\u00d6sterreich) hergestellt, wo Hightech-Fertigung und pr\u00e4zise Handarbeit zu einer Brille von au\u00dfergew\u00f6hnlicher Qualit\u00e4t zusammenkommen.<\/p>\n<p data-start=\"860\" data-end=\"1208\">- Ultraleichtes, rahmenloses Design mit weitem Sichtfeld<br data-start=\"913\" data-end=\"916\">- Unzerbrechliche Gl\u00e4ser und Konstruktion f\u00fcr maximale Sicherheit<br data-start=\"976\" data-end=\"979\">- Optimale Bel\u00fcftung f\u00fcr klare Sicht bei intensivem Sport<br data-start=\"1043\" data-end=\"1046\">- Stabiler und bequemer Sitz, auch bei hoher Geschwindigkeit<br data-start=\"1103\" data-end=\"1106\">- Kann mit original Gloryfy-Gl\u00e4sern im Visier erhalten werden<br data-start=\"1172\" data-end=\"1175\">- Hergestellt in Tirol (\u00d6sterreich)<\/p>\n","protected":false},"excerpt":{"rendered":"<p data-start=\"217\" data-end=\"666\">Die Gloryfy G28 Peloton ist eine ultraleichte, rahmenlose und v\u00f6llig unzerbrechliche Sportbrille, die maximalen Schutz und ein breites, ungehindertes Sichtfeld bietet. Dank der hervorragenden Bel\u00fcftung bleibt die Sicht auch bei intensivem Radfahren, Mountainbiken oder Laufen klar. Die unzerbrechlichen Gl\u00e4ser bieten hohe Leistung und zuverl\u00e4ssige Sicherheit unter allen Bedingungen und machen diese Brille zur idealen Schutzbrille f\u00fcr Sport, Alltag und Reisen.  <\/p>\n<p data-start=\"668\" data-end=\"858\">Wie alle Gloryfy-Modelle wird auch das G28 Peloton in Tirol (\u00d6sterreich) hergestellt, wo Hightech-Fertigung und pr\u00e4zise Handarbeit zu einer Brille von au\u00dfergew\u00f6hnlicher Qualit\u00e4t zusammenkommen.<\/p>\n<p data-start=\"860\" data-end=\"1208\">- Ultraleichtes, rahmenloses Design mit weitem Sichtfeld<br data-start=\"913\" data-end=\"916\">- Unzerbrechliche Gl\u00e4ser und Konstruktion f\u00fcr maximale Sicherheit<br data-start=\"976\" data-end=\"979\">- Optimale Bel\u00fcftung f\u00fcr klare Sicht bei intensivem Sport<br data-start=\"1043\" data-end=\"1046\">- Stabiler und bequemer Sitz, auch bei hoher Geschwindigkeit<br data-start=\"1103\" data-end=\"1106\">- Kann mit original Gloryfy-Gl\u00e4sern im Visier erhalten werden<br data-start=\"1172\" data-end=\"1175\">- Hergestellt in Tirol (\u00d6sterreich)<\/p>\n","protected":false},"featured_media":66435,"template":"","meta":[],"product_brand":[823],"product_cat":[584,639,560,638,561,559],"product_tag":[],"class_list":{"0":"post-74612","1":"product","2":"type-product","3":"status-publish","4":"has-post-thumbnail","6":"product_brand-gloryfy","7":"product_cat-sportbrille","8":"product_cat-gravelbiker-radfahren","9":"product_cat-laufen","10":"product_cat-mountainbiking","11":"product_cat-radfahren","12":"product_cat-radfahrerbrille","13":"pa_geschikt-voor-frauen","14":"pa_geschikt-voor-manner","15":"pa_kleur-montuur-schwarz","17":"first","18":"instock","19":"shipping-taxable","20":"purchasable","21":"product-type-simple"},"_links":{"self":[{"href":"https:\/\/specialspex.artitex.dev\/de\/wp-json\/wp\/v2\/product\/74612","targetHints":{"allow":["GET"]}}],"collection":[{"href":"https:\/\/specialspex.artitex.dev\/de\/wp-json\/wp\/v2\/product"}],"about":[{"href":"https:\/\/specialspex.artitex.dev\/de\/wp-json\/wp\/v2\/types\/product"}],"wp:featuredmedia":[{"embeddable":true,"href":"https:\/\/specialspex.artitex.dev\/de\/wp-json\/wp\/v2\/media\/66435"}],"wp:attachment":[{"href":"https:\/\/specialspex.artitex.dev\/de\/wp-json\/wp\/v2\/media?parent=74612"}],"wp:term":[{"taxonomy":"product_brand","embeddable":true,"href":"https:\/\/specialspex.artitex.dev\/de\/wp-json\/wp\/v2\/product_brand?post=74612"},{"taxonomy":"product_cat","embeddable":true,"href":"https:\/\/specialspex.artitex.dev\/de\/wp-json\/wp\/v2\/product_cat?post=74612"},{"taxonomy":"product_tag","embeddable":true,"href":"https:\/\/specialspex.artitex.dev\/de\/wp-json\/wp\/v2\/product_tag?post=74612"}],"curies":[{"name":"wp","href":"https:\/\/api.w.org\/{rel}","templated":true}]}}