{"id":74634,"date":"2025-11-25T15:51:58","date_gmt":"2025-11-25T14:51:58","guid":{"rendered":"https:\/\/specialspex.artitex.dev\/product\/julbo-clip\/"},"modified":"2025-11-25T15:51:58","modified_gmt":"2025-11-25T14:51:58","slug":"julbo-clip","status":"publish","type":"product","link":"https:\/\/specialspex.artitex.dev\/de\/optischer-clip\/julbo-clip\/","title":{"rendered":"Julbo Clip"},"content":{"rendered":"<p data-start=\"97\" data-end=\"450\">Der Julbo Clip ist ideal f\u00fcr alle, die im Alltag eine Brille tragen. Indem du den Clip an Modellen mit 3D Fit Nose - wie Ultimate, Rush und Outline - anbringst, verwandelst du deine Julbo Sportbrille in eine Korrektionsbrille. So kannst du auf dem Rad klare Sicht genie\u00dfen, ohne auf Komfort oder Stil verzichten zu m\u00fcssen.  <\/p>\n<p data-start=\"452\" data-end=\"696\" data-is-last-node=\"\" data-is-only-node=\"\">- Geeignet f\u00fcr Modelle mit 3D Fit Nose<br data-start=\"492\" data-end=\"495\">- Verwandelt die Sportbrille in eine Korrektionsbrille<br data-start=\"541\" data-end=\"544\">- Klare Sicht beim Sport<br data-start=\"578\" data-end=\"581\">- Inklusive Korrektureinzelgl\u00e4sern<br data-start=\"623\" data-end=\"626\">- M\u00f6glichkeit zur Aufr\u00fcstung auf Gleitsichtgl\u00e4ser und Antibeschlagbeschichtung<\/p>\n","protected":false},"excerpt":{"rendered":"<p data-start=\"92\" data-end=\"455\">Die Kover Schutzbrille bietet dank der Dichtung und des B\u00fcgels eines der h\u00f6chsten Schutzniveaus innerhalb unseres Korrektursortiments. Das bequeme und verstellbare Modell passt auf die meisten Gesichter, w\u00e4hrend der breite Rahmen ein weites Sichtfeld bietet. Die Brille ist nach EN-166 zertifiziert und sch\u00fctzt vor fliegenden festen und fl\u00fcssigen Partikeln und Staub.  <\/p>\n<p data-start=\"457\" data-end=\"796\" data-is-last-node=\"\" data-is-only-node=\"\">- EN-166-zertifizierter Schutz<br data-start=\"493\" data-end=\"496\">- Hohes Schutzniveau durch Dichtung und Band<br data-start=\"542\" data-end=\"545\">- Bequem und anpassbar f\u00fcr die meisten Gesichter<br data-start=\"598\" data-end=\"601\">- Breites Sichtfeld dank breitem Rahmen<br data-start=\"640\" data-end=\"643\">- Kann mit speziell gebogenen Gl\u00e4sern nach Ma\u00df angefertigt werden<br data-start=\"693\" data-end=\"696\">- Die Brille kann vollst\u00e4ndig individuell angepasst werden, einschlie\u00dflich Co-T\u00f6nung<br data-start=\"757\" data-end=\"760\">- Standardm\u00e4\u00dfig klare Gl\u00e4ser enthalten<\/p>\n","protected":false},"featured_media":64018,"template":"","meta":[],"product_brand":[790],"product_cat":[682],"product_tag":[],"class_list":{"0":"post-74634","1":"product","2":"type-product","3":"status-publish","4":"has-post-thumbnail","6":"product_brand-julbo","7":"product_cat-optischer-clip","8":"pa_geschikt-voor-frauen","9":"pa_geschikt-voor-manner","10":"pa_kleur-montuur-transparent-klar","11":"pa_soort-bril-op-sterkte-geeignet-fuer-hohe-staerken","12":"pa_soort-bril-op-sterkte-mit-sehstaerke","14":"first","15":"instock","16":"shipping-taxable","17":"purchasable","18":"product-type-simple"},"_links":{"self":[{"href":"https:\/\/specialspex.artitex.dev\/de\/wp-json\/wp\/v2\/product\/74634","targetHints":{"allow":["GET"]}}],"collection":[{"href":"https:\/\/specialspex.artitex.dev\/de\/wp-json\/wp\/v2\/product"}],"about":[{"href":"https:\/\/specialspex.artitex.dev\/de\/wp-json\/wp\/v2\/types\/product"}],"wp:featuredmedia":[{"embeddable":true,"href":"https:\/\/specialspex.artitex.dev\/de\/wp-json\/wp\/v2\/media\/64018"}],"wp:attachment":[{"href":"https:\/\/specialspex.artitex.dev\/de\/wp-json\/wp\/v2\/media?parent=74634"}],"wp:term":[{"taxonomy":"product_brand","embeddable":true,"href":"https:\/\/specialspex.artitex.dev\/de\/wp-json\/wp\/v2\/product_brand?post=74634"},{"taxonomy":"product_cat","embeddable":true,"href":"https:\/\/specialspex.artitex.dev\/de\/wp-json\/wp\/v2\/product_cat?post=74634"},{"taxonomy":"product_tag","embeddable":true,"href":"https:\/\/specialspex.artitex.dev\/de\/wp-json\/wp\/v2\/product_tag?post=74634"}],"curies":[{"name":"wp","href":"https:\/\/api.w.org\/{rel}","templated":true}]}}