{"id":74640,"date":"2025-11-26T10:33:24","date_gmt":"2025-11-26T09:33:24","guid":{"rendered":"https:\/\/specialspex.artitex.dev\/product\/surge\/"},"modified":"2026-04-18T12:08:47","modified_gmt":"2026-04-18T10:08:47","slug":"surge","status":"publish","type":"product","link":"https:\/\/specialspex.artitex.dev\/de\/sportbrille\/wassersport\/surfen-kite-surfen\/lip-sunwear-surge\/","title":{"rendered":"Surge"},"content":{"rendered":"<p data-start=\"254\" data-end=\"719\">Die LiP Surge ist eine hochwertige Kitesurfing-Goggle, die maximalen Schutz, Stabilit\u00e4t und klare Sicht bei allen Bedingungen auf dem Wasser bietet. Die flexible, robuste Konstruktion liegt eng am Gesicht an und bleibt dank des verstellbaren Bandes auch bei hoher Geschwindigkeit oder harten St\u00f6\u00dfen fest an ihrem Platz. Das fortschrittliche Bel\u00fcftungssystem verhindert Kondenswasserbildung, w\u00e4hrend die wasser- und salzabweisenden Scheibenbeschichtungen f\u00fcr klare Sicht bei Sonne, Gischt und Wellen sorgen.  <\/p>\n<p data-start=\"721\" data-end=\"957\">Die Surge sch\u00fctzt deine Augen effektiv vor UV-Licht, Wind, Gischt und Salzwasser, damit du dich bei jeder Session wohl f\u00fchlst und dich konzentrieren kannst. Das macht die Brille ideal f\u00fcr Kitesurfen, Windsurfen und andere intensive Wassersportarten. <\/p>\n<p data-start=\"959\" data-end=\"1312\">- Flexible und robuste Konstruktion f\u00fcr maximale Stabilit\u00e4t auf dem Wasser<br data-start=\"1033\" data-end=\"1036\">- Wasser-, salz- und schmutzabweisende Linsenbeschichtungen f\u00fcr klare Sicht<br data-start=\"1100\" data-end=\"1103\">- Bel\u00fcftungssystem gegen Kondenswasser<br data-start=\"1143\" data-end=\"1146\">- Bequeme Passform mit verstellbarem Gurt<br data-start=\"1190\" data-end=\"1193\">- Hervorragender Schutz vor UV-Licht, Wind und Gischt<br data-start=\"1248\" data-end=\"1251\">- Ideal f\u00fcr Kitesurfen, Windsurfen und andere Wassersportarten<\/p>\n","protected":false},"excerpt":{"rendered":"<p data-start=\"254\" data-end=\"719\">Die LiP Surge ist eine hochwertige Kitesurfing-Goggle, die maximalen Schutz, Stabilit\u00e4t und klare Sicht bei allen Bedingungen auf dem Wasser bietet. Die flexible, robuste Konstruktion liegt eng am Gesicht an und bleibt dank des verstellbaren Bandes auch bei hoher Geschwindigkeit oder harten St\u00f6\u00dfen fest an ihrem Platz. Das fortschrittliche Bel\u00fcftungssystem verhindert Kondenswasserbildung, w\u00e4hrend die wasser- und salzabweisenden Scheibenbeschichtungen f\u00fcr klare Sicht bei Sonne, Gischt und Wellen sorgen.  <\/p>\n<p data-start=\"721\" data-end=\"957\">Die Surge sch\u00fctzt deine Augen effektiv vor UV-Licht, Wind, Gischt und Salzwasser, damit du dich bei jeder Session wohl f\u00fchlst und dich konzentrieren kannst. Das macht die Brille ideal f\u00fcr Kitesurfen, Windsurfen und andere intensive Wassersportarten. <\/p>\n<p data-start=\"959\" data-end=\"1312\">- Flexible und robuste Konstruktion f\u00fcr maximale Stabilit\u00e4t auf dem Wasser<br data-start=\"1033\" data-end=\"1036\">- Wasser-, salz- und schmutzabweisende Linsenbeschichtungen f\u00fcr klare Sicht<br data-start=\"1100\" data-end=\"1103\">- Bel\u00fcftungssystem gegen Kondenswasser<br data-start=\"1143\" data-end=\"1146\">- Bequeme Passform mit verstellbarem Gurt<br data-start=\"1190\" data-end=\"1193\">- Hervorragender Schutz gegen UV-Licht, Wind und Gischt<br data-start=\"1248\" data-end=\"1251\">- Ideal f\u00fcr Kitesurfen, Windsurfen und andere Wassersportarten<\/p>\n","protected":false},"featured_media":66759,"template":"","meta":[],"product_brand":[803],"product_cat":[688,687],"product_tag":[],"class_list":{"0":"post-74640","1":"product","2":"type-product","3":"status-publish","4":"has-post-thumbnail","6":"product_brand-lip-sunwear","7":"product_cat-wassersport","8":"product_cat-surfen-kite-surfen","9":"pa_geschikt-voor-frauen","10":"pa_geschikt-voor-manner","11":"pa_kleur-montuur-grau","12":"pa_kleur-montuur-schwarz","13":"pa_kleur-montuur-weiss","14":"pa_maat-montuur-gross","15":"pa_maat-montuur-medium","16":"pa_soort-bril-op-sterkte-mit-sehstaerke","17":"pa_soort-bril-op-sterkte-ohne-sehstaerke","19":"first","20":"instock","21":"sale","22":"shipping-taxable","23":"purchasable","24":"product-type-variable"},"_links":{"self":[{"href":"https:\/\/specialspex.artitex.dev\/de\/wp-json\/wp\/v2\/product\/74640","targetHints":{"allow":["GET"]}}],"collection":[{"href":"https:\/\/specialspex.artitex.dev\/de\/wp-json\/wp\/v2\/product"}],"about":[{"href":"https:\/\/specialspex.artitex.dev\/de\/wp-json\/wp\/v2\/types\/product"}],"wp:featuredmedia":[{"embeddable":true,"href":"https:\/\/specialspex.artitex.dev\/de\/wp-json\/wp\/v2\/media\/66759"}],"wp:attachment":[{"href":"https:\/\/specialspex.artitex.dev\/de\/wp-json\/wp\/v2\/media?parent=74640"}],"wp:term":[{"taxonomy":"product_brand","embeddable":true,"href":"https:\/\/specialspex.artitex.dev\/de\/wp-json\/wp\/v2\/product_brand?post=74640"},{"taxonomy":"product_cat","embeddable":true,"href":"https:\/\/specialspex.artitex.dev\/de\/wp-json\/wp\/v2\/product_cat?post=74640"},{"taxonomy":"product_tag","embeddable":true,"href":"https:\/\/specialspex.artitex.dev\/de\/wp-json\/wp\/v2\/product_tag?post=74640"}],"curies":[{"name":"wp","href":"https:\/\/api.w.org\/{rel}","templated":true}]}}