{"id":74655,"date":"2025-11-26T12:07:58","date_gmt":"2025-11-26T11:07:58","guid":{"rendered":"https:\/\/specialspex.artitex.dev\/product\/chronicle\/"},"modified":"2026-04-18T12:08:46","modified_gmt":"2026-04-18T10:08:46","slug":"chronicle","status":"publish","type":"product","link":"https:\/\/specialspex.artitex.dev\/de\/sportbrille\/golfbrille\/nike-chronicle\/","title":{"rendered":"Chronicle"},"content":{"rendered":"<p data-start=\"177\" data-end=\"673\">Die Nike Chronicle FJ2216 ist eine moderne, leichte Sonnenbrille, die sportliche Leistung mit einem schlanken Lifestyle-Look kombiniert. Der Rahmen ist f\u00fcr einen bequemen und stabilen Sitz konzipiert, sodass die Brille sowohl f\u00fcr den Alltag als auch f\u00fcr aktive Momente geeignet ist. Dank der griffigen Nasenpads und Beinenden bleibt die Chronicle auch bei Bewegung sicher an ihrem Platz. Die Scheibenform bietet ein weites Sichtfeld und sch\u00fctzt die Augen effektiv vor hellem Licht und Wetterbedingungen.   <\/p>\n<p data-start=\"675\" data-end=\"1022\">- Leichte und bequeme Fassung f\u00fcr den t\u00e4glichen Gebrauch<br data-start=\"735\" data-end=\"738\">- Gummierte Nasenpads und griffige Beinenden f\u00fcr zus\u00e4tzliche Stabilit\u00e4t<br data-start=\"807\" data-end=\"810\">- Weites Sichtfeld dank moderner Glasform<br data-start=\"857\" data-end=\"860\">- Sportlicher Look kombiniert mit praktischer Funktionalit\u00e4t<br data-start=\"920\" data-end=\"923\">- Kann mit hochwertigen Specialspex-Gl\u00e4sern bezogen werden<br data-start=\"982\" data-end=\"985\">- Schutzbeutel im Lieferumfang enthalten<\/p>\n","protected":false},"excerpt":{"rendered":"<p data-start=\"177\" data-end=\"673\">Die Nike Chronicle FJ2216 ist eine moderne, leichte Sonnenbrille, die sportliche Leistung mit einem schlanken Lifestyle-Look kombiniert. Der Rahmen ist f\u00fcr einen bequemen und stabilen Sitz konzipiert, sodass die Brille sowohl f\u00fcr den Alltag als auch f\u00fcr aktive Momente geeignet ist. Dank der griffigen Nasenpads und Beinenden bleibt die Chronicle auch bei Bewegung sicher an ihrem Platz. Die Scheibenform bietet ein weites Sichtfeld und sch\u00fctzt die Augen effektiv vor hellem Licht und Wetterbedingungen.   <\/p>\n<p data-start=\"675\" data-end=\"1022\">- Leichte und bequeme Fassung f\u00fcr den t\u00e4glichen Gebrauch<br data-start=\"735\" data-end=\"738\">- Gummierte Nasenpads und griffige Beinenden f\u00fcr zus\u00e4tzliche Stabilit\u00e4t<br data-start=\"807\" data-end=\"810\">- Weites Sichtfeld dank moderner Glasform<br data-start=\"857\" data-end=\"860\">- Sportlicher Look kombiniert mit praktischer Funktionalit\u00e4t<br data-start=\"920\" data-end=\"923\">- Kann mit hochwertigen Specialspex-Gl\u00e4sern bezogen werden<br data-start=\"982\" data-end=\"985\">- Schutzbeutel im Lieferumfang enthalten<\/p>\n","protected":false},"featured_media":66845,"template":"","meta":[],"product_brand":[788],"product_cat":[584,660,559],"product_tag":[],"class_list":{"0":"post-74655","1":"product","2":"type-product","3":"status-publish","4":"has-post-thumbnail","6":"product_brand-nike","7":"product_cat-sportbrille","8":"product_cat-golfbrille","9":"product_cat-radfahrerbrille","10":"pa_geschikt-voor-frauen","11":"pa_geschikt-voor-manner","12":"pa_kleur-montuur-schwarz","13":"pa_maat-montuur-gross","14":"pa_maat-montuur-medium","15":"pa_soort-bril-op-sterkte-mit-sehstaerke","16":"pa_soort-bril-op-sterkte-ohne-sehstaerke","18":"first","19":"instock","20":"shipping-taxable","21":"purchasable","22":"product-type-simple"},"_links":{"self":[{"href":"https:\/\/specialspex.artitex.dev\/de\/wp-json\/wp\/v2\/product\/74655","targetHints":{"allow":["GET"]}}],"collection":[{"href":"https:\/\/specialspex.artitex.dev\/de\/wp-json\/wp\/v2\/product"}],"about":[{"href":"https:\/\/specialspex.artitex.dev\/de\/wp-json\/wp\/v2\/types\/product"}],"wp:featuredmedia":[{"embeddable":true,"href":"https:\/\/specialspex.artitex.dev\/de\/wp-json\/wp\/v2\/media\/66845"}],"wp:attachment":[{"href":"https:\/\/specialspex.artitex.dev\/de\/wp-json\/wp\/v2\/media?parent=74655"}],"wp:term":[{"taxonomy":"product_brand","embeddable":true,"href":"https:\/\/specialspex.artitex.dev\/de\/wp-json\/wp\/v2\/product_brand?post=74655"},{"taxonomy":"product_cat","embeddable":true,"href":"https:\/\/specialspex.artitex.dev\/de\/wp-json\/wp\/v2\/product_cat?post=74655"},{"taxonomy":"product_tag","embeddable":true,"href":"https:\/\/specialspex.artitex.dev\/de\/wp-json\/wp\/v2\/product_tag?post=74655"}],"curies":[{"name":"wp","href":"https:\/\/api.w.org\/{rel}","templated":true}]}}