{"id":74660,"date":"2025-11-26T12:31:14","date_gmt":"2025-11-26T11:31:14","guid":{"rendered":"https:\/\/specialspex.artitex.dev\/product\/flyfree\/"},"modified":"2026-04-18T12:08:45","modified_gmt":"2026-04-18T10:08:45","slug":"flyfree","status":"publish","type":"product","link":"https:\/\/specialspex.artitex.dev\/de\/sportbrille\/radfahrerbrille\/gravelbiker-radfahren\/nike-flyfree\/","title":{"rendered":"Flyfree"},"content":{"rendered":"<p data-start=\"222\" data-end=\"700\">Die Nike Flyfree ist eine vielseitige und sportliche Sonnenbrille, die f\u00fcr maximale Flexibilit\u00e4t, Stabilit\u00e4t und klare Sicht bei Outdoor-Workouts entwickelt wurde. Dank des innovativen Docking-Systems kannst du ganz einfach zwischen verschiedenen Glastypen wechseln, sodass du die Brille immer an die Bedingungen anpassen kannst. Die Flyfree sitzt bequem auf dem Gesicht und bleibt dank der gummierten Nasenpads und griffigen Beinenden auch bei schnellem Tempo stabil.  <\/p>\n<p data-start=\"702\" data-end=\"921\">Ein wesentlicher Vorteil dieses Modells ist, dass die Docks f\u00fcr Korrektionsgl\u00e4ser geeignet sind. So k\u00f6nnen auch Tr\u00e4ger mit h\u00f6heren Sehst\u00e4rken problemlos eine optimale optische Leistung in einem sportlichen Design genie\u00dfen. <\/p>\n<p data-start=\"923\" data-end=\"1342\">- Innovatives Docking-System mit austauschbaren Gl\u00e4sern<br data-start=\"972\" data-end=\"975\">- Nimmt verschreibungspflichtige Gl\u00e4ser in den Docks auf - ideal f\u00fcr h\u00f6here St\u00e4rken<br data-start=\"1050\" data-end=\"1053\">- Leichtes Design f\u00fcr langanhaltenden Tragekomfort<br data-start=\"1103\" data-end=\"1106\">- Gummierte Nasenpads und griffige Beinenden f\u00fcr stabilen Sitz<br data-start=\"1174\" data-end=\"1177\">- Weites Sichtfeld mit gutem Sonnen- und Windschutz<br data-start=\"1236\" data-end=\"1239\">- Perfekt zum Laufen, Radfahren und f\u00fcr den allt\u00e4glichen Sportgebrauch<br data-start=\"1302\" data-end=\"1305\">- Sch\u00fctzendes Aufbewahrungsetui enthalten<\/p>\n","protected":false},"excerpt":{"rendered":"<p data-start=\"222\" data-end=\"700\">Die Nike Flyfree ist eine vielseitige und sportliche Sonnenbrille, die f\u00fcr maximale Flexibilit\u00e4t, Stabilit\u00e4t und klare Sicht bei Outdoor-Workouts entwickelt wurde. Dank des innovativen Docking-Systems kannst du ganz einfach zwischen verschiedenen Glastypen wechseln, sodass du die Brille immer an die Bedingungen anpassen kannst. Die Flyfree sitzt bequem auf dem Gesicht und bleibt dank der gummierten Nasenpads und griffigen Beinenden auch bei schnellem Tempo stabil.  <\/p>\n<p data-start=\"702\" data-end=\"921\">Ein entscheidender Vorteil dieses Modells ist, dass die Docks f\u00fcr Korrektionsgl\u00e4ser geeignet sind. So k\u00f6nnen auch Tr\u00e4ger mit h\u00f6heren Sehst\u00e4rken problemlos eine optimale optische Leistung in einem sportlichen Design genie\u00dfen. <\/p>\n<p data-start=\"923\" data-end=\"1342\">- Innovatives Docking-System mit austauschbaren Gl\u00e4sern<br data-start=\"972\" data-end=\"975\">- Nimmt verschreibungspflichtige Gl\u00e4ser in den Docks auf - ideal f\u00fcr h\u00f6here St\u00e4rken<br data-start=\"1050\" data-end=\"1053\">- Leichtes Design f\u00fcr langanhaltenden Tragekomfort<br data-start=\"1103\" data-end=\"1106\">- Gummierte Nasenpads und griffige Beinenden f\u00fcr stabilen Sitz<br data-start=\"1174\" data-end=\"1177\">- Weites Sichtfeld mit gutem Sonnen- und Windschutz<br data-start=\"1236\" data-end=\"1239\">- Perfekt zum Laufen, Radfahren und f\u00fcr den allt\u00e4glichen Sportgebrauch<br data-start=\"1302\" data-end=\"1305\">- Sch\u00fctzendes Aufbewahrungsetui enthalten<\/p>\n","protected":false},"featured_media":62200,"template":"","meta":[],"product_brand":[788],"product_cat":[584,639,560,638,561,559,662],"product_tag":[],"class_list":{"0":"post-74660","1":"product","2":"type-product","3":"status-publish","4":"has-post-thumbnail","6":"product_brand-nike","7":"product_cat-sportbrille","8":"product_cat-gravelbiker-radfahren","9":"product_cat-laufen","10":"product_cat-mountainbiking","11":"product_cat-radfahren","12":"product_cat-radfahrerbrille","13":"product_cat-trailrunning","14":"pa_geschikt-voor-frauen","15":"pa_geschikt-voor-manner","16":"pa_kleur-montuur-blau","17":"pa_kleur-montuur-braun","18":"pa_kleur-montuur-gelb","19":"pa_kleur-montuur-grau","20":"pa_kleur-montuur-rot","21":"pa_kleur-montuur-schwarz","22":"pa_maat-montuur-gross","23":"pa_soort-bril-op-sterkte-geeignet-fuer-hohe-staerken","24":"pa_soort-bril-op-sterkte-mit-sehstaerke","26":"first","27":"instock","28":"shipping-taxable","29":"purchasable","30":"product-type-variable"},"_links":{"self":[{"href":"https:\/\/specialspex.artitex.dev\/de\/wp-json\/wp\/v2\/product\/74660","targetHints":{"allow":["GET"]}}],"collection":[{"href":"https:\/\/specialspex.artitex.dev\/de\/wp-json\/wp\/v2\/product"}],"about":[{"href":"https:\/\/specialspex.artitex.dev\/de\/wp-json\/wp\/v2\/types\/product"}],"wp:featuredmedia":[{"embeddable":true,"href":"https:\/\/specialspex.artitex.dev\/de\/wp-json\/wp\/v2\/media\/62200"}],"wp:attachment":[{"href":"https:\/\/specialspex.artitex.dev\/de\/wp-json\/wp\/v2\/media?parent=74660"}],"wp:term":[{"taxonomy":"product_brand","embeddable":true,"href":"https:\/\/specialspex.artitex.dev\/de\/wp-json\/wp\/v2\/product_brand?post=74660"},{"taxonomy":"product_cat","embeddable":true,"href":"https:\/\/specialspex.artitex.dev\/de\/wp-json\/wp\/v2\/product_cat?post=74660"},{"taxonomy":"product_tag","embeddable":true,"href":"https:\/\/specialspex.artitex.dev\/de\/wp-json\/wp\/v2\/product_tag?post=74660"}],"curies":[{"name":"wp","href":"https:\/\/api.w.org\/{rel}","templated":true}]}}