{"id":74696,"date":"2025-11-28T12:00:00","date_gmt":"2025-11-28T11:00:00","guid":{"rendered":"https:\/\/specialspex.artitex.dev\/product\/corridor-sq\/"},"modified":"2026-04-18T12:08:30","modified_gmt":"2026-04-18T10:08:30","slug":"corridor-sq","status":"publish","type":"product","link":"https:\/\/specialspex.artitex.dev\/de\/sportbrille\/radfahrerbrille\/gravelbiker-radfahren\/oakley-corridor-sq\/","title":{"rendered":"Corridor sq"},"content":{"rendered":"<p data-start=\"188\" data-end=\"715\">Die Oakley Corridor SQ ist eine moderne, vielseitige Sonnenbrille, die sportliche Leistung mit einem stylischen, allt\u00e4glichen Look kombiniert. Das quadratische (Square) Design verleiht der Brille einen schlanken, modernen Look, w\u00e4hrend die Semi-Wrap-Passform ein weites Sichtfeld und leichten Wind- und Sonnenschutz bietet. Der leichte O Matter-Rahmen bietet lang anhaltenden Tragekomfort, ideal zum Laufen, Wandern, Radfahren oder f\u00fcr den t\u00e4glichen Gebrauch. Dank der Unobtainium-Nasenpads bleibt die Brille auch dann fest an ihrem Platz, wenn du schwitzt.   <\/p>\n<p data-start=\"717\" data-end=\"1093\">- Quadratisches, modernes Design mit leichter Wickelform f\u00fcr weite Sicht<br data-start=\"781\" data-end=\"784\">- Leichter und strapazierf\u00e4higer O Matter-Rahmen f\u00fcr ganzt\u00e4gigen Komfort<br data-start=\"849\" data-end=\"852\">- Unobtainium-Nasenpads f\u00fcr rutschfesten Halt bei Bewegung<br data-start=\"909\" data-end=\"912\">- Ideal zum Laufen, Wandern, Radfahren und f\u00fcr den t\u00e4glichen Gebrauch<br data-start=\"975\" data-end=\"978\">- Erh\u00e4ltlich mit Prizm-Gl\u00e4sern f\u00fcr verbesserten Kontrast und detailliertere Sicht<br data-start=\"1053\" data-end=\"1056\">- Schutzh\u00fclle im Lieferumfang enthalten<\/p>\n","protected":false},"excerpt":{"rendered":"<p data-start=\"188\" data-end=\"715\">Die Oakley Corridor SQ ist eine moderne, vielseitige Sonnenbrille, die sportliche Leistung mit einem stylischen, allt\u00e4glichen Look kombiniert. Das quadratische (Square) Design verleiht der Brille einen schlanken, modernen Look, w\u00e4hrend die Semi-Wrap-Passform ein weites Sichtfeld und leichten Wind- und Sonnenschutz bietet. Der leichte O Matter-Rahmen bietet lang anhaltenden Tragekomfort, ideal zum Laufen, Wandern, Radfahren oder f\u00fcr den t\u00e4glichen Gebrauch. Dank der Unobtainium-Nasenpads bleibt die Brille auch dann fest an ihrem Platz, wenn du schwitzt.   <\/p>\n<p data-start=\"717\" data-end=\"1093\">- Quadratisches, modernes Design mit leichter Wickelform f\u00fcr weite Sicht<br data-start=\"781\" data-end=\"784\">- Leichter und strapazierf\u00e4higer O Matter-Rahmen f\u00fcr ganzt\u00e4gigen Komfort<br data-start=\"849\" data-end=\"852\">- Unobtainium-Nasenpads f\u00fcr rutschfesten Halt bei Bewegung<br data-start=\"909\" data-end=\"912\">- Ideal zum Laufen, Wandern, Radfahren und f\u00fcr den t\u00e4glichen Gebrauch<br data-start=\"975\" data-end=\"978\">- Erh\u00e4ltlich mit Prizm-Gl\u00e4sern f\u00fcr verbesserten Kontrast und detailliertere Sicht<br data-start=\"1053\" data-end=\"1056\">- Schutzh\u00fclle im Lieferumfang enthalten<\/p>\n","protected":false},"featured_media":67961,"template":"","meta":[],"product_brand":[806],"product_cat":[584,639,638,561,559],"product_tag":[],"class_list":{"0":"post-74696","1":"product","2":"type-product","3":"status-publish","4":"has-post-thumbnail","6":"product_brand-oakley","7":"product_cat-sportbrille","8":"product_cat-gravelbiker-radfahren","9":"product_cat-mountainbiking","10":"product_cat-radfahren","11":"product_cat-radfahrerbrille","12":"pa_geschikt-voor-frauen","13":"pa_geschikt-voor-manner","14":"pa_kleur-montuur-grau","15":"pa_kleur-montuur-grun","16":"pa_kleur-montuur-schwarz","17":"pa_kleur-montuur-transparent-klar","18":"pa_maat-montuur-gross","19":"pa_maat-montuur-medium","20":"pa_soort-bril-op-sterkte-ohne-sehstaerke","22":"first","23":"instock","24":"sale","25":"shipping-taxable","26":"purchasable","27":"product-type-variable"},"_links":{"self":[{"href":"https:\/\/specialspex.artitex.dev\/de\/wp-json\/wp\/v2\/product\/74696","targetHints":{"allow":["GET"]}}],"collection":[{"href":"https:\/\/specialspex.artitex.dev\/de\/wp-json\/wp\/v2\/product"}],"about":[{"href":"https:\/\/specialspex.artitex.dev\/de\/wp-json\/wp\/v2\/types\/product"}],"wp:featuredmedia":[{"embeddable":true,"href":"https:\/\/specialspex.artitex.dev\/de\/wp-json\/wp\/v2\/media\/67961"}],"wp:attachment":[{"href":"https:\/\/specialspex.artitex.dev\/de\/wp-json\/wp\/v2\/media?parent=74696"}],"wp:term":[{"taxonomy":"product_brand","embeddable":true,"href":"https:\/\/specialspex.artitex.dev\/de\/wp-json\/wp\/v2\/product_brand?post=74696"},{"taxonomy":"product_cat","embeddable":true,"href":"https:\/\/specialspex.artitex.dev\/de\/wp-json\/wp\/v2\/product_cat?post=74696"},{"taxonomy":"product_tag","embeddable":true,"href":"https:\/\/specialspex.artitex.dev\/de\/wp-json\/wp\/v2\/product_tag?post=74696"}],"curies":[{"name":"wp","href":"https:\/\/api.w.org\/{rel}","templated":true}]}}