{"id":74725,"date":"2025-11-28T14:27:10","date_gmt":"2025-11-28T13:27:10","guid":{"rendered":"https:\/\/specialspex.artitex.dev\/product\/climb\/"},"modified":"2026-04-18T12:08:25","modified_gmt":"2026-04-18T10:08:25","slug":"climb","status":"publish","type":"product","link":"https:\/\/specialspex.artitex.dev\/de\/sportbrille\/schiessbrille\/airsoft\/wiley-x-climb\/","title":{"rendered":"Climb"},"content":{"rendered":"<p data-start=\"343\" data-end=\"748\">Die Wiley X Climb wurde f\u00fcr Motorradfahrer entwickelt, die ein leichtes, schlankes und rundum zuverl\u00e4ssiges Modell suchen, das auch ohne Schaumstoffdichtung hervorragenden Schutz bietet. Die sportliche Wickelform liegt eng am Gesicht an und blockt Wind, Fahrtwindturbulenzen und helles Licht so gut wie m\u00f6glich ab. Der leichte, robuste Rahmen ist helmfreundlich und bleibt auch bei hohen Geschwindigkeiten, Kurvenfahrten und langen Fahrten stabil.  <\/p>\n<p data-start=\"750\" data-end=\"1125\">Die sto\u00dffesten Selenite Polycarbonat-Gl\u00e4ser bieten eine scharfe Optik und maximale Klarheit, ideal f\u00fcr das Fahren mit offenem Visier oder halboffenem Helm. Dank der geraden, komfortablen Federn bleibt die Climb auch auf l\u00e4ngeren Touren ohne Druckstellen fest an ihrem Platz. Das Design ist sportlich, aber dezent, so dass die Brille sowohl auf dem Rad als auch im Alltag angenehm zu tragen ist.  <\/p>\n<p data-start=\"1127\" data-end=\"1568\">- Leichter, sportlicher Rahmen, der perfekt zu Motorradhelmen passt<br data-start=\"1189\" data-end=\"1192\">- Wrap-around-Passform f\u00fcr zus\u00e4tzlichen Schutz vor Wind und Licht<br data-start=\"1256\" data-end=\"1259\">- Schlagfeste Polycarbonat-Gl\u00e4ser<br data-start=\"1318\" data-end=\"1321\">- Bequeme, gerade Federn, stabil bei hoher Geschwindigkeit<br data-start=\"1375\" data-end=\"1378\">- Ideal f\u00fcr Motorradfahren, Touren, Pendeln und den Einsatz im Freien<br data-start=\"1442\" data-end=\"1445\">- Auch zum Radfahren, Laufen und f\u00fcr den Alltag geeignet<br data-start=\"1504\" data-end=\"1507\">- EN166-zertifiziert f\u00fcr den pers\u00f6nlichen Augenschutz (nicht mit Sehst\u00e4rke erh\u00e4ltlich)<\/p>\n<p data-start=\"1570\" data-end=\"1778\">Erh\u00e4ltlich in verschreibungspflichtigen<br data-start=\"1589\" data-end=\"1592\">Die Wiley X Climb ist voll verschreibungspflichtig mit gebogenen Sportgl\u00e4sern in der von dir gew\u00e4hlten T\u00f6nung oder Co-T\u00f6nung.<\/p>\n","protected":false},"excerpt":{"rendered":"<p data-start=\"343\" data-end=\"748\">Die Wiley X Climb wurde f\u00fcr Motorradfahrer entwickelt, die ein leichtes, schlankes und rundum zuverl\u00e4ssiges Modell suchen, das auch ohne Schaumstoffdichtung hervorragenden Schutz bietet. Die sportliche Wickelform liegt eng am Gesicht an und blockt Wind, Fahrtwindturbulenzen und helles Licht so gut wie m\u00f6glich ab. Der leichte, robuste Rahmen ist helmfreundlich und bleibt auch bei hohen Geschwindigkeiten, Kurvenfahrten und langen Fahrten stabil.  <\/p>\n<p data-start=\"750\" data-end=\"1125\">Die schlagfesten Selenite Polycarbonat-Gl\u00e4ser bieten eine scharfe Optik und maximale Klarheit, ideal f\u00fcr Fahrten mit offenem Visier oder halboffenem Helm. Dank der geraden, komfortablen Federn bleibt die Climb auch auf l\u00e4ngeren Touren ohne Druckstellen fest an ihrem Platz. Das Design ist sportlich, aber dezent, so dass die Brille sowohl auf dem Rad als auch im Alltag angenehm zu tragen ist.  <\/p>\n<p data-start=\"1127\" data-end=\"1568\">- Leichter, sportlicher Rahmen, der perfekt zu Motorradhelmen passt<br data-start=\"1189\" data-end=\"1192\">- Wrap-around-Passform f\u00fcr zus\u00e4tzlichen Schutz vor Wind und Licht<br data-start=\"1256\" data-end=\"1259\">- Schlagfeste Polycarbonat-Gl\u00e4ser<br data-start=\"1318\" data-end=\"1321\">- Bequeme, gerade Federn, stabil bei hoher Geschwindigkeit<br data-start=\"1375\" data-end=\"1378\">- Ideal f\u00fcr Motorradfahren, Touren, Pendeln und den Einsatz im Freien<br data-start=\"1442\" data-end=\"1445\">- Auch zum Radfahren, Laufen und f\u00fcr den t\u00e4glichen Gebrauch geeignet<br data-start=\"1504\" data-end=\"1507\">- EN166-zertifiziert f\u00fcr den pers\u00f6nlichen Augenschutz (ohne Sehst\u00e4rke erh\u00e4ltlich)<\/p>\n<p data-start=\"1570\" data-end=\"1778\">Erh\u00e4ltlich in verschreibungspflichtigen<br data-start=\"1589\" data-end=\"1592\">Die Wiley X Climb ist voll verschreibungspflichtig mit gebogenen Sportgl\u00e4sern in der von dir gew\u00e4hlten T\u00f6nung oder Co-T\u00f6nung.<\/p>\n","protected":false},"featured_media":68100,"template":"","meta":[],"product_brand":[793],"product_cat":[659,710,695,712,711,709,663,666,661],"product_tag":[],"class_list":{"0":"post-74725","1":"product","2":"type-product","3":"status-publish","4":"has-post-thumbnail","6":"product_brand-wiley-x","7":"product_cat-motorradbrille","8":"product_cat-airsoft","9":"product_cat-fisch","10":"product_cat-jagen","11":"product_cat-pistolenschiessen","12":"product_cat-schiessbrille","13":"product_cat-segeln","14":"product_cat-tourenmotorrad","15":"product_cat-wandern","16":"pa_geschikt-voor-frauen","17":"pa_geschikt-voor-manner","18":"pa_kleur-montuur-grau","19":"pa_kleur-montuur-grun","20":"pa_kleur-montuur-schwarz","21":"pa_maat-montuur-gross","22":"pa_maat-montuur-medium","23":"pa_soort-bril-op-sterkte-mit-sehstaerke","24":"pa_soort-bril-op-sterkte-ohne-sehstaerke","26":"first","27":"instock","28":"sale","29":"shipping-taxable","30":"purchasable","31":"product-type-variable"},"_links":{"self":[{"href":"https:\/\/specialspex.artitex.dev\/de\/wp-json\/wp\/v2\/product\/74725","targetHints":{"allow":["GET"]}}],"collection":[{"href":"https:\/\/specialspex.artitex.dev\/de\/wp-json\/wp\/v2\/product"}],"about":[{"href":"https:\/\/specialspex.artitex.dev\/de\/wp-json\/wp\/v2\/types\/product"}],"wp:featuredmedia":[{"embeddable":true,"href":"https:\/\/specialspex.artitex.dev\/de\/wp-json\/wp\/v2\/media\/68100"}],"wp:attachment":[{"href":"https:\/\/specialspex.artitex.dev\/de\/wp-json\/wp\/v2\/media?parent=74725"}],"wp:term":[{"taxonomy":"product_brand","embeddable":true,"href":"https:\/\/specialspex.artitex.dev\/de\/wp-json\/wp\/v2\/product_brand?post=74725"},{"taxonomy":"product_cat","embeddable":true,"href":"https:\/\/specialspex.artitex.dev\/de\/wp-json\/wp\/v2\/product_cat?post=74725"},{"taxonomy":"product_tag","embeddable":true,"href":"https:\/\/specialspex.artitex.dev\/de\/wp-json\/wp\/v2\/product_tag?post=74725"}],"curies":[{"name":"wp","href":"https:\/\/api.w.org\/{rel}","templated":true}]}}