{"id":74733,"date":"2025-11-28T13:55:53","date_gmt":"2025-11-28T12:55:53","guid":{"rendered":"https:\/\/specialspex.artitex.dev\/product\/evzero-blades\/"},"modified":"2026-04-18T12:08:28","modified_gmt":"2026-04-18T10:08:28","slug":"evzero-blades","status":"publish","type":"product","link":"https:\/\/specialspex.artitex.dev\/de\/sportbrille\/golfbrille\/oakley-evzero-blades\/","title":{"rendered":"EVZero Blades"},"content":{"rendered":"<p data-start=\"216\" data-end=\"773\">Die Oakley EV Zero Blades ist eine ultraleichte Performance-Sonnenbrille, die f\u00fcr maximale Geschwindigkeit, Agilit\u00e4t und ein ungehindertes Sichtfeld entwickelt wurde. Durch das rahmenlose Schilddesign f\u00fchlt sich die Brille fast schwerelos an, w\u00e4hrend die breite Scheibenform optimalen Schutz vor Sonne, Wind und Wetter bietet. Die Kombination aus Unobtainium Nasenpads und Ohrst\u00f6pseln sorgt f\u00fcr einen festen, rutschfesten Halt, auch wenn du schwitzt. Damit ist die EV Zero Blades ideal f\u00fcr L\u00e4ufer, Radfahrer und andere Sportler, die Spitzenleistungen bei minimaler Belastung erwarten.   <\/p>\n<p data-start=\"775\" data-end=\"1220\">- Ultraleichtes, rahmenloses Schilddesign f\u00fcr maximale Geschwindigkeit und ein weites Sichtfeld<br data-start=\"858\" data-end=\"861\">- Wrap-around-Glasform f\u00fcr exzellenten Sonnen- und Windschutz<br data-start=\"930\" data-end=\"933\">- Unobtainium-Nasenpads und -Ohrst\u00f6psel f\u00fcr stabilen Halt beim Schwitzen<br data-start=\"1002\" data-end=\"1005\">- Ideal zum Laufen, Radfahren und f\u00fcr intensive Outdoor-Sportarten<br data-start=\"1065\" data-end=\"1068\">- Erh\u00e4ltlich mit Prizm-Gl\u00e4sern f\u00fcr verbesserte Kontrast- und Detailsicht<br data-start=\"1147\" data-end=\"1150\">- Nicht mit verschreibungspflichtigen Gl\u00e4sern erh\u00e4ltlich<br data-start=\"1180\" data-end=\"1183\">- Inklusive Schutzh\u00fclle<\/p>\n","protected":false},"excerpt":{"rendered":"<p data-start=\"216\" data-end=\"773\">Die Oakley EV Zero Blades ist eine ultraleichte Performance-Sonnenbrille, die f\u00fcr maximale Geschwindigkeit, Agilit\u00e4t und ein ungehindertes Sichtfeld entwickelt wurde. Durch das rahmenlose Schilddesign f\u00fchlt sich die Brille fast schwerelos an, w\u00e4hrend die breite Scheibenform optimalen Schutz vor Sonne, Wind und Wetter bietet. Die Kombination aus Unobtainium Nasenpads und Ohrst\u00f6pseln sorgt f\u00fcr einen festen, rutschfesten Halt, auch wenn du schwitzt. Damit ist die EV Zero Blades ideal f\u00fcr L\u00e4ufer, Radfahrer und andere Sportler, die Spitzenleistungen bei minimaler Belastung erwarten.   <\/p>\n<p data-start=\"775\" data-end=\"1220\">- Ultraleichtes, rahmenloses Schilddesign f\u00fcr maximale Geschwindigkeit und ein weites Sichtfeld<br data-start=\"858\" data-end=\"861\">- Wrap-around-Glasform f\u00fcr exzellenten Sonnen- und Windschutz<br data-start=\"930\" data-end=\"933\">- Unobtainium-Nasenpads und -Ohrst\u00f6psel f\u00fcr stabilen Halt beim Schwitzen<br data-start=\"1002\" data-end=\"1005\">- Ideal zum Laufen, Radfahren und f\u00fcr intensive Outdoor-Sportarten<br data-start=\"1065\" data-end=\"1068\">- Erh\u00e4ltlich mit Prizm-Gl\u00e4sern f\u00fcr verbesserte Kontrast- und Detailsicht<br data-start=\"1147\" data-end=\"1150\">- Nicht mit verschreibungspflichtigen Gl\u00e4sern erh\u00e4ltlich<br data-start=\"1180\" data-end=\"1183\">- Inklusive Schutzh\u00fclle<\/p>\n","protected":false},"featured_media":52924,"template":"","meta":[],"product_brand":[806],"product_cat":[584,660,639,560,638,561,559],"product_tag":[],"class_list":{"0":"post-74733","1":"product","2":"type-product","3":"status-publish","4":"has-post-thumbnail","6":"product_brand-oakley","7":"product_cat-sportbrille","8":"product_cat-golfbrille","9":"product_cat-gravelbiker-radfahren","10":"product_cat-laufen","11":"product_cat-mountainbiking","12":"product_cat-radfahren","13":"product_cat-radfahrerbrille","14":"pa_geschikt-voor-frauen","15":"pa_geschikt-voor-manner","16":"pa_kleur-montuur-schwarz","17":"pa_maat-montuur-gross","18":"pa_maat-montuur-medium","19":"pa_soort-bril-op-sterkte-ohne-sehstaerke","21":"first","22":"instock","23":"sale","24":"shipping-taxable","25":"purchasable","26":"product-type-simple"},"_links":{"self":[{"href":"https:\/\/specialspex.artitex.dev\/de\/wp-json\/wp\/v2\/product\/74733","targetHints":{"allow":["GET"]}}],"collection":[{"href":"https:\/\/specialspex.artitex.dev\/de\/wp-json\/wp\/v2\/product"}],"about":[{"href":"https:\/\/specialspex.artitex.dev\/de\/wp-json\/wp\/v2\/types\/product"}],"wp:featuredmedia":[{"embeddable":true,"href":"https:\/\/specialspex.artitex.dev\/de\/wp-json\/wp\/v2\/media\/52924"}],"wp:attachment":[{"href":"https:\/\/specialspex.artitex.dev\/de\/wp-json\/wp\/v2\/media?parent=74733"}],"wp:term":[{"taxonomy":"product_brand","embeddable":true,"href":"https:\/\/specialspex.artitex.dev\/de\/wp-json\/wp\/v2\/product_brand?post=74733"},{"taxonomy":"product_cat","embeddable":true,"href":"https:\/\/specialspex.artitex.dev\/de\/wp-json\/wp\/v2\/product_cat?post=74733"},{"taxonomy":"product_tag","embeddable":true,"href":"https:\/\/specialspex.artitex.dev\/de\/wp-json\/wp\/v2\/product_tag?post=74733"}],"curies":[{"name":"wp","href":"https:\/\/api.w.org\/{rel}","templated":true}]}}