{"id":74734,"date":"2025-11-28T13:47:04","date_gmt":"2025-11-28T12:47:04","guid":{"rendered":"https:\/\/specialspex.artitex.dev\/product\/encoder\/"},"modified":"2026-04-18T12:08:29","modified_gmt":"2026-04-18T10:08:29","slug":"encoder","status":"publish","type":"product","link":"https:\/\/specialspex.artitex.dev\/de\/sportbrille\/radfahrerbrille\/gravelbiker-radfahren\/oakley-encoder\/","title":{"rendered":"Encoder"},"content":{"rendered":"<p data-start=\"209\" data-end=\"790\">Die Oakley Encoder ist eine fortschrittliche Sportsonnenbrille, die f\u00fcr maximale Leistung bei intensiven Aktivit\u00e4ten entwickelt wurde. Dank des rahmenlosen Schilddesigns bietet die Brille ein extrem breites Sichtfeld und optimalen Schutz vor Sonne und Wind. Die Kombination aus einer leichten Rahmenstruktur und einer steifen Scheibenkonstruktion sorgt f\u00fcr Stabilit\u00e4t bei schnellen Bewegungen, w\u00e4hrend die Unobtainium-Nasenpads und -Ohrst\u00f6psel einen festen, rutschfesten Halt bieten - auch wenn du schwitzt. Die Encoder ist ideal f\u00fcr L\u00e4ufer, Radfahrer und andere Sportler, die Spitzenleistungen verlangen.   <\/p>\n<p data-start=\"792\" data-end=\"1235\">- Rahmenloses Schilddesign f\u00fcr ein weites und ungehindertes Sichtfeld<br data-start=\"861\" data-end=\"864\">- Leichte Konstruktion mit steifer Linsengeometrie f\u00fcr Stabilit\u00e4t bei intensivem Sport<br data-start=\"953\" data-end=\"956\">- Unobtainium-Nasenpads und -Ohrst\u00f6psel f\u00fcr zus\u00e4tzlichen Halt, auch wenn du schwitzt<br data-start=\"1027\" data-end=\"1030\">- Wrap-around-Passform f\u00fcr hervorragenden Windschutz<br data-start=\"1084\" data-end=\"1087\">- Erh\u00e4ltlich mit Prizm-Linsentechnologie f\u00fcr bessere Kontrast- und Detailsicht<br data-start=\"1162\" data-end=\"1165\">- Nicht mit Korrekturgl\u00e4sern erh\u00e4ltlich<br data-start=\"1195\" data-end=\"1198\">- Schutzh\u00fclle im Lieferumfang enthalten<\/p>\n","protected":false},"excerpt":{"rendered":"<p data-start=\"209\" data-end=\"790\">Die Oakley Encoder ist eine fortschrittliche Sportsonnenbrille, die f\u00fcr maximale Leistung bei intensiven Aktivit\u00e4ten entwickelt wurde. Dank des rahmenlosen Schilddesigns bietet die Brille ein extrem breites Sichtfeld und optimalen Schutz vor Sonne und Wind. Die Kombination aus einer leichten Rahmenstruktur und einer steifen Scheibenkonstruktion sorgt f\u00fcr Stabilit\u00e4t bei schnellen Bewegungen, w\u00e4hrend die Unobtainium-Nasenpads und -Ohrst\u00f6psel einen festen, rutschfesten Halt bieten - auch wenn du schwitzt. Die Encoder ist ideal f\u00fcr L\u00e4ufer, Radfahrer und andere Sportler, die Spitzenleistungen verlangen.   <\/p>\n<p data-start=\"792\" data-end=\"1235\">- Rahmenloses Schilddesign f\u00fcr ein weites und ungehindertes Sichtfeld<br data-start=\"861\" data-end=\"864\">- Leichte Konstruktion mit steifer Linsengeometrie f\u00fcr Stabilit\u00e4t bei intensivem Sport<br data-start=\"953\" data-end=\"956\">- Unobtainium-Nasenpads und -Ohrst\u00f6psel f\u00fcr zus\u00e4tzlichen Halt, auch wenn du schwitzt<br data-start=\"1027\" data-end=\"1030\">- Wrap-around-Passform f\u00fcr hervorragenden Windschutz<br data-start=\"1084\" data-end=\"1087\">- Erh\u00e4ltlich mit Prizm-Linsentechnologie f\u00fcr bessere Kontrast- und Detailsicht<br data-start=\"1162\" data-end=\"1165\">- Nicht mit Korrekturgl\u00e4sern erh\u00e4ltlich<br data-start=\"1195\" data-end=\"1198\">- Schutzh\u00fclle im Lieferumfang enthalten<\/p>\n","protected":false},"featured_media":68069,"template":"","meta":[],"product_brand":[806],"product_cat":[584,639,638,561,559],"product_tag":[],"class_list":{"0":"post-74734","1":"product","2":"type-product","3":"status-publish","4":"has-post-thumbnail","6":"product_brand-oakley","7":"product_cat-sportbrille","8":"product_cat-gravelbiker-radfahren","9":"product_cat-mountainbiking","10":"product_cat-radfahren","11":"product_cat-radfahrerbrille","12":"pa_geschikt-voor-frauen","13":"pa_geschikt-voor-manner","14":"pa_kleur-montuur-grun","15":"pa_kleur-montuur-schwarz","16":"pa_kleur-montuur-weiss","17":"pa_maat-montuur-gross","18":"pa_soort-bril-op-sterkte-ohne-sehstaerke","20":"first","21":"instock","22":"shipping-taxable","23":"purchasable","24":"product-type-variable"},"_links":{"self":[{"href":"https:\/\/specialspex.artitex.dev\/de\/wp-json\/wp\/v2\/product\/74734","targetHints":{"allow":["GET"]}}],"collection":[{"href":"https:\/\/specialspex.artitex.dev\/de\/wp-json\/wp\/v2\/product"}],"about":[{"href":"https:\/\/specialspex.artitex.dev\/de\/wp-json\/wp\/v2\/types\/product"}],"wp:featuredmedia":[{"embeddable":true,"href":"https:\/\/specialspex.artitex.dev\/de\/wp-json\/wp\/v2\/media\/68069"}],"wp:attachment":[{"href":"https:\/\/specialspex.artitex.dev\/de\/wp-json\/wp\/v2\/media?parent=74734"}],"wp:term":[{"taxonomy":"product_brand","embeddable":true,"href":"https:\/\/specialspex.artitex.dev\/de\/wp-json\/wp\/v2\/product_brand?post=74734"},{"taxonomy":"product_cat","embeddable":true,"href":"https:\/\/specialspex.artitex.dev\/de\/wp-json\/wp\/v2\/product_cat?post=74734"},{"taxonomy":"product_tag","embeddable":true,"href":"https:\/\/specialspex.artitex.dev\/de\/wp-json\/wp\/v2\/product_tag?post=74734"}],"curies":[{"name":"wp","href":"https:\/\/api.w.org\/{rel}","templated":true}]}}