{"id":74738,"date":"2025-11-28T14:21:07","date_gmt":"2025-11-28T13:21:07","guid":{"rendered":"https:\/\/specialspex.artitex.dev\/product\/eye-jacket-redux\/"},"modified":"2026-04-02T17:23:46","modified_gmt":"2026-04-02T15:23:46","slug":"eye-jacket-redux","status":"publish","type":"product","link":"https:\/\/specialspex.artitex.dev\/de\/motorradbrille\/oakley-eye-jacket-redux\/","title":{"rendered":"Eye Jacket\u2122 Redux"},"content":{"rendered":"<p data-start=\"261\" data-end=\"791\">Die Oakley EyeJacket Redux ist eine moderne Neuinterpretation eines kultigen Oakley-Designs aus den 1990er Jahren. Das charakteristische ovale Sportprofil wurde mit zeitgem\u00e4\u00dfen Materialien und Technologien neu gestaltet, sodass sich die Brille sowohl retro als auch leistungsstark anf\u00fchlt. Dank des leichten O Matter-Rahmens sitzt die EyeJacket Redux beim t\u00e4glichen Tragen und bei sportlichen Momenten bequem. Die Unobtainium-Nasenpads und -Ohrst\u00f6psel bieten zus\u00e4tzlichen Halt, wenn du schwitzt, und halten die Brille unter allen Bedingungen fest an ihrem Platz.   <\/p>\n<p data-start=\"793\" data-end=\"922\">Die runde Glasform und die dezente Wrap-Around-Passform sorgen f\u00fcr ein weites Sichtfeld und einen unverwechselbaren Oakley-Look.<\/p>\n<p data-start=\"924\" data-end=\"1335\">- Retro-inspiriertes Design mit modernen Oakley-Materialien<br data-start=\"982\" data-end=\"985\">- Leichter und strapazierf\u00e4higer O Matter-Rahmen<br data-start=\"1028\" data-end=\"1031\">- Nasenpads und Ohrst\u00f6psel aus Unobtainium f\u00fcr rutschfesten Halt<br data-start=\"1082\" data-end=\"1085\">- Wrap-around-Form f\u00fcr Schutz vor Wind und Sonne<br data-start=\"1138\" data-end=\"1141\">- Erh\u00e4ltlich mit Prizm-Gl\u00e4sern f\u00fcr verbesserten Kontrast und Farbwiedergabe<br data-start=\"1212\" data-end=\"1215\">- Erh\u00e4ltlich mit Korrektionsgl\u00e4sern sowohl mit Specialspex-Gl\u00e4sern als auch mit Original-Oakley-Gl\u00e4sern<br data-start=\"1295\" data-end=\"1298\">- Schutzetui im Lieferumfang<\/p>\n","protected":false},"excerpt":{"rendered":"<p data-start=\"261\" data-end=\"791\">Die Oakley EyeJacket Redux ist eine moderne Neuinterpretation eines kultigen Oakley-Designs aus den 1990er Jahren. Das charakteristische ovale Sportprofil wurde mit zeitgem\u00e4\u00dfen Materialien und Technologien neu gestaltet, sodass sich die Brille sowohl retro als auch leistungsstark anf\u00fchlt. Dank des leichten O Matter-Rahmens sitzt die EyeJacket Redux beim t\u00e4glichen Tragen und bei sportlichen Momenten bequem. Die Unobtainium-Nasenpads und -Ohrst\u00f6psel bieten zus\u00e4tzlichen Halt, wenn du schwitzt, und halten die Brille unter allen Bedingungen fest an ihrem Platz.   <\/p>\n<p data-start=\"793\" data-end=\"922\">Die runde Glasform und die dezente Wrap-Around-Passform sorgen f\u00fcr ein weites Sichtfeld und einen unverwechselbaren Oakley-Look.<\/p>\n<p data-start=\"924\" data-end=\"1335\">- Retro-inspiriertes Design mit modernen Oakley-Materialien<br data-start=\"982\" data-end=\"985\">- Leichter und strapazierf\u00e4higer O Matter-Rahmen<br data-start=\"1028\" data-end=\"1031\">- Nasenpads und Ohrst\u00f6psel aus Unobtainium f\u00fcr rutschfesten Halt<br data-start=\"1082\" data-end=\"1085\">- Wrap-around-Form f\u00fcr Schutz vor Wind und Sonne<br data-start=\"1138\" data-end=\"1141\">- Erh\u00e4ltlich mit Prizm-Gl\u00e4sern f\u00fcr verbesserten Kontrast und Farbwiedergabe<br data-start=\"1212\" data-end=\"1215\">- Erh\u00e4ltlich mit Korrektionsgl\u00e4sern sowohl mit Specialspex-Gl\u00e4sern als auch mit Original-Oakley-Gl\u00e4sern<br data-start=\"1295\" data-end=\"1298\">- Schutzetui im Lieferumfang<\/p>\n","protected":false},"featured_media":68172,"template":"","meta":[],"product_brand":[806],"product_cat":[659,584,666],"product_tag":[],"class_list":{"0":"post-74738","1":"product","2":"type-product","3":"status-publish","4":"has-post-thumbnail","6":"product_brand-oakley","7":"product_cat-motorradbrille","8":"product_cat-sportbrille","9":"product_cat-tourenmotorrad","10":"pa_geschikt-voor-frauen","11":"pa_geschikt-voor-manner","12":"pa_kleur-montuur-grau","13":"pa_kleur-montuur-grun","14":"pa_kleur-montuur-schwarz","15":"pa_maat-montuur-klein","16":"pa_maat-montuur-medium","17":"pa_soort-bril-op-sterkte-mit-sehstaerke","18":"pa_soort-bril-op-sterkte-ohne-sehstaerke","20":"first","21":"instock","22":"sale","23":"shipping-taxable","24":"purchasable","25":"product-type-variable"},"_links":{"self":[{"href":"https:\/\/specialspex.artitex.dev\/de\/wp-json\/wp\/v2\/product\/74738","targetHints":{"allow":["GET"]}}],"collection":[{"href":"https:\/\/specialspex.artitex.dev\/de\/wp-json\/wp\/v2\/product"}],"about":[{"href":"https:\/\/specialspex.artitex.dev\/de\/wp-json\/wp\/v2\/types\/product"}],"wp:featuredmedia":[{"embeddable":true,"href":"https:\/\/specialspex.artitex.dev\/de\/wp-json\/wp\/v2\/media\/68172"}],"wp:attachment":[{"href":"https:\/\/specialspex.artitex.dev\/de\/wp-json\/wp\/v2\/media?parent=74738"}],"wp:term":[{"taxonomy":"product_brand","embeddable":true,"href":"https:\/\/specialspex.artitex.dev\/de\/wp-json\/wp\/v2\/product_brand?post=74738"},{"taxonomy":"product_cat","embeddable":true,"href":"https:\/\/specialspex.artitex.dev\/de\/wp-json\/wp\/v2\/product_cat?post=74738"},{"taxonomy":"product_tag","embeddable":true,"href":"https:\/\/specialspex.artitex.dev\/de\/wp-json\/wp\/v2\/product_tag?post=74738"}],"curies":[{"name":"wp","href":"https:\/\/api.w.org\/{rel}","templated":true}]}}