{"id":74789,"date":"2025-11-28T15:37:51","date_gmt":"2025-11-28T14:37:51","guid":{"rendered":"https:\/\/specialspex.artitex.dev\/product\/echo\/"},"modified":"2025-11-28T15:37:51","modified_gmt":"2025-11-28T14:37:51","slug":"echo","status":"publish","type":"product","link":"https:\/\/specialspex.artitex.dev\/de\/sportbrille\/wassersport\/fisch\/wiley-x-echo\/","title":{"rendered":"Echo"},"content":{"rendered":"<p data-start=\"338\" data-end=\"748\">Die Wiley X Echo ist ein schlankes, leichtes und stabiles Modell, das perfekt auf die Bed\u00fcrfnisse von Motorradfahrern zugeschnitten ist. Die sportliche Wrap-Form sch\u00fctzt deine Augen vor Wind, Fahrtwindturbulenzen und hellem Licht, w\u00e4hrend der schlanke Rahmen bequem unter fast jeden Helm passt. Das geringe Gewicht und die geraden, flexiblen B\u00fcgel sorgen daf\u00fcr, dass die Brille bei hohen Geschwindigkeiten, Kurvenfahrten und langen Fahrten fest an ihrem Platz bleibt.  <\/p>\n<p data-start=\"750\" data-end=\"1053\">Die Polycarbonat-Gl\u00e4ser bieten eine klare, scharfe Optik und hohe Sto\u00dffestigkeit, ideal f\u00fcr Fahrten mit offenem Visier oder halboffenem Helm. Die Echo hat einen modernen, minimalistischen Look, der sowohl auf dem Rad als auch im Alltag gut aussieht - sportlich, aber nicht \u00fcbertrieben &#8222;taktisch&#8220;. <\/p>\n<p data-start=\"1055\" data-end=\"1523\">- Leichtes und schlankes Design, das perfekt unter Motorradhelme passt<br data-start=\"1114\" data-end=\"1117\">- Rundum-Passform f\u00fcr Windschutz und Stabilit\u00e4t bei Geschwindigkeit<br data-start=\"1186\" data-end=\"1189\">- Schlagfeste Selenite-Polycarbonat-Gl\u00e4ser mit klarer Optik<br data-start=\"1248\" data-end=\"1251\">- Bequeme gerade Federn ohne Druckstellen, ideal f\u00fcr lange Fahrten<br data-start=\"1322\" data-end=\"1325\">- Modernes, dezentes Design, geeignet f\u00fcr Motorrad, Outdoor und Alltag<br data-start=\"1399\" data-end=\"1402\">- Kann auch zum Radfahren, Laufen und Allround-Sport verwendet werden<\/p>\n<p data-start=\"1525\" data-end=\"1763\">Nur auf Rezept m\u00f6glich<\/p>\n","protected":false},"excerpt":{"rendered":"<p data-start=\"338\" data-end=\"748\">Die Wiley X Echo ist ein schlankes, leichtes und stabiles Modell, das perfekt auf die Bed\u00fcrfnisse von Motorradfahrern zugeschnitten ist. Die sportliche Wrap-Form sch\u00fctzt deine Augen vor Wind, Fahrtwindturbulenzen und hellem Licht, w\u00e4hrend der schlanke Rahmen bequem unter fast jeden Helm passt. Das geringe Gewicht und die geraden, flexiblen B\u00fcgel sorgen daf\u00fcr, dass die Brille bei hohen Geschwindigkeiten, Kurvenfahrten und langen Fahrten fest an ihrem Platz bleibt.  <\/p>\n<p data-start=\"750\" data-end=\"1053\">Die Polycarbonat-Gl\u00e4ser bieten eine klare, scharfe Optik und hohe Sto\u00dffestigkeit, ideal f\u00fcr Fahrten mit offenem Visier oder halboffenem Helm. Die Echo hat einen modernen, minimalistischen Look, der sowohl auf dem Rad als auch im Alltag gut aussieht - sportlich, aber nicht \u00fcbertrieben &#8222;taktisch&#8220;. <\/p>\n<p data-start=\"1055\" data-end=\"1523\">- Leichtes und schlankes Design, das perfekt unter Motorradhelme passt<br data-start=\"1114\" data-end=\"1117\">- Rundum-Passform f\u00fcr Windschutz und Stabilit\u00e4t bei Geschwindigkeit<br data-start=\"1186\" data-end=\"1189\">- Schlagfeste Selenite-Polycarbonat-Gl\u00e4ser mit klarer Optik<br data-start=\"1248\" data-end=\"1251\">- Bequeme gerade Federn ohne Druckstellen, ideal f\u00fcr lange Fahrten<br data-start=\"1322\" data-end=\"1325\">- Modernes, dezentes Design, geeignet f\u00fcr Motorrad, Outdoor und Alltag<br data-start=\"1399\" data-end=\"1402\">- Kann auch zum Radfahren, Laufen und Allround-Sport verwendet werden<\/p>\n<p data-start=\"1525\" data-end=\"1763\">Nur auf Rezept m\u00f6glich<\/p>\n","protected":false},"featured_media":68371,"template":"","meta":[],"product_brand":[793],"product_cat":[659,695,663,666],"product_tag":[],"class_list":{"0":"post-74789","1":"product","2":"type-product","3":"status-publish","4":"has-post-thumbnail","6":"product_brand-wiley-x","7":"product_cat-motorradbrille","8":"product_cat-fisch","9":"product_cat-segeln","10":"product_cat-tourenmotorrad","11":"pa_geschikt-voor-manner","12":"pa_kleur-montuur-grau","13":"pa_soort-bril-op-sterkte-mit-sehstaerke","15":"first","16":"instock","17":"sale","18":"shipping-taxable","19":"purchasable","20":"product-type-simple"},"_links":{"self":[{"href":"https:\/\/specialspex.artitex.dev\/de\/wp-json\/wp\/v2\/product\/74789","targetHints":{"allow":["GET"]}}],"collection":[{"href":"https:\/\/specialspex.artitex.dev\/de\/wp-json\/wp\/v2\/product"}],"about":[{"href":"https:\/\/specialspex.artitex.dev\/de\/wp-json\/wp\/v2\/types\/product"}],"wp:featuredmedia":[{"embeddable":true,"href":"https:\/\/specialspex.artitex.dev\/de\/wp-json\/wp\/v2\/media\/68371"}],"wp:attachment":[{"href":"https:\/\/specialspex.artitex.dev\/de\/wp-json\/wp\/v2\/media?parent=74789"}],"wp:term":[{"taxonomy":"product_brand","embeddable":true,"href":"https:\/\/specialspex.artitex.dev\/de\/wp-json\/wp\/v2\/product_brand?post=74789"},{"taxonomy":"product_cat","embeddable":true,"href":"https:\/\/specialspex.artitex.dev\/de\/wp-json\/wp\/v2\/product_cat?post=74789"},{"taxonomy":"product_tag","embeddable":true,"href":"https:\/\/specialspex.artitex.dev\/de\/wp-json\/wp\/v2\/product_tag?post=74789"}],"curies":[{"name":"wp","href":"https:\/\/api.w.org\/{rel}","templated":true}]}}