{"id":74791,"date":"2025-11-28T16:28:18","date_gmt":"2025-11-28T15:28:18","guid":{"rendered":"https:\/\/specialspex.artitex.dev\/product\/gravity\/"},"modified":"2026-04-18T12:08:23","modified_gmt":"2026-04-18T10:08:23","slug":"gravity","status":"publish","type":"product","link":"https:\/\/specialspex.artitex.dev\/de\/sportbrille\/wassersport\/fisch\/wiley-x-gravity\/","title":{"rendered":"Gravity"},"content":{"rendered":"<p data-start=\"340\" data-end=\"756\">Die Wiley X Gravity ist eine der beliebtesten Motorradbrillen in der Wiley X Kollektion. Dank der tiefen Wrap-Around-Passform und dem Facial Cavity\u2122 Seal liegt die Brille eng am Gesicht an und h\u00e4lt Wind, Turbulenzen, Staub und Insekten effektiv ab. Vor allem bei h\u00f6heren Geschwindigkeiten oder beim Fahren mit offenem Visier sorgt dies f\u00fcr enormen Komfort: keine tr\u00e4nenden Augen, weniger Luftaustritt und eine stabile, ruhige Sicht.  <\/p>\n<p data-start=\"758\" data-end=\"1126\">Der Rahmen ist robust, aber leicht und so konzipiert, dass er bequem unter fast jeden Motorradhelm passt. Die herausnehmbare Schaumstoffdichtung erm\u00f6glicht es dir, zwischen maximaler Winddichtigkeit und einer offenen, luftigen Passform zu w\u00e4hlen. Die Polycarbonat-Gl\u00e4ser bieten eine scharfe Optik und sind hochgradig sto\u00dffest, was sie ideal f\u00fcr Motorradfahrer macht, die mit Zuversicht auf die Stra\u00dfe gehen wollen.  <\/p>\n<p data-start=\"1128\" data-end=\"1618\">- Tiefe Wrap-Around-Form, die perfekt unter Motorradhelmen funktioniert<br data-start=\"1188\" data-end=\"1191\">- Facial Cavity\u2122 Seal f\u00fcr winddichten Schutz und zus\u00e4tzlichen Fahrkomfort<br data-start=\"1260\" data-end=\"1263\">- Herausnehmbare Schaumstoffschicht f\u00fcr die Verwendung in offener und geschlossener Konfiguration<br data-start=\"1337\" data-end=\"1340\">- Schlagfeste Polycarbonat-Gl\u00e4ser mit klarer, scharfer Optik<br data-start=\"1408\" data-end=\"1411\">- Leicht, <br data-start=\"1487\" data-end=\"1490\"> - Ideal f\u00fcr Motorradfahren, Touren, Stadtfahrten, MTB und Outdoor<br data-start=\"1554\" data-end=\"1557\">Erh\u00e4ltlich mit Sehst\u00e4rke<br data-start=\"1639\" data-end=\"1642\">Die Wiley X Gravity ist voll verschreibungspflichtig mit gebogenen Sportgl\u00e4sern in der von dir gew\u00e4hlten T\u00f6nung oder Co-T\u00f6nung.<\/p>\n","protected":false},"excerpt":{"rendered":"<p data-start=\"340\" data-end=\"756\">Die Wiley X Gravity ist eine der beliebtesten Motorradbrillen in der Wiley X Kollektion. Dank der tiefen Wrap-Around-Passform und dem Facial Cavity\u2122 Seal liegt die Brille eng am Gesicht an und blockt Wind, Turbulenzen, Staub und Insekten effektiv ab. Vor allem bei h\u00f6heren Geschwindigkeiten oder beim Fahren mit offenem Visier sorgt dies f\u00fcr enormen Komfort: keine tr\u00e4nenden Augen, weniger Luftaustritt und eine stabile, ruhige Sicht.  <\/p>\n<p data-start=\"758\" data-end=\"1126\">Der Rahmen ist robust, aber leicht und so konzipiert, dass er bequem unter fast jeden Motorradhelm passt. Die herausnehmbare Schaumstoffdichtung erm\u00f6glicht es dir, zwischen maximaler Winddichtigkeit und einer offenen, luftigen Passform zu w\u00e4hlen. Die Polycarbonat-Gl\u00e4ser bieten eine scharfe Optik und sind hochgradig sto\u00dffest, was sie ideal f\u00fcr Motorradfahrer macht, die mit Zuversicht auf die Stra\u00dfe gehen wollen.  <\/p>\n<p data-start=\"1128\" data-end=\"1618\">- Tiefe Wrap-Around-Form, die perfekt unter Motorradhelmen funktioniert<br data-start=\"1188\" data-end=\"1191\">- Facial Cavity\u2122 Seal f\u00fcr winddichten Schutz und zus\u00e4tzlichen Fahrkomfort<br data-start=\"1260\" data-end=\"1263\">- Herausnehmbare Schaumstoffschicht f\u00fcr die Verwendung in offener und geschlossener Konfiguration<br data-start=\"1337\" data-end=\"1340\">- Schlagfeste Polycarbonat-Gl\u00e4ser mit klarer, scharfer Optik<br data-start=\"1408\" data-end=\"1411\">- Leicht, <br data-start=\"1487\" data-end=\"1490\"> - Ideal f\u00fcr Motorradfahren, Touren, Stadtfahrten, MTB und Outdoor<br data-start=\"1554\" data-end=\"1557\">Erh\u00e4ltlich mit Sehst\u00e4rke<br data-start=\"1639\" data-end=\"1642\">Die Wiley X Gravity ist voll verschreibungspflichtig mit gebogenen Sportgl\u00e4sern in der von dir gew\u00e4hlten T\u00f6nung oder Co-T\u00f6nung.<\/p>\n","protected":false},"featured_media":68535,"template":"","meta":[],"product_brand":[793],"product_cat":[659,695,677,663,584,687,666,661,688],"product_tag":[],"class_list":{"0":"post-74791","1":"product","2":"type-product","3":"status-publish","4":"has-post-thumbnail","6":"product_brand-wiley-x","7":"product_cat-motorradbrille","8":"product_cat-fisch","9":"product_cat-kletterbrille","10":"product_cat-segeln","11":"product_cat-sportbrille","12":"product_cat-surfen-kite-surfen","13":"product_cat-tourenmotorrad","14":"product_cat-wandern","15":"product_cat-wassersport","16":"pa_geschikt-voor-frauen","17":"pa_geschikt-voor-manner","18":"pa_kleur-montuur-camouflage","19":"pa_kleur-montuur-grau","20":"pa_kleur-montuur-schildkroete","21":"pa_kleur-montuur-schwarz","22":"pa_kleur-montuur-schwarz-2","23":"pa_kleur-montuur-schwarz-3","24":"pa_maat-montuur-gross","25":"pa_maat-montuur-medium","26":"pa_soort-bril-op-sterkte-mit-sehstaerke","27":"pa_soort-bril-op-sterkte-ohne-sehstaerke","29":"first","30":"instock","31":"sale","32":"shipping-taxable","33":"purchasable","34":"product-type-variable"},"_links":{"self":[{"href":"https:\/\/specialspex.artitex.dev\/de\/wp-json\/wp\/v2\/product\/74791","targetHints":{"allow":["GET"]}}],"collection":[{"href":"https:\/\/specialspex.artitex.dev\/de\/wp-json\/wp\/v2\/product"}],"about":[{"href":"https:\/\/specialspex.artitex.dev\/de\/wp-json\/wp\/v2\/types\/product"}],"wp:featuredmedia":[{"embeddable":true,"href":"https:\/\/specialspex.artitex.dev\/de\/wp-json\/wp\/v2\/media\/68535"}],"wp:attachment":[{"href":"https:\/\/specialspex.artitex.dev\/de\/wp-json\/wp\/v2\/media?parent=74791"}],"wp:term":[{"taxonomy":"product_brand","embeddable":true,"href":"https:\/\/specialspex.artitex.dev\/de\/wp-json\/wp\/v2\/product_brand?post=74791"},{"taxonomy":"product_cat","embeddable":true,"href":"https:\/\/specialspex.artitex.dev\/de\/wp-json\/wp\/v2\/product_cat?post=74791"},{"taxonomy":"product_tag","embeddable":true,"href":"https:\/\/specialspex.artitex.dev\/de\/wp-json\/wp\/v2\/product_tag?post=74791"}],"curies":[{"name":"wp","href":"https:\/\/api.w.org\/{rel}","templated":true}]}}