{"id":74811,"date":"2025-12-03T13:26:30","date_gmt":"2025-12-03T12:26:30","guid":{"rendered":"https:\/\/specialspex.artitex.dev\/product\/sutro\/"},"modified":"2025-12-03T13:26:30","modified_gmt":"2025-12-03T12:26:30","slug":"sutro","status":"publish","type":"product","link":"https:\/\/specialspex.artitex.dev\/de\/sportbrille\/bergsteigerbrille\/oakley-sutro\/","title":{"rendered":"Sutro"},"content":{"rendered":"<p data-start=\"194\" data-end=\"598\">Die Oakley Sutro ist eine der bekanntesten Performance-Lifestyle-Brillen aus der Oakley-Kollektion. Das gro\u00dfe, vollst\u00e4ndig geschlossene Schirmdesign bietet ein weites Sichtfeld und hervorragenden Sonnen-, Wind- und Wetterschutz. Damit ist die Brille ideal zum Radfahren, Laufen und f\u00fcr intensives Outdoor-Training. Au\u00dferdem macht der moderne, markante Look die Sutro perfekt f\u00fcr den Alltag.   <\/p>\n<p data-start=\"600\" data-end=\"842\">Der strapazierf\u00e4hige O Matter-Rahmen sorgt f\u00fcr lang anhaltenden Komfort, w\u00e4hrend die Unobtainium-Nasenpads und -Ohrst\u00f6psel zus\u00e4tzlichen Halt beim Schwitzen bieten. Die Sutro kombiniert leistungsorientierte Funktionalit\u00e4t mit einem unverwechselbaren, kultigen Look. <\/p>\n<p data-start=\"844\" data-end=\"1229\">- Gro\u00dfes Schilddesign f\u00fcr weite Sicht und optimalen Schutz<br data-start=\"907\" data-end=\"910\">- Leichter und robuster O Matter-Rahmen<br data-start=\"953\" data-end=\"956\">- Unobtainium-Nasenpads und -Ohrst\u00f6psel f\u00fcr festen Halt beim Schwitzen<br data-start=\"1024\" data-end=\"1027\">- Ideal f\u00fcr Radfahren, Laufen und intensive Outdoor-Sportarten<br data-start=\"1087\" data-end=\"1090\">- Erh\u00e4ltlich mit Prizm-Gl\u00e4sern f\u00fcr besseren Kontrast und mehr Details<br data-start=\"1156\" data-end=\"1159\">- Nicht mit verschreibungspflichtigen Gl\u00e4sern erh\u00e4ltlich<br data-start=\"1189\" data-end=\"1192\">- Schutzetui im Lieferumfang enthalten<\/p>\n","protected":false},"excerpt":{"rendered":"<p data-start=\"194\" data-end=\"598\">Die Oakley Sutro ist eine der bekanntesten Performance-Lifestyle-Brillen aus der Oakley-Kollektion. Das gro\u00dfe, vollst\u00e4ndig geschlossene Schirmdesign bietet ein weites Sichtfeld und hervorragenden Sonnen-, Wind- und Wetterschutz. Damit ist die Brille ideal zum Radfahren, Laufen und f\u00fcr intensives Outdoor-Training. Au\u00dferdem macht der moderne, markante Look die Sutro perfekt f\u00fcr den Alltag.   <\/p>\n<p data-start=\"600\" data-end=\"842\">Der strapazierf\u00e4hige O Matter-Rahmen sorgt f\u00fcr lang anhaltenden Komfort, w\u00e4hrend die Unobtainium-Nasenpads und -Ohrst\u00f6psel zus\u00e4tzlichen Halt beim Schwitzen bieten. Die Sutro kombiniert leistungsorientierte Funktionalit\u00e4t mit einem unverwechselbaren, kultigen Look. <\/p>\n<p data-start=\"844\" data-end=\"1229\">- Gro\u00dfes Schilddesign f\u00fcr weite Sicht und optimalen Schutz<br data-start=\"907\" data-end=\"910\">- Leichter und langlebiger O Matter-Rahmen<br data-start=\"953\" data-end=\"956\">- Unobtainium-Nasenpads und -Ohrst\u00f6psel f\u00fcr festen Halt beim Schwitzen<br data-start=\"1024\" data-end=\"1027\">- Ideal f\u00fcr Radfahren, Laufen und intensive Outdoor-Sportarten<br data-start=\"1087\" data-end=\"1090\">- Erh\u00e4ltlich mit Prizm-Gl\u00e4sern f\u00fcr besseren Kontrast und mehr Details<br data-start=\"1156\" data-end=\"1159\">- Nicht mit verschreibungspflichtigen Gl\u00e4sern erh\u00e4ltlich<br data-start=\"1189\" data-end=\"1192\">- Aufbewahrungsetui enthalten<\/p>\n","protected":false},"featured_media":71042,"template":"","meta":[],"product_brand":[806],"product_cat":[584,658,660,639,560,638,561,559,662,661],"product_tag":[],"class_list":{"0":"post-74811","1":"product","2":"type-product","3":"status-publish","4":"has-post-thumbnail","6":"product_brand-oakley","7":"product_cat-sportbrille","8":"product_cat-bergsteigerbrille","9":"product_cat-golfbrille","10":"product_cat-gravelbiker-radfahren","11":"product_cat-laufen","12":"product_cat-mountainbiking","13":"product_cat-radfahren","14":"product_cat-radfahrerbrille","15":"product_cat-trailrunning","16":"product_cat-wandern","17":"pa_geschikt-voor-frauen","18":"pa_geschikt-voor-manner","19":"pa_kleur-montuur-blau","20":"pa_kleur-montuur-grau","21":"pa_kleur-montuur-schwarz-2","22":"pa_kleur-montuur-schwarz","23":"pa_maat-montuur-extra-gros","24":"pa_maat-montuur-gross","25":"pa_soort-bril-op-sterkte-ohne-sehstaerke","27":"first","28":"instock","29":"sale","30":"shipping-taxable","31":"purchasable","32":"product-type-variable"},"_links":{"self":[{"href":"https:\/\/specialspex.artitex.dev\/de\/wp-json\/wp\/v2\/product\/74811","targetHints":{"allow":["GET"]}}],"collection":[{"href":"https:\/\/specialspex.artitex.dev\/de\/wp-json\/wp\/v2\/product"}],"about":[{"href":"https:\/\/specialspex.artitex.dev\/de\/wp-json\/wp\/v2\/types\/product"}],"wp:featuredmedia":[{"embeddable":true,"href":"https:\/\/specialspex.artitex.dev\/de\/wp-json\/wp\/v2\/media\/71042"}],"wp:attachment":[{"href":"https:\/\/specialspex.artitex.dev\/de\/wp-json\/wp\/v2\/media?parent=74811"}],"wp:term":[{"taxonomy":"product_brand","embeddable":true,"href":"https:\/\/specialspex.artitex.dev\/de\/wp-json\/wp\/v2\/product_brand?post=74811"},{"taxonomy":"product_cat","embeddable":true,"href":"https:\/\/specialspex.artitex.dev\/de\/wp-json\/wp\/v2\/product_cat?post=74811"},{"taxonomy":"product_tag","embeddable":true,"href":"https:\/\/specialspex.artitex.dev\/de\/wp-json\/wp\/v2\/product_tag?post=74811"}],"curies":[{"name":"wp","href":"https:\/\/api.w.org\/{rel}","templated":true}]}}