{"id":74843,"date":"2025-12-03T13:52:22","date_gmt":"2025-12-03T12:52:22","guid":{"rendered":"https:\/\/specialspex.artitex.dev\/product\/rookie-2\/"},"modified":"2026-04-02T17:24:58","modified_gmt":"2026-04-02T15:24:58","slug":"rookie-2","status":"publish","type":"product","link":"https:\/\/specialspex.artitex.dev\/de\/sportbrille\/julbo-rookie-2\/","title":{"rendered":"Rookie 2"},"content":{"rendered":"<p data-start=\"57\" data-end=\"267\">Die Julbo ROOKIE 2 bietet maximalen Schutz f\u00fcr junge Abenteurer. Der leichte, komfortable Rahmen sorgt auch bei intensiven Aktivit\u00e4ten f\u00fcr eine sichere und klare Sicht. <\/p>\n<p data-start=\"269\" data-end=\"536\"><br data-start=\"296\" data-end=\"299\">- Maximaler Schutz f\u00fcr junge Reiterinnen und Reiter<br data-start=\"339\" data-end=\"342\">- Leichte und bequeme Passform<br data-start=\"439\" data-end=\"442\">- Bleibt in der Bewegung sicher an Ort und Stelle<\/p>\n","protected":false},"excerpt":{"rendered":"<p data-start=\"57\" data-end=\"267\">Die Julbo ROOKIE 2 bietet maximalen Schutz f\u00fcr junge Abenteurer. Der leichte, komfortable Rahmen sorgt auch bei intensiven Aktivit\u00e4ten f\u00fcr eine sichere und klare Sicht. <\/p>\n<p data-start=\"269\" data-end=\"536\"><br data-start=\"296\" data-end=\"299\">- Maximaler Schutz f\u00fcr junge Reiterinnen und Reiter<br data-start=\"339\" data-end=\"342\">- Leichte und bequeme Passform<br data-start=\"439\" data-end=\"442\">- Bleibt in der Bewegung sicher an Ort und Stelle<\/p>\n","protected":false},"featured_media":49348,"template":"","meta":[],"product_brand":[790],"product_cat":[584,594],"product_tag":[],"class_list":{"0":"post-74843","1":"product","2":"type-product","3":"status-publish","4":"has-post-thumbnail","6":"product_brand-julbo","7":"product_cat-sportbrille","8":"product_cat-sportbrillen-fuer-kinder","9":"pa_geschikt-voor-sportbrillen-fuer-kinder","10":"pa_kleur-montuur-blau","11":"pa_kleur-montuur-schwarz","12":"pa_maat-montuur-extra-klein","13":"pa_maat-montuur-kinder-von-8-12-jahren","14":"pa_soort-bril-op-sterkte-mit-sehstaerke","15":"pa_soort-bril-op-sterkte-ohne-sehstaerke","17":"first","18":"instock","19":"shipping-taxable","20":"purchasable","21":"product-type-variable"},"_links":{"self":[{"href":"https:\/\/specialspex.artitex.dev\/de\/wp-json\/wp\/v2\/product\/74843","targetHints":{"allow":["GET"]}}],"collection":[{"href":"https:\/\/specialspex.artitex.dev\/de\/wp-json\/wp\/v2\/product"}],"about":[{"href":"https:\/\/specialspex.artitex.dev\/de\/wp-json\/wp\/v2\/types\/product"}],"wp:featuredmedia":[{"embeddable":true,"href":"https:\/\/specialspex.artitex.dev\/de\/wp-json\/wp\/v2\/media\/49348"}],"wp:attachment":[{"href":"https:\/\/specialspex.artitex.dev\/de\/wp-json\/wp\/v2\/media?parent=74843"}],"wp:term":[{"taxonomy":"product_brand","embeddable":true,"href":"https:\/\/specialspex.artitex.dev\/de\/wp-json\/wp\/v2\/product_brand?post=74843"},{"taxonomy":"product_cat","embeddable":true,"href":"https:\/\/specialspex.artitex.dev\/de\/wp-json\/wp\/v2\/product_cat?post=74843"},{"taxonomy":"product_tag","embeddable":true,"href":"https:\/\/specialspex.artitex.dev\/de\/wp-json\/wp\/v2\/product_tag?post=74843"}],"curies":[{"name":"wp","href":"https:\/\/api.w.org\/{rel}","templated":true}]}}