{"id":74857,"date":"2025-12-04T14:40:01","date_gmt":"2025-12-04T13:40:01","guid":{"rendered":"https:\/\/specialspex.artitex.dev\/product\/jean-motocross-mtb-bril\/"},"modified":"2026-04-18T12:07:51","modified_gmt":"2026-04-18T10:07:51","slug":"jean-motocross-mtb-bril","status":"publish","type":"product","link":"https:\/\/specialspex.artitex.dev\/de\/motorradbrille\/enduro-cross\/snowvision-jean-motocross-mtb-bril\/","title":{"rendered":"Jean Motocross\/MTB-Bril"},"content":{"rendered":"<p data-start=\"173\" data-end=\"597\">Die Jean Goggles wurden f\u00fcr abenteuerlustige Biker und Mountainbiker entwickelt, die Stil, Komfort und Schutz kombinieren wollen. Der leichte und flexible Rahmen schmiegt sich eng an das Gesicht an und bleibt auch bei schnellen Abfahrten, scharfen Kurven und in rauem Gel\u00e4nde fest an seinem Platz. Die bel\u00fcfteten Gl\u00e4ser sorgen f\u00fcr klare Sicht, w\u00e4hrend das ergonomische Design und der rutschfeste Nasensteg maximale Stabilit\u00e4t bieten.  <\/p>\n<p data-start=\"599\" data-end=\"957\" data-is-last-node=\"\" data-is-only-node=\"\">- Leichter und flexibler Rahmen<br data-start=\"633\" data-end=\"636\">- Bel\u00fcftete Scheibe f\u00fcr klare Sicht und Bel\u00fcftung<br data-start=\"688\" data-end=\"691\">- Rutschfester Nasensteg und verstellbares Band<br data-start=\"730\" data-end=\"733\">- Optimale Passform f\u00fcr den Helm<br data-start=\"768\" data-end=\"771\">- Langlebige Polycarbonatscheibe mit Kratzschutz<br data-start=\"815\" data-end=\"818\">- Geeignet f\u00fcr Motorradfahren, Motocross und Mountainbiking<br data-start=\"873\" data-end=\"876\">- Schutz vor Staub, Schmutz und Sonnenlicht<br data-start=\"918\" data-end=\"921\">- Komfortabel f\u00fcr l\u00e4ngeren Gebrauch<\/p>\n","protected":false},"excerpt":{"rendered":"<p data-start=\"173\" data-end=\"597\">Die Jean Goggles wurden f\u00fcr abenteuerlustige Biker und Mountainbiker entwickelt, die Stil, Komfort und Schutz kombinieren wollen. Der leichte und flexible Rahmen schmiegt sich eng an das Gesicht an und bleibt auch bei schnellen Abfahrten, scharfen Kurven und in rauem Gel\u00e4nde fest an seinem Platz. Die bel\u00fcfteten Gl\u00e4ser sorgen f\u00fcr klare Sicht, w\u00e4hrend das ergonomische Design und der rutschfeste Nasensteg maximale Stabilit\u00e4t bieten.  <\/p>\n<p data-start=\"599\" data-end=\"957\" data-is-last-node=\"\" data-is-only-node=\"\">- Leichter und flexibler Rahmen<\/p>\n<ul>\n<li data-start=\"599\" data-end=\"957\">- Bel\u00fcftete Scheibe<br data-start=\"688\" data-end=\"691\">- Rutschfester Nasensteg und verstellbarer Riemen<br data-start=\"730\" data-end=\"733\">- Optimale Passform f\u00fcr den Helmgebrauch<br data-start=\"768\" data-end=\"771\">- Langlebige Polycarbonatscheibe mit Kratzschutz<br data-start=\"815\" data-end=\"818\">- Geeignet f\u00fcr Motorradfahren, Motocross und Mountainbiking<br data-start=\"873\" data-end=\"876\">- Schutz vor Staub, Schmutz und Sonnenlicht<br data-start=\"918\" data-end=\"921\">- Leichte T\u00f6nung f\u00fcr Sonnenschutz.<\/li>\n<\/ul>\n","protected":false},"featured_media":73849,"template":"","meta":[],"product_brand":[801],"product_cat":[659,741],"product_tag":[],"class_list":{"0":"post-74857","1":"product","2":"type-product","3":"status-publish","4":"has-post-thumbnail","6":"product_brand-snowvision","7":"product_cat-motorradbrille","8":"product_cat-enduro-cross","9":"pa_geschikt-voor-frauen","10":"pa_geschikt-voor-manner","11":"pa_kleur-montuur-rot","12":"pa_kleur-montuur-schwarz","13":"pa_maat-montuur-extra-gros","14":"pa_maat-montuur-gross","15":"pa_soort-bril-op-sterkte-mit-korrektionsglaesern-im-visier","16":"pa_soort-bril-op-sterkte-ohne-sehstaerke","18":"first","19":"instock","20":"shipping-taxable","21":"purchasable","22":"product-type-simple"},"_links":{"self":[{"href":"https:\/\/specialspex.artitex.dev\/de\/wp-json\/wp\/v2\/product\/74857","targetHints":{"allow":["GET"]}}],"collection":[{"href":"https:\/\/specialspex.artitex.dev\/de\/wp-json\/wp\/v2\/product"}],"about":[{"href":"https:\/\/specialspex.artitex.dev\/de\/wp-json\/wp\/v2\/types\/product"}],"wp:featuredmedia":[{"embeddable":true,"href":"https:\/\/specialspex.artitex.dev\/de\/wp-json\/wp\/v2\/media\/73849"}],"wp:attachment":[{"href":"https:\/\/specialspex.artitex.dev\/de\/wp-json\/wp\/v2\/media?parent=74857"}],"wp:term":[{"taxonomy":"product_brand","embeddable":true,"href":"https:\/\/specialspex.artitex.dev\/de\/wp-json\/wp\/v2\/product_brand?post=74857"},{"taxonomy":"product_cat","embeddable":true,"href":"https:\/\/specialspex.artitex.dev\/de\/wp-json\/wp\/v2\/product_cat?post=74857"},{"taxonomy":"product_tag","embeddable":true,"href":"https:\/\/specialspex.artitex.dev\/de\/wp-json\/wp\/v2\/product_tag?post=74857"}],"curies":[{"name":"wp","href":"https:\/\/api.w.org\/{rel}","templated":true}]}}