{"id":74862,"date":"2025-12-04T14:46:05","date_gmt":"2025-12-04T13:46:05","guid":{"rendered":"https:\/\/specialspex.artitex.dev\/product\/poc-opsin-bleu-mirror\/"},"modified":"2026-04-18T12:07:50","modified_gmt":"2026-04-18T10:07:50","slug":"poc-opsin-bleu-mirror","status":"publish","type":"product","link":"https:\/\/specialspex.artitex.dev\/de\/sportbrille\/wintersport\/ski-und-snowboardbrillen\/sk-x-poc-opsin-bleu-mirror\/","title":{"rendered":"POC Opsin Bleu mirror"},"content":{"rendered":"<p data-start=\"168\" data-end=\"461\">Mit einem integrierten Scheibensystem ist diese Skibrille vollst\u00e4ndig verschreibungspflichtig und bietet optimalen Schutz und Komfort f\u00fcr M\u00e4nner und Frauen. Das doppelte Scheibensystem, die bel\u00fcftende Schaumstoffschicht und das rutschfeste Silikonband sorgen f\u00fcr eine klare Sicht und einen perfekten Sitz, auch bei Verwendung eines Helms. <\/p>\n<p data-start=\"463\" data-end=\"1010\" data-is-last-node=\"\" data-is-only-node=\"\">- Aufr\u00fcstbar mit integriertem SK-X\u00ae Scheibensystem<br data-start=\"519\" data-end=\"522\">- Doppeltes Visier gegen N\u00e4sse und Schmutz<br data-start=\"557\" data-end=\"560\">- Sonnenscheibe S3 mit 100% UV-Filter<br data-start=\"593\" data-end=\"596\">- Dreilagiger Schaumstoff f\u00fcr Tragekomfort und Feuchtigkeitsaufnahme<br data-start=\"650\" data-end=\"653\">- Bel\u00fcftende Schaumstoffschicht verhindert das Beschlagen der Scheiben<br data-start=\"707\" data-end=\"710\">- Rosa HD-Basis mit mehrlagiger blauer Spiegelbeschichtung f\u00fcr optimalen Kontrast<br data-start=\"785\" data-end=\"788\">- Rutschfestes Silikonband verstellbar f\u00fcr Helmnutzung<br data-start=\"842\" data-end=\"845\">- Innenscheibe aus Trivex f\u00fcr maximalen Augenschutz<br data-start=\"897\" data-end=\"900\">- Inklusive Mikrofaserbezug zur Reinigung<br data-start=\"942\" data-end=\"945\">- Geeignet f\u00fcr alle Wetterbedingungen und intensive Skitouren<\/p>\n","protected":false},"excerpt":{"rendered":"<p data-start=\"168\" data-end=\"461\">Mit einem integrierten Scheibensystem ist diese Skibrille vollst\u00e4ndig verschreibungspflichtig und bietet optimalen Schutz und Komfort f\u00fcr M\u00e4nner und Frauen. Das doppelte Scheibensystem, die bel\u00fcftende Schaumstoffschicht und das rutschfeste Silikonband sorgen f\u00fcr eine klare Sicht und einen perfekten Sitz, auch bei Verwendung eines Helms. <\/p>\n<p data-start=\"463\" data-end=\"1010\" data-is-last-node=\"\" data-is-only-node=\"\">- Aufr\u00fcstbar mit integriertem SK-X\u00ae Scheibensystem<br data-start=\"519\" data-end=\"522\">- Doppeltes Visier gegen N\u00e4sse und Schmutz<br data-start=\"557\" data-end=\"560\">- Sonnenscheibe S3 mit 100% UV-Filter<br data-start=\"593\" data-end=\"596\">- Dreilagiger Schaumstoff f\u00fcr Tragekomfort und Feuchtigkeitsaufnahme<br data-start=\"650\" data-end=\"653\">- Bel\u00fcftende Schaumstoffschicht verhindert das Beschlagen der Scheiben<br data-start=\"707\" data-end=\"710\">- Rosa HD-Basis mit mehrlagiger blauer Spiegelbeschichtung f\u00fcr optimalen Kontrast<br data-start=\"785\" data-end=\"788\">- Rutschfestes Silikonband verstellbar f\u00fcr Helmnutzung<br data-start=\"842\" data-end=\"845\">- Innenscheibe aus Trivex f\u00fcr maximalen Augenschutz<br data-start=\"897\" data-end=\"900\">- Inklusive Mikrofaserbezug zur Reinigung<br data-start=\"942\" data-end=\"945\">- Geeignet f\u00fcr alle Wetterbedingungen und intensive Skitouren<\/p>\n","protected":false},"featured_media":64864,"template":"","meta":[],"product_brand":[825],"product_cat":[700,698],"product_tag":[],"class_list":{"0":"post-74862","1":"product","2":"type-product","3":"status-publish","4":"has-post-thumbnail","6":"product_brand-sk-x","7":"product_cat-wintersport","8":"product_cat-ski-und-snowboardbrillen","9":"pa_geschikt-voor-frauen","10":"pa_geschikt-voor-manner","11":"pa_kleur-montuur-schwarz","12":"pa_kleur-montuur-weiss","13":"pa_maat-montuur-extra-gros","14":"pa_maat-montuur-gross","15":"pa_maat-montuur-medium","16":"pa_soort-bril-op-sterkte-mit-korrektionsglaesern-im-visier","18":"first","19":"instock","20":"shipping-taxable","21":"purchasable","22":"product-type-variable"},"_links":{"self":[{"href":"https:\/\/specialspex.artitex.dev\/de\/wp-json\/wp\/v2\/product\/74862","targetHints":{"allow":["GET"]}}],"collection":[{"href":"https:\/\/specialspex.artitex.dev\/de\/wp-json\/wp\/v2\/product"}],"about":[{"href":"https:\/\/specialspex.artitex.dev\/de\/wp-json\/wp\/v2\/types\/product"}],"wp:featuredmedia":[{"embeddable":true,"href":"https:\/\/specialspex.artitex.dev\/de\/wp-json\/wp\/v2\/media\/64864"}],"wp:attachment":[{"href":"https:\/\/specialspex.artitex.dev\/de\/wp-json\/wp\/v2\/media?parent=74862"}],"wp:term":[{"taxonomy":"product_brand","embeddable":true,"href":"https:\/\/specialspex.artitex.dev\/de\/wp-json\/wp\/v2\/product_brand?post=74862"},{"taxonomy":"product_cat","embeddable":true,"href":"https:\/\/specialspex.artitex.dev\/de\/wp-json\/wp\/v2\/product_cat?post=74862"},{"taxonomy":"product_tag","embeddable":true,"href":"https:\/\/specialspex.artitex.dev\/de\/wp-json\/wp\/v2\/product_tag?post=74862"}],"curies":[{"name":"wp","href":"https:\/\/api.w.org\/{rel}","templated":true}]}}