{"id":74882,"date":"2025-12-04T14:48:30","date_gmt":"2025-12-04T13:48:30","guid":{"rendered":"https:\/\/specialspex.artitex.dev\/product\/rudy-project-rydon-docks\/"},"modified":"2025-12-04T14:48:30","modified_gmt":"2025-12-04T13:48:30","slug":"rudy-project-rydon-docks","status":"publish","type":"product","link":"https:\/\/specialspex.artitex.dev\/de\/sportbrille\/golfbrille\/rudy-project-rydon-docks\/","title":{"rendered":"Rydon Docks"},"content":{"rendered":"<p data-start=\"188\" data-end=\"669\">Die Rudy Project Rydon Docks ist eine vielseitige Version des kultigen Rydon-Modells, die f\u00fcr Sportlerinnen und Sportler entwickelt wurde, die eine L\u00f6sung f\u00fcr h\u00f6here St\u00e4rken suchen, ohne Kompromisse bei Komfort oder Leistung einzugehen. Das Docks-System erm\u00f6glicht optische Eins\u00e4tze, die h\u00f6here Korrekturen als Standard-Sportgl\u00e4ser erlauben. Das macht die Rydon Docks ideal f\u00fcr Radfahrer, L\u00e4ufer und Multisportler, die bei intensivem Gebrauch maximale Sicht ben\u00f6tigen.  <\/p>\n<p data-start=\"671\" data-end=\"950\">Der leichte und flexible Rahmen bietet lang anhaltenden Tragekomfort, w\u00e4hrend die verstellbaren Nasenpads und Ohrst\u00f6psel einen stabilen Sitz auch bei wechselnden Bedingungen gew\u00e4hrleisten. Die Wrap-Around-Glasform bietet ein weites Sichtfeld und hervorragenden Schutz vor Sonne, Wind und Schmutz. <\/p>\n<p data-start=\"952\" data-end=\"1395\">- Docks-System geeignet f\u00fcr h\u00f6here St\u00e4rken durch optische Eins\u00e4tze<br data-start=\"1018\" data-end=\"1021\">- Leichter und flexibler Rahmen f\u00fcr langanhaltenden Sportkomfort<br data-start=\"1083\" data-end=\"1086\">- Verstellbare Nasenpads und Ohrst\u00f6psel f\u00fcr maximale Stabilit\u00e4t<br data-start=\"1145\" data-end=\"1148\">- Wrap-around-Glasform f\u00fcr weite Sicht und guten Schutz<br data-start=\"1208\" data-end=\"1211\">- Ideal f\u00fcr Laufen, Radfahren, Triathlon und intensiven Outdoor-Sport<br data-start=\"1281\" data-end=\"1284\">- Kann mit hochwertigen Specialspex-Gl\u00e4sern in den Docks auf Verordnungsst\u00e4rke aufger\u00fcstet werden<br data-start=\"1355\" data-end=\"1358\">- Schutzetui im Lieferumfang<\/p>\n","protected":false},"excerpt":{"rendered":"<p data-start=\"188\" data-end=\"669\">Die Rudy Project Rydon Docks ist eine vielseitige Version des kultigen Rydon-Modells, die f\u00fcr Sportlerinnen und Sportler entwickelt wurde, die eine L\u00f6sung f\u00fcr h\u00f6here St\u00e4rken suchen, ohne Kompromisse bei Komfort oder Leistung einzugehen. Das Docks-System erm\u00f6glicht optische Eins\u00e4tze, die h\u00f6here Korrekturen als Standard-Sportgl\u00e4ser erlauben. Das macht die Rydon Docks ideal f\u00fcr Radfahrer, L\u00e4ufer und Multisportler, die bei intensivem Gebrauch maximale Sicht ben\u00f6tigen.  <\/p>\n<p data-start=\"671\" data-end=\"950\">Der leichte und flexible Rahmen bietet lang anhaltenden Tragekomfort, w\u00e4hrend die verstellbaren Nasenpads und Ohrst\u00f6psel einen stabilen Sitz auch bei wechselnden Bedingungen gew\u00e4hrleisten. Die Wrap-Around-Glasform bietet ein weites Sichtfeld und hervorragenden Schutz vor Sonne, Wind und Schmutz. <\/p>\n<p data-start=\"952\" data-end=\"1395\">- Docks-System geeignet f\u00fcr h\u00f6here St\u00e4rken durch optische Eins\u00e4tze<br data-start=\"1018\" data-end=\"1021\">- Leichter und flexibler Rahmen f\u00fcr langanhaltenden Sportkomfort<br data-start=\"1083\" data-end=\"1086\">- Verstellbare Nasenpads und Ohrst\u00f6psel f\u00fcr maximale Stabilit\u00e4t<br data-start=\"1145\" data-end=\"1148\">- Wrap-around-Glasform f\u00fcr weite Sicht und guten Schutz<br data-start=\"1208\" data-end=\"1211\">- Ideal f\u00fcr Laufen, Radfahren, Triathlon und intensiven Outdoor-Sport<br data-start=\"1281\" data-end=\"1284\">- Kann mit hochwertigen Specialspex-Gl\u00e4sern in den Docks auf Verordnungsst\u00e4rke aufger\u00fcstet werden<br data-start=\"1355\" data-end=\"1358\">- Schutzetui im Lieferumfang<\/p>\n","protected":false},"featured_media":64735,"template":"","meta":[],"product_brand":[797],"product_cat":[584,660,639,560,638,561,559,662],"product_tag":[],"class_list":{"0":"post-74882","1":"product","2":"type-product","3":"status-publish","4":"has-post-thumbnail","6":"product_brand-rudy-project","7":"product_cat-sportbrille","8":"product_cat-golfbrille","9":"product_cat-gravelbiker-radfahren","10":"product_cat-laufen","11":"product_cat-mountainbiking","12":"product_cat-radfahren","13":"product_cat-radfahrerbrille","14":"product_cat-trailrunning","15":"pa_geschikt-voor-frauen","16":"pa_geschikt-voor-manner","17":"pa_kleur-montuur-schwarz","18":"pa_maat-montuur-klein","19":"pa_maat-montuur-medium","20":"pa_soort-bril-op-sterkte-geeignet-fuer-hohe-staerken","21":"pa_soort-bril-op-sterkte-mit-sehstaerke","23":"first","24":"instock","25":"sale","26":"shipping-taxable","27":"purchasable","28":"product-type-simple"},"_links":{"self":[{"href":"https:\/\/specialspex.artitex.dev\/de\/wp-json\/wp\/v2\/product\/74882","targetHints":{"allow":["GET"]}}],"collection":[{"href":"https:\/\/specialspex.artitex.dev\/de\/wp-json\/wp\/v2\/product"}],"about":[{"href":"https:\/\/specialspex.artitex.dev\/de\/wp-json\/wp\/v2\/types\/product"}],"wp:featuredmedia":[{"embeddable":true,"href":"https:\/\/specialspex.artitex.dev\/de\/wp-json\/wp\/v2\/media\/64735"}],"wp:attachment":[{"href":"https:\/\/specialspex.artitex.dev\/de\/wp-json\/wp\/v2\/media?parent=74882"}],"wp:term":[{"taxonomy":"product_brand","embeddable":true,"href":"https:\/\/specialspex.artitex.dev\/de\/wp-json\/wp\/v2\/product_brand?post=74882"},{"taxonomy":"product_cat","embeddable":true,"href":"https:\/\/specialspex.artitex.dev\/de\/wp-json\/wp\/v2\/product_cat?post=74882"},{"taxonomy":"product_tag","embeddable":true,"href":"https:\/\/specialspex.artitex.dev\/de\/wp-json\/wp\/v2\/product_tag?post=74882"}],"curies":[{"name":"wp","href":"https:\/\/api.w.org\/{rel}","templated":true}]}}