{"id":74891,"date":"2025-12-04T17:10:16","date_gmt":"2025-12-04T16:10:16","guid":{"rendered":"https:\/\/specialspex.artitex.dev\/product\/tussa-intega-m2004\/"},"modified":"2025-12-04T17:10:16","modified_gmt":"2025-12-04T16:10:16","slug":"tussa-intega-m2004","status":"publish","type":"product","link":"https:\/\/specialspex.artitex.dev\/de\/sportbrille\/wassersport\/schwimmen-und-tauchen\/tusa-tussa-intega-m2004\/","title":{"rendered":"Tussa Intega M2004"},"content":{"rendered":"<p data-start=\"129\" data-end=\"492\">Nach jahrelanger Entwicklungsarbeit hat TUSA eine Maskensch\u00fcrze entwickelt, die sich wirklich an dein Gesicht anpasst. Dank des cleveren 3D SYNQ Fitting Rings passt sich die Intega automatisch perfekt an und bietet dir eine un\u00fcbertroffene Abdichtung - ganz ohne Aufwand. Egal ob du ein schmales, breites, langes oder kompaktes Gesicht hast: Die TUSA Intega passt sich m\u00fchelos an deine Gesichtsform an.  <\/p>\n<p data-start=\"494\" data-end=\"688\">Auch f\u00fcr Brillentr\u00e4ger ist sie ein Topseller: Die TUSA Intega kann mit ma\u00dfgeschneiderten optischen Eins\u00e4tzen verschrieben werden. So tauchst du immer mit perfekter Sicht. <\/p>\n<p data-start=\"690\" data-end=\"800\">Das Ergebnis? Mehr Komfort, weniger Auslaufen und die beste Passform und optische Klarheit, die du je hattest. <\/p>\n","protected":false},"excerpt":{"rendered":"<p data-start=\"129\" data-end=\"492\">Nach jahrelanger Entwicklungsarbeit hat TUSA eine Maskensch\u00fcrze entwickelt, die sich wirklich an dein Gesicht anpasst. Dank des cleveren 3D SYNQ Fitting Rings passt sich die Intega automatisch perfekt an und bietet dir eine un\u00fcbertroffene Abdichtung - ganz ohne Aufwand. Egal ob du ein schmales, breites, langes oder kompaktes Gesicht hast: Die TUSA Intega passt sich m\u00fchelos an deine Gesichtsform an.  <\/p>\n<p data-start=\"494\" data-end=\"688\">Die TUSA Intega kann mit Standardgl\u00e4sern, Lesegl\u00e4sern oder vollst\u00e4ndig angepassten optischen Gl\u00e4sern verschrieben werden. So tauchst du immer mit perfekter Sicht.<\/p>\n<p data-start=\"690\" data-end=\"800\">Das Ergebnis? Mehr Komfort, weniger Auslaufen und die beste Passform und optische Klarheit, die du je hattest. <\/p>\n","protected":false},"featured_media":72309,"template":"","meta":[],"product_brand":[828],"product_cat":[744,688],"product_tag":[],"class_list":{"0":"post-74891","1":"product","2":"type-product","3":"status-publish","4":"has-post-thumbnail","6":"product_brand-tusa","7":"product_cat-schwimmen-und-tauchen","8":"product_cat-wassersport","9":"pa_kleur-montuur-blau","10":"pa_kleur-montuur-gelb","11":"pa_kleur-montuur-schwarz","12":"pa_kleur-montuur-schwarz-2","13":"pa_kleur-montuur-transparent-klar","14":"pa_soort-bril-op-sterkte-mit-sehstaerke","15":"pa_soort-bril-op-sterkte-ohne-sehstaerke","17":"first","18":"instock","19":"shipping-taxable","20":"purchasable","21":"product-type-variable"},"_links":{"self":[{"href":"https:\/\/specialspex.artitex.dev\/de\/wp-json\/wp\/v2\/product\/74891","targetHints":{"allow":["GET"]}}],"collection":[{"href":"https:\/\/specialspex.artitex.dev\/de\/wp-json\/wp\/v2\/product"}],"about":[{"href":"https:\/\/specialspex.artitex.dev\/de\/wp-json\/wp\/v2\/types\/product"}],"wp:featuredmedia":[{"embeddable":true,"href":"https:\/\/specialspex.artitex.dev\/de\/wp-json\/wp\/v2\/media\/72309"}],"wp:attachment":[{"href":"https:\/\/specialspex.artitex.dev\/de\/wp-json\/wp\/v2\/media?parent=74891"}],"wp:term":[{"taxonomy":"product_brand","embeddable":true,"href":"https:\/\/specialspex.artitex.dev\/de\/wp-json\/wp\/v2\/product_brand?post=74891"},{"taxonomy":"product_cat","embeddable":true,"href":"https:\/\/specialspex.artitex.dev\/de\/wp-json\/wp\/v2\/product_cat?post=74891"},{"taxonomy":"product_tag","embeddable":true,"href":"https:\/\/specialspex.artitex.dev\/de\/wp-json\/wp\/v2\/product_tag?post=74891"}],"curies":[{"name":"wp","href":"https:\/\/api.w.org\/{rel}","templated":true}]}}