{"id":74892,"date":"2025-12-04T15:01:15","date_gmt":"2025-12-04T14:01:15","guid":{"rendered":"https:\/\/specialspex.artitex.dev\/product\/sirius\/"},"modified":"2025-12-04T15:01:15","modified_gmt":"2025-12-04T14:01:15","slug":"sirius","status":"publish","type":"product","link":"https:\/\/specialspex.artitex.dev\/de\/sportbrille\/golfbrille\/rudy-project-sirius\/","title":{"rendered":"Sirius"},"content":{"rendered":"<p data-start=\"266\" data-end=\"724\">Als weiterentwickelte Version der Rydon-Familie kombiniert die Rudy Project Rydon Sirius den bekannten leichten und flexiblen Rahmen mit einem extrabreiten Schildvisier. Das sorgt f\u00fcr einen moderneren, aerodynamischen Look und ein au\u00dfergew\u00f6hnlich breites Sichtfeld. Die Wrap-Around-Glasform bietet hervorragenden Schutz vor Sonne, Wind und Spritzwasser und macht die Rydon Sirius ideal f\u00fcr Radfahren, Laufen, Triathlon und intensives Outdoor-Training.  <\/p>\n<p data-start=\"726\" data-end=\"1017\">Dank der verstellbaren Nasenpads und Ohrst\u00f6psel kann die Passform f\u00fcr maximale Stabilit\u00e4t bei jeder sportlichen Bet\u00e4tigung feinjustiert werden. Der leichte, komfortable Rahmen und die Bel\u00fcftungs\u00f6ffnungen im Visier sorgen f\u00fcr eine optimale Luftzirkulation und verringern das Risiko des Beschlagens. <\/p>\n<p data-start=\"1019\" data-end=\"1473\">- Extrabreites Schildvisier f\u00fcr maximale Sicht und Schutz<br data-start=\"1081\" data-end=\"1084\">- Aerodynamisches Design innerhalb der kultigen Rydon-Linie<br data-start=\"1138\" data-end=\"1141\">- Leichter und flexibler Rahmen f\u00fcr langanhaltenden Tragekomfort<br data-start=\"1203\" data-end=\"1206\">- Verstellbare Nasenpads und Ohrst\u00f6psel f\u00fcr optimale Stabilit\u00e4t<br data-start=\"1265\" data-end=\"1268\">- Ideal f\u00fcr Radfahren, Laufen, Triathlon und intensive Outdoor-Sportarten<br data-start=\"1338\" data-end=\"1341\">- Kann mit Specialspex-Gl\u00e4sern ausgestattet werden.<br data-start=\"1433\" data-end=\"1436\">- Schutzetui enthalten<\/p>\n","protected":false},"excerpt":{"rendered":"<p data-start=\"266\" data-end=\"724\">Als weiterentwickelte Version der Rydon-Familie kombiniert die Rudy Project Rydon Sirius den bekannten leichten und flexiblen Rahmen mit einem extrabreiten Schildvisier. Das sorgt f\u00fcr einen moderneren, aerodynamischen Look und ein au\u00dfergew\u00f6hnlich weites Sichtfeld. Die Wrap-Around-Glasform bietet hervorragenden Schutz vor Sonne, Wind und Spritzwasser und macht die Rydon Sirius ideal f\u00fcr Radfahren, Laufen, Triathlon und intensives Outdoor-Training.  <\/p>\n<p data-start=\"726\" data-end=\"1017\">Dank der verstellbaren Nasenpads und Ohrst\u00f6psel kann die Passform f\u00fcr maximale Stabilit\u00e4t bei jeder sportlichen Bet\u00e4tigung feinjustiert werden. Der leichte, komfortable Rahmen und die Bel\u00fcftungs\u00f6ffnungen im Visier sorgen f\u00fcr eine optimale Luftzirkulation und verringern das Risiko des Beschlagens. <\/p>\n<p data-start=\"1019\" data-end=\"1473\">- Extrabreites Schildvisier f\u00fcr maximale Sicht und Schutz<br data-start=\"1081\" data-end=\"1084\">- Aerodynamisches Design innerhalb der kultigen Rydon-Linie<br data-start=\"1138\" data-end=\"1141\">- Leichter und flexibler Rahmen f\u00fcr lang anhaltenden Tragekomfort<br data-start=\"1203\" data-end=\"1206\">- Verstellbare Nasenpads und Ohrst\u00f6psel f\u00fcr optimalen Halt<br data-start=\"1265\" data-end=\"1268\">- Ideal f\u00fcr Radfahren, Laufen, Triathlon und intensive Outdoor-Sportarten<br data-start=\"1338\" data-end=\"1341\">- Kann mit Specialspex-Gl\u00e4sern ausgestattet werden<br data-start=\"1433\" data-end=\"1436\">- Schutzetui enthalten<\/p>\n","protected":false},"featured_media":65005,"template":"","meta":[],"product_brand":[797],"product_cat":[584,660,639,560,638,593,561,559,588,662],"product_tag":[],"class_list":{"0":"post-74892","1":"product","2":"type-product","3":"status-publish","4":"has-post-thumbnail","6":"product_brand-rudy-project","7":"product_cat-sportbrille","8":"product_cat-golfbrille","9":"product_cat-gravelbiker-radfahren","10":"product_cat-laufen","11":"product_cat-mountainbiking","12":"product_cat-racket-sportarten","13":"product_cat-radfahren","14":"product_cat-radfahrerbrille","15":"product_cat-tennis","16":"product_cat-trailrunning","17":"pa_geschikt-voor-frauen","18":"pa_geschikt-voor-manner","19":"pa_kleur-montuur-blau","20":"pa_kleur-montuur-weiss","21":"pa_maat-montuur-gross","22":"pa_maat-montuur-medium","23":"pa_soort-bril-op-sterkte-mit-sehstaerke","24":"pa_soort-bril-op-sterkte-ohne-sehstaerke","26":"first","27":"instock","28":"sale","29":"shipping-taxable","30":"purchasable","31":"product-type-variable"},"_links":{"self":[{"href":"https:\/\/specialspex.artitex.dev\/de\/wp-json\/wp\/v2\/product\/74892","targetHints":{"allow":["GET"]}}],"collection":[{"href":"https:\/\/specialspex.artitex.dev\/de\/wp-json\/wp\/v2\/product"}],"about":[{"href":"https:\/\/specialspex.artitex.dev\/de\/wp-json\/wp\/v2\/types\/product"}],"wp:featuredmedia":[{"embeddable":true,"href":"https:\/\/specialspex.artitex.dev\/de\/wp-json\/wp\/v2\/media\/65005"}],"wp:attachment":[{"href":"https:\/\/specialspex.artitex.dev\/de\/wp-json\/wp\/v2\/media?parent=74892"}],"wp:term":[{"taxonomy":"product_brand","embeddable":true,"href":"https:\/\/specialspex.artitex.dev\/de\/wp-json\/wp\/v2\/product_brand?post=74892"},{"taxonomy":"product_cat","embeddable":true,"href":"https:\/\/specialspex.artitex.dev\/de\/wp-json\/wp\/v2\/product_cat?post=74892"},{"taxonomy":"product_tag","embeddable":true,"href":"https:\/\/specialspex.artitex.dev\/de\/wp-json\/wp\/v2\/product_tag?post=74892"}],"curies":[{"name":"wp","href":"https:\/\/api.w.org\/{rel}","templated":true}]}}