{"id":74925,"date":"2026-03-05T13:43:43","date_gmt":"2026-03-05T12:43:43","guid":{"rendered":"https:\/\/specialspex.artitex.dev\/product\/gurney\/"},"modified":"2026-03-05T13:43:43","modified_gmt":"2026-03-05T12:43:43","slug":"gurney","status":"publish","type":"product","link":"https:\/\/specialspex.artitex.dev\/de\/sportbrille\/laufen\/specialspex-gurney\/","title":{"rendered":"Gurney"},"content":{"rendered":"<p data-start=\"31\" data-end=\"384\">Die Gurney ist eine Sportbrille mit einer starken Kurve, die perfekt f\u00fcr intensive Aktivit\u00e4ten wie Radfahren und Laufen geeignet ist. Der randlose Boden sorgt f\u00fcr zus\u00e4tzliche Bel\u00fcftung, sodass die Brille bei Anstrengung nicht so leicht beschl\u00e4gt. Die flexiblen Nasenauflagen sorgen daf\u00fcr, dass die Brille auf fast jedem Gesicht bequem sitzt.  <\/p>\n<p data-start=\"386\" data-end=\"729\" data-is-last-node=\"\" data-is-only-node=\"\">Hauptmerkmale<br data-start=\"409\" data-end=\"412\">- Leichter, sportlicher Rahmen mit gew\u00f6lbter Passform<br data-start=\"455\" data-end=\"458\" data-is-only-node=\"\">- Randlose Unterseite f\u00fcr zus\u00e4tzliche Bel\u00fcftung<br data-start=\"501\" data-end=\"504\">- Flexible Nasenauflagen f\u00fcr einen stabilen Sitz<br data-start=\"553\" data-end=\"556\">- Volle Sehst\u00e4rke mit gew\u00f6lbten Gl\u00e4sern m\u00f6glich<br data-start=\"606\" data-end=\"609\">- Auswahl an verschiedenen T\u00f6nungen und selbstt\u00f6nenden Gl\u00e4sern<br data-start=\"664\" data-end=\"667\">- Geeignet f\u00fcr Radfahren, Laufen und andere sportliche Aktivit\u00e4ten<\/p>\n<p>&nbsp;<\/p>\n","protected":false},"excerpt":{"rendered":"<p data-start=\"31\" data-end=\"384\">Die Gurney ist eine Sportbrille mit einer starken Kurve, die perfekt f\u00fcr intensive Aktivit\u00e4ten wie Radfahren und Laufen geeignet ist. Der randlose Boden sorgt f\u00fcr zus\u00e4tzliche Bel\u00fcftung, sodass die Brille bei Anstrengung nicht so leicht beschl\u00e4gt. Die flexiblen Nasenauflagen sorgen daf\u00fcr, dass die Brille auf fast jedem Gesicht bequem sitzt.  <\/p>\n<p data-start=\"386\" data-end=\"729\" data-is-last-node=\"\" data-is-only-node=\"\">Hauptmerkmale<br data-start=\"409\" data-end=\"412\">- Leichter, sportlicher Rahmen mit gew\u00f6lbter Passform<br data-start=\"455\" data-end=\"458\" data-is-only-node=\"\">- Randlose Unterseite f\u00fcr zus\u00e4tzliche Bel\u00fcftung<br data-start=\"501\" data-end=\"504\">- Flexible Nasenauflagen f\u00fcr einen stabilen Sitz<br data-start=\"553\" data-end=\"556\">- Volle Sehst\u00e4rke mit gew\u00f6lbten Gl\u00e4sern m\u00f6glich<br data-start=\"606\" data-end=\"609\">- Auswahl an verschiedenen T\u00f6nungen und selbstt\u00f6nenden Gl\u00e4sern<br data-start=\"664\" data-end=\"667\">- Geeignet f\u00fcr Radfahren, Laufen und andere sportliche Aktivit\u00e4ten<\/p>\n","protected":false},"featured_media":73136,"template":"","meta":[],"product_brand":[783],"product_cat":[584,560,659,638,561,559],"product_tag":[],"class_list":{"0":"post-74925","1":"product","2":"type-product","3":"status-publish","4":"has-post-thumbnail","6":"product_brand-specialspex","7":"product_cat-sportbrille","8":"product_cat-laufen","9":"product_cat-motorradbrille","10":"product_cat-mountainbiking","11":"product_cat-radfahren","12":"product_cat-radfahrerbrille","13":"pa_geschikt-voor-frauen","14":"pa_geschikt-voor-manner","15":"pa_kleur-montuur-schwarz","16":"pa_kleur-montuur-schwarz-2","17":"pa_kleur-montuur-schwarz-3","18":"pa_maat-montuur-gross","19":"pa_maat-montuur-medium","20":"pa_soort-bril-op-sterkte-mit-sehstaerke","21":"pa_soort-bril-op-sterkte-ohne-sehstaerke","23":"first","24":"instock","25":"shipping-taxable","26":"purchasable","27":"product-type-variable"},"_links":{"self":[{"href":"https:\/\/specialspex.artitex.dev\/de\/wp-json\/wp\/v2\/product\/74925","targetHints":{"allow":["GET"]}}],"collection":[{"href":"https:\/\/specialspex.artitex.dev\/de\/wp-json\/wp\/v2\/product"}],"about":[{"href":"https:\/\/specialspex.artitex.dev\/de\/wp-json\/wp\/v2\/types\/product"}],"wp:featuredmedia":[{"embeddable":true,"href":"https:\/\/specialspex.artitex.dev\/de\/wp-json\/wp\/v2\/media\/73136"}],"wp:attachment":[{"href":"https:\/\/specialspex.artitex.dev\/de\/wp-json\/wp\/v2\/media?parent=74925"}],"wp:term":[{"taxonomy":"product_brand","embeddable":true,"href":"https:\/\/specialspex.artitex.dev\/de\/wp-json\/wp\/v2\/product_brand?post=74925"},{"taxonomy":"product_cat","embeddable":true,"href":"https:\/\/specialspex.artitex.dev\/de\/wp-json\/wp\/v2\/product_cat?post=74925"},{"taxonomy":"product_tag","embeddable":true,"href":"https:\/\/specialspex.artitex.dev\/de\/wp-json\/wp\/v2\/product_tag?post=74925"}],"curies":[{"name":"wp","href":"https:\/\/api.w.org\/{rel}","templated":true}]}}