{"id":74947,"date":"2025-12-18T15:12:07","date_gmt":"2025-12-18T14:12:07","guid":{"rendered":"https:\/\/specialspex.artitex.dev\/product\/faster-l-reactiv\/"},"modified":"2026-04-18T12:07:46","modified_gmt":"2026-04-18T10:07:46","slug":"faster-l-reactiv","status":"publish","type":"product","link":"https:\/\/specialspex.artitex.dev\/de\/sportbrille\/laufen\/julbo-faster-l-reactiv\/","title":{"rendered":"Faster L Reactiv"},"content":{"rendered":"<p data-start=\"59\" data-end=\"337\">Die Julbo FASTER L ist eine ultraleichte, leistungsstarke Sonnenbrille mit einer aerodynamischen, umh\u00fcllenden Form. Die sph\u00e4rischen Monolinsen bieten hervorragende Sicht und Schutz, w\u00e4hrend der bequeme Rahmen f\u00fcr Stabilit\u00e4t bei intensiven Aktivit\u00e4ten sorgt, mit oder ohne Helm. <\/p>\n<p data-start=\"339\" data-end=\"645\"><br data-start=\"366\" data-end=\"369\">- Ultraleichter Rahmen mit aerodynamischer, umh\u00fcllender Form<br data-start=\"425\" data-end=\"428\">- Sph\u00e4rische Monolinsen f\u00fcr optimale Sicht und Schutz<\/p>\n<p data-start=\"339\" data-end=\"645\">- <strong data-start=\"735\" data-end=\"760\">Julbo REACTIV\u2122 Gl\u00e4ser<\/strong>: Diese innovativen Gl\u00e4ser passen sich automatisch an wechselnde Lichtverh\u00e4ltnisse an. Sie verdunkeln sich bei hellem Sonnenlicht und hellen sich im Schatten oder bei bedecktem Himmel auf, sodass du immer eine optimale Sicht hast, ohne die Brille wechseln zu m\u00fcssen<br data-start=\"483\" data-end=\"486\">- Bequem und stabil, bleibt auch bei Bewegung an Ort und Stelle<br data-start=\"543\" data-end=\"546\">- Geeignet f\u00fcr die Verwendung von Helmen und verschiedene sportliche Aktivit\u00e4ten<br data-start=\"602\" data-end=\"605\">- Ideal zum Laufen, Radfahren und Skifahren <\/p>\n<p>&nbsp;<\/p>\n","protected":false},"excerpt":{"rendered":"<p data-start=\"59\" data-end=\"337\">Die Julbo FASTER L ist eine ultraleichte, leistungsstarke Sonnenbrille mit einer aerodynamischen, umh\u00fcllenden Form. Die sph\u00e4rischen Monolinsen bieten hervorragende Sicht und Schutz, w\u00e4hrend der bequeme Rahmen f\u00fcr Stabilit\u00e4t bei intensiven Aktivit\u00e4ten sorgt, mit oder ohne Helm. <\/p>\n<p data-start=\"339\" data-end=\"645\"><br data-start=\"366\" data-end=\"369\">- Ultraleichter Rahmen mit aerodynamischer, umh\u00fcllender Form<br data-start=\"425\" data-end=\"428\">- Sph\u00e4rische Monolinsen f\u00fcr optimale Sicht und Schutz<\/p>\n<p data-start=\"339\" data-end=\"645\">- <strong data-start=\"735\" data-end=\"760\">Julbo REACTIV\u2122 Gl\u00e4ser<\/strong>: Diese innovativen Gl\u00e4ser passen sich automatisch an wechselnde Lichtverh\u00e4ltnisse an. Sie verdunkeln sich bei hellem Sonnenlicht und hellen sich im Schatten oder bei bedecktem Himmel auf, sodass du immer eine optimale Sicht hast, ohne die Brille wechseln zu m\u00fcssen<br data-start=\"483\" data-end=\"486\">- Bequem und stabil, bleibt auch bei Bewegung an Ort und Stelle<br data-start=\"543\" data-end=\"546\">- Geeignet f\u00fcr die Verwendung von Helmen und verschiedene sportliche Aktivit\u00e4ten<br data-start=\"602\" data-end=\"605\">- Ideal zum Laufen, Radfahren und Skifahren <\/p>\n","protected":false},"featured_media":71802,"template":"","meta":[],"product_brand":[790],"product_cat":[584,560,638,561,559],"product_tag":[],"class_list":{"0":"post-74947","1":"product","2":"type-product","3":"status-publish","4":"has-post-thumbnail","6":"product_brand-julbo","7":"product_cat-sportbrille","8":"product_cat-laufen","9":"product_cat-mountainbiking","10":"product_cat-radfahren","11":"product_cat-radfahrerbrille","12":"pa_geschikt-voor-frauen","13":"pa_geschikt-voor-manner","14":"pa_kleur-montuur-blau-2","15":"pa_kleur-montuur-blau","16":"pa_kleur-montuur-grau","17":"pa_kleur-montuur-grun","18":"pa_kleur-montuur-marine","19":"pa_kleur-montuur-schwarz","20":"pa_kleur-montuur-schwarz-3","21":"pa_kleur-montuur-schwarz-2","22":"pa_maat-montuur-klein","23":"pa_maat-montuur-medium","24":"pa_soort-bril-op-sterkte-mit-korrektionsglaesern-im-visier","25":"pa_soort-bril-op-sterkte-ohne-sehstaerke","26":"pa_soort-bril-op-sterkte-with-prescription-insert","28":"first","29":"instock","30":"sale","31":"shipping-taxable","32":"purchasable","33":"product-type-variable"},"_links":{"self":[{"href":"https:\/\/specialspex.artitex.dev\/de\/wp-json\/wp\/v2\/product\/74947","targetHints":{"allow":["GET"]}}],"collection":[{"href":"https:\/\/specialspex.artitex.dev\/de\/wp-json\/wp\/v2\/product"}],"about":[{"href":"https:\/\/specialspex.artitex.dev\/de\/wp-json\/wp\/v2\/types\/product"}],"wp:featuredmedia":[{"embeddable":true,"href":"https:\/\/specialspex.artitex.dev\/de\/wp-json\/wp\/v2\/media\/71802"}],"wp:attachment":[{"href":"https:\/\/specialspex.artitex.dev\/de\/wp-json\/wp\/v2\/media?parent=74947"}],"wp:term":[{"taxonomy":"product_brand","embeddable":true,"href":"https:\/\/specialspex.artitex.dev\/de\/wp-json\/wp\/v2\/product_brand?post=74947"},{"taxonomy":"product_cat","embeddable":true,"href":"https:\/\/specialspex.artitex.dev\/de\/wp-json\/wp\/v2\/product_cat?post=74947"},{"taxonomy":"product_tag","embeddable":true,"href":"https:\/\/specialspex.artitex.dev\/de\/wp-json\/wp\/v2\/product_tag?post=74947"}],"curies":[{"name":"wp","href":"https:\/\/api.w.org\/{rel}","templated":true}]}}