{"id":74970,"date":"2026-03-05T14:33:56","date_gmt":"2026-03-05T13:33:56","guid":{"rendered":"https:\/\/specialspex.artitex.dev\/product\/miller\/"},"modified":"2026-04-18T12:07:45","modified_gmt":"2026-04-18T10:07:45","slug":"miller","status":"publish","type":"product","link":"https:\/\/specialspex.artitex.dev\/de\/sportbrille\/laufen\/specialspex-miller\/","title":{"rendered":"Miller"},"content":{"rendered":"<p data-start=\"31\" data-end=\"400\">Die Miller ist eine Sportbrille mit einer gebogenen Passform, die bei Aktivit\u00e4ten wie Radfahren, Laufen und Motorradfahren gut sitzt. Die randlose Unterseite sorgt f\u00fcr zus\u00e4tzliche Bel\u00fcftung, sodass die Brille bei intensivem Sport nicht so schnell beschl\u00e4gt. Die flexiblen Nasenauflagen sorgen f\u00fcr einen bequemen und stabilen Sitz auf fast jedem Gesicht.  <\/p>\n<p data-start=\"402\" data-end=\"732\" data-is-last-node=\"\" data-is-only-node=\"\">Hauptmerkmale<br data-start=\"425\" data-end=\"428\">- Leichter, sportlicher Rahmen mit gew\u00f6lbter Passform<br data-start=\"471\" data-end=\"474\" data-is-only-node=\"\">- Randlose Unterseite f\u00fcr zus\u00e4tzliche Bel\u00fcftung<br data-start=\"517\" data-end=\"520\">- Flexible Nasenauflagen f\u00fcr einen stabilen Sitz<br data-start=\"569\" data-end=\"572\">- Volle Sehst\u00e4rke mit gew\u00f6lbten Gl\u00e4sern m\u00f6glich<br data-start=\"622\" data-end=\"625\">- Auswahl an verschiedenen T\u00f6nungen und selbstt\u00f6nenden Gl\u00e4sern<br data-start=\"680\" data-end=\"683\">- Geeignet zum Radfahren, Laufen und Motorradfahren<\/p>\n<p>&nbsp;<\/p>\n","protected":false},"excerpt":{"rendered":"<p data-start=\"31\" data-end=\"400\">Die Miller ist eine Sportbrille mit einer gebogenen Passform, die bei Aktivit\u00e4ten wie Radfahren, Laufen und Motorradfahren gut sitzt. Die randlose Unterseite sorgt f\u00fcr zus\u00e4tzliche Bel\u00fcftung, sodass die Brille bei intensivem Sport nicht so schnell beschl\u00e4gt. Die flexiblen Nasenauflagen sorgen f\u00fcr einen bequemen und stabilen Sitz auf fast jedem Gesicht.  <\/p>\n<p data-start=\"402\" data-end=\"732\" data-is-last-node=\"\" data-is-only-node=\"\">Hauptmerkmale<br data-start=\"425\" data-end=\"428\">- Leichter, sportlicher Rahmen mit gew\u00f6lbter Passform<br data-start=\"471\" data-end=\"474\" data-is-only-node=\"\">- Randlose Unterseite f\u00fcr zus\u00e4tzliche Bel\u00fcftung<br data-start=\"517\" data-end=\"520\">- Flexible Nasenauflagen f\u00fcr einen stabilen Sitz<br data-start=\"569\" data-end=\"572\">- Vollst\u00e4ndig verschreibungspflichtig mit gew\u00f6lbten Gl\u00e4sern<br data-start=\"622\" data-end=\"625\">- Auswahl an verschiedenen T\u00f6nungen und selbstt\u00f6nenden Gl\u00e4sern<br data-start=\"680\" data-end=\"683\">- Geeignet zum Radfahren, Laufen und Motorradfahren<\/p>\n","protected":false},"featured_media":73182,"template":"","meta":[],"product_brand":[783],"product_cat":[584,560,659,638,561,559],"product_tag":[],"class_list":{"0":"post-74970","1":"product","2":"type-product","3":"status-publish","4":"has-post-thumbnail","6":"product_brand-specialspex","7":"product_cat-sportbrille","8":"product_cat-laufen","9":"product_cat-motorradbrille","10":"product_cat-mountainbiking","11":"product_cat-radfahren","12":"product_cat-radfahrerbrille","13":"pa_geschikt-voor-frauen","14":"pa_geschikt-voor-manner","15":"pa_kleur-montuur-noir","16":"pa_kleur-montuur-schwarz-2","17":"pa_kleur-montuur-schwarz-3","18":"pa_kleur-montuur-schwarz","19":"pa_maat-montuur-gross","20":"pa_maat-montuur-medium","21":"pa_soort-bril-op-sterkte-mit-sehstaerke","22":"pa_soort-bril-op-sterkte-ohne-sehstaerke","24":"first","25":"instock","26":"shipping-taxable","27":"purchasable","28":"product-type-variable"},"_links":{"self":[{"href":"https:\/\/specialspex.artitex.dev\/de\/wp-json\/wp\/v2\/product\/74970","targetHints":{"allow":["GET"]}}],"collection":[{"href":"https:\/\/specialspex.artitex.dev\/de\/wp-json\/wp\/v2\/product"}],"about":[{"href":"https:\/\/specialspex.artitex.dev\/de\/wp-json\/wp\/v2\/types\/product"}],"wp:featuredmedia":[{"embeddable":true,"href":"https:\/\/specialspex.artitex.dev\/de\/wp-json\/wp\/v2\/media\/73182"}],"wp:attachment":[{"href":"https:\/\/specialspex.artitex.dev\/de\/wp-json\/wp\/v2\/media?parent=74970"}],"wp:term":[{"taxonomy":"product_brand","embeddable":true,"href":"https:\/\/specialspex.artitex.dev\/de\/wp-json\/wp\/v2\/product_brand?post=74970"},{"taxonomy":"product_cat","embeddable":true,"href":"https:\/\/specialspex.artitex.dev\/de\/wp-json\/wp\/v2\/product_cat?post=74970"},{"taxonomy":"product_tag","embeddable":true,"href":"https:\/\/specialspex.artitex.dev\/de\/wp-json\/wp\/v2\/product_tag?post=74970"}],"curies":[{"name":"wp","href":"https:\/\/api.w.org\/{rel}","templated":true}]}}