{"id":74977,"date":"2026-03-19T11:05:24","date_gmt":"2026-03-19T10:05:24","guid":{"rendered":"https:\/\/specialspex.artitex.dev\/product\/intensity-reactiv\/"},"modified":"2026-04-18T12:07:42","modified_gmt":"2026-04-18T10:07:42","slug":"intensity-reactiv","status":"publish","type":"product","link":"https:\/\/specialspex.artitex.dev\/de\/sportbrille\/laufen\/julbo-intensity-reactiv\/","title":{"rendered":"Intensity Reactiv"},"content":{"rendered":"<p data-start=\"60\" data-end=\"310\">Die Julbo INTENSITY wurde f\u00fcr anspruchsvolle Rad- und Trailrunning-Aktivit\u00e4ten entwickelt. Der ultraleichte Rahmen, die strategische Bel\u00fcftung und die bequeme Passform machen diese Brille perfekt, um das Tempo zu erh\u00f6hen und deine Leistung zu maximieren. <\/p>\n<p data-start=\"312\" data-end=\"621\"><br data-start=\"339\" data-end=\"342\">- Ultraleichter Rahmen f\u00fcr lang anhaltenden Tragekomfort<br data-start=\"390\" data-end=\"393\">- Strategische Bel\u00fcftungs\u00f6ffnungen f\u00fcr optimale Luftzirkulation<br data-start=\"457\" data-end=\"460\">- Verringert die Kondensation bei intensiver Anstrengung<br data-start=\"514\" data-end=\"517\">- Ergonomische Passform f\u00fcr Stabilit\u00e4t bei hoher Geschwindigkeit<br data-start=\"579\" data-end=\"582\">- Ideal f\u00fcr Radfahren und Trailrunning<\/p>\n<p data-start=\"312\" data-end=\"621\">- Erh\u00e4ltlich in der St\u00e4rke mit einem Einsatzclip (Clip-in)<\/p>\n","protected":false},"excerpt":{"rendered":"<p data-start=\"60\" data-end=\"310\">Die Julbo INTENSITY wurde f\u00fcr anspruchsvolle Rad- und Trailrunning-Aktivit\u00e4ten entwickelt. Der ultraleichte Rahmen, die strategische Bel\u00fcftung und die bequeme Passform machen diese Brille perfekt, um das Tempo zu erh\u00f6hen und deine Leistung zu maximieren. <\/p>\n<p data-start=\"312\" data-end=\"621\"><br data-start=\"339\" data-end=\"342\">- Ultraleichter Rahmen f\u00fcr lang anhaltenden Tragekomfort<br data-start=\"390\" data-end=\"393\">- Strategische Bel\u00fcftungs\u00f6ffnungen f\u00fcr optimale Luftzirkulation<br data-start=\"457\" data-end=\"460\">- Verringert die Kondensation bei intensiver Anstrengung<br data-start=\"514\" data-end=\"517\">- Ergonomische Passform f\u00fcr Stabilit\u00e4t bei hoher Geschwindigkeit<br data-start=\"579\" data-end=\"582\">- Ideal f\u00fcr Radfahren und Trailrunning<\/p>\n<p data-start=\"312\" data-end=\"621\">- Erh\u00e4ltlich in der St\u00e4rke mit einem Einsatzclip (Clip-in)<\/p>\n","protected":false},"featured_media":70700,"template":"","meta":[],"product_brand":[790],"product_cat":[584,560,561,559],"product_tag":[],"class_list":{"0":"post-74977","1":"product","2":"type-product","3":"status-publish","4":"has-post-thumbnail","6":"product_brand-julbo","7":"product_cat-sportbrille","8":"product_cat-laufen","9":"product_cat-radfahren","10":"product_cat-radfahrerbrille","11":"pa_geschikt-voor-frauen","12":"pa_geschikt-voor-manner","13":"pa_kleur-montuur-blau","14":"pa_kleur-montuur-orange","15":"pa_kleur-montuur-schwarz","16":"pa_kleur-montuur-weiss","17":"pa_maat-montuur-klein","18":"pa_maat-montuur-medium","19":"pa_soort-bril-op-sterkte-mit-korrektionsglaesern-im-visier","20":"pa_soort-bril-op-sterkte-ohne-sehstaerke","21":"pa_soort-bril-op-sterkte-with-prescription-insert","23":"first","24":"instock","25":"shipping-taxable","26":"purchasable","27":"product-type-variable"},"_links":{"self":[{"href":"https:\/\/specialspex.artitex.dev\/de\/wp-json\/wp\/v2\/product\/74977","targetHints":{"allow":["GET"]}}],"collection":[{"href":"https:\/\/specialspex.artitex.dev\/de\/wp-json\/wp\/v2\/product"}],"about":[{"href":"https:\/\/specialspex.artitex.dev\/de\/wp-json\/wp\/v2\/types\/product"}],"wp:featuredmedia":[{"embeddable":true,"href":"https:\/\/specialspex.artitex.dev\/de\/wp-json\/wp\/v2\/media\/70700"}],"wp:attachment":[{"href":"https:\/\/specialspex.artitex.dev\/de\/wp-json\/wp\/v2\/media?parent=74977"}],"wp:term":[{"taxonomy":"product_brand","embeddable":true,"href":"https:\/\/specialspex.artitex.dev\/de\/wp-json\/wp\/v2\/product_brand?post=74977"},{"taxonomy":"product_cat","embeddable":true,"href":"https:\/\/specialspex.artitex.dev\/de\/wp-json\/wp\/v2\/product_cat?post=74977"},{"taxonomy":"product_tag","embeddable":true,"href":"https:\/\/specialspex.artitex.dev\/de\/wp-json\/wp\/v2\/product_tag?post=74977"}],"curies":[{"name":"wp","href":"https:\/\/api.w.org\/{rel}","templated":true}]}}