{"id":74998,"date":"2025-12-02T18:10:21","date_gmt":"2025-12-02T17:10:21","guid":{"rendered":"https:\/\/specialspex.artitex.dev\/product\/70508\/"},"modified":"2026-04-02T17:28:19","modified_gmt":"2026-04-02T15:28:19","slug":"70508","status":"publish","type":"product","link":"https:\/\/specialspex.artitex.dev\/de\/sportbrille\/radfahrerbrille\/gravelbiker-radfahren\/oakley-70508\/","title":{"rendered":"Stunt Devil"},"content":{"rendered":"<p data-start=\"211\" data-end=\"659\">Die Oakley Stunt Devil ist ein moderner, sportlicher Rahmen, der f\u00fcr maximalen Halt, Stabilit\u00e4t und Komfort bei intensiven Aktivit\u00e4ten sorgt. Dank der innovativen HyperGrip-Technologie von Oakley bleibt die Brille auch bei starker Bewegung oder Schwei\u00dfbildung fest an ihrem Platz. Flexible Ohrpolster sorgen f\u00fcr eine gleichm\u00e4\u00dfige Gewichtsverteilung und ein leichtes Tragegef\u00fchl, damit die Brille auch bei l\u00e4ngeren Aktivit\u00e4ten bequem sitzt.  <\/p>\n<p data-start=\"661\" data-end=\"985\">Der Rahmen ist aus leichtem und strapazierf\u00e4higem O-Matter gefertigt, das sich auch bei starker Beanspruchung nicht verzieht. Unobtainium-Nasenpads sorgen f\u00fcr zus\u00e4tzlichen Halt, wenn du schwitzt, und machen die Brille noch stabiler. Die Stunt Devil wird mit zwei austauschbaren Nasenpads geliefert, damit du die Passform leicht anpassen kannst.  <\/p>\n<p data-start=\"987\" data-end=\"1390\">- HyperGrip-Technologie f\u00fcr maximalen Halt und Stabilit\u00e4t bei intensiver Aktivit\u00e4t<br data-start=\"1074\" data-end=\"1077\">- Nasenpad aus Unobtainium f\u00fcr zus\u00e4tzlichen Halt beim Schwitzen<br data-start=\"1131\" data-end=\"1134\">- Leichter und langlebiger O-Matter-Rahmen<br data-start=\"1177\" data-end=\"1180\">- Zwei austauschbare Nasenpads f\u00fcr eine individuelle Passform<br data-start=\"1252\" data-end=\"1255\">- Modernes, schlankes Design, geeignet f\u00fcr Sport und Alltag<br data-start=\"1319\" data-end=\"1322\">- Rezeptfrei<br data-start=\"1350\" data-end=\"1353\">- Aufbewahrungsetui enthalten<\/p>\n","protected":false},"excerpt":{"rendered":"<p data-start=\"211\" data-end=\"659\">Die Oakley Stunt Devil ist ein moderner, sportlicher Rahmen, der f\u00fcr maximalen Halt, Stabilit\u00e4t und Komfort bei intensiven Aktivit\u00e4ten sorgt. Dank der innovativen HyperGrip-Technologie von Oakley bleibt die Brille auch bei starker Bewegung oder Schwei\u00dfbildung fest an ihrem Platz. Flexible Ohrpolster sorgen f\u00fcr eine gleichm\u00e4\u00dfige Gewichtsverteilung und ein leichtes Tragegef\u00fchl, damit die Brille auch bei l\u00e4ngeren Aktivit\u00e4ten bequem sitzt.  <\/p>\n<p data-start=\"661\" data-end=\"985\">Der Rahmen ist aus leichtem und strapazierf\u00e4higem O-Matter gefertigt, das sich auch bei starker Beanspruchung nicht verzieht. Unobtainium-Nasenpads sorgen f\u00fcr zus\u00e4tzlichen Halt, wenn du schwitzt, und machen die Brille noch stabiler. Die Stunt Devil wird mit zwei austauschbaren Nasenpads geliefert, damit du die Passform leicht anpassen kannst.  <\/p>\n<p data-start=\"987\" data-end=\"1390\">- HyperGrip-Technologie f\u00fcr maximalen Halt und Stabilit\u00e4t bei intensiver Aktivit\u00e4t<br data-start=\"1074\" data-end=\"1077\">- Nasenpad aus Unobtainium f\u00fcr zus\u00e4tzlichen Halt beim Schwitzen<br data-start=\"1131\" data-end=\"1134\">- Leichter und langlebiger O-Matter-Rahmen<br data-start=\"1177\" data-end=\"1180\">- Zwei austauschbare Nasenpads f\u00fcr eine individuelle Passform<br data-start=\"1252\" data-end=\"1255\">- Modernes, schlankes Design, geeignet f\u00fcr Sport und Alltag<br data-start=\"1319\" data-end=\"1322\">- Rezeptfrei<br data-start=\"1350\" data-end=\"1353\">- Aufbewahrungsetui enthalten<\/p>\n","protected":false},"featured_media":70544,"template":"","meta":[],"product_brand":[806],"product_cat":[584,639,638,591,593,561,559,588],"product_tag":[],"class_list":{"0":"post-74998","1":"product","2":"type-product","3":"status-publish","4":"has-post-thumbnail","6":"product_brand-oakley","7":"product_cat-sportbrille","8":"product_cat-gravelbiker-radfahren","9":"product_cat-mountainbiking","10":"product_cat-padel","11":"product_cat-racket-sportarten","12":"product_cat-radfahren","13":"product_cat-radfahrerbrille","14":"product_cat-tennis","15":"pa_geschikt-voor-frauen","16":"pa_geschikt-voor-manner","17":"pa_kleur-montuur-grau","18":"pa_kleur-montuur-schwarz","19":"pa_kleur-montuur-weiss","20":"pa_maat-montuur-extra-gros","21":"pa_maat-montuur-gross","22":"pa_soort-bril-op-sterkte-ohne-sehstaerke","24":"first","25":"instock","26":"sale","27":"shipping-taxable","28":"purchasable","29":"product-type-variable"},"_links":{"self":[{"href":"https:\/\/specialspex.artitex.dev\/de\/wp-json\/wp\/v2\/product\/74998","targetHints":{"allow":["GET"]}}],"collection":[{"href":"https:\/\/specialspex.artitex.dev\/de\/wp-json\/wp\/v2\/product"}],"about":[{"href":"https:\/\/specialspex.artitex.dev\/de\/wp-json\/wp\/v2\/types\/product"}],"wp:featuredmedia":[{"embeddable":true,"href":"https:\/\/specialspex.artitex.dev\/de\/wp-json\/wp\/v2\/media\/70544"}],"wp:attachment":[{"href":"https:\/\/specialspex.artitex.dev\/de\/wp-json\/wp\/v2\/media?parent=74998"}],"wp:term":[{"taxonomy":"product_brand","embeddable":true,"href":"https:\/\/specialspex.artitex.dev\/de\/wp-json\/wp\/v2\/product_brand?post=74998"},{"taxonomy":"product_cat","embeddable":true,"href":"https:\/\/specialspex.artitex.dev\/de\/wp-json\/wp\/v2\/product_cat?post=74998"},{"taxonomy":"product_tag","embeddable":true,"href":"https:\/\/specialspex.artitex.dev\/de\/wp-json\/wp\/v2\/product_tag?post=74998"}],"curies":[{"name":"wp","href":"https:\/\/api.w.org\/{rel}","templated":true}]}}