{"id":75027,"date":"2025-12-02T17:44:06","date_gmt":"2025-12-02T16:44:06","guid":{"rendered":"https:\/\/specialspex.artitex.dev\/product\/stunt-devil-s\/"},"modified":"2025-12-02T17:44:06","modified_gmt":"2025-12-02T16:44:06","slug":"stunt-devil-s","status":"publish","type":"product","link":"https:\/\/specialspex.artitex.dev\/de\/sportbrille\/laufen\/oakley-stunt-devil-s\/","title":{"rendered":"Stunt Devil S"},"content":{"rendered":"<p data-start=\"206\" data-end=\"690\">Die Oakley Stunt Devil S ist eine kompakte und moderne Sportbrille, die maximale Stabilit\u00e4t, Halt und Komfort bei intensiven Aktivit\u00e4ten bietet. Dank der neuen HyperGrip-Technologie von Oakley bleibt die Brille au\u00dfergew\u00f6hnlich sicher. Die flexiblen B\u00fcgelpolster sorgen f\u00fcr eine gleichm\u00e4\u00dfige Gewichtsverteilung und ein leichtes Tragegef\u00fchl - selbst bei schnellen oder kraftvollen Bewegungen. Diese innovative Technologie wurde vom Time Magazine als eine der besten Innovationen des Jahres 2025 nominiert.  <\/p>\n<p data-start=\"692\" data-end=\"1034\">Der Stunt Devil S verwendet eine leichte O-Matter-Konstruktion, die stark, flexibel und langlebig ist. In Kombination mit den Unobtainium-Nasenpads bleibt der Rahmen auch beim Schwitzen stabil. Die Brille wird mit zwei austauschbaren Nasenpads geliefert, mit denen sich die Passform leicht an verschiedene Gesichtsformen anpassen l\u00e4sst.  <\/p>\n<p data-start=\"1036\" data-end=\"1436\">- HyperGrip-Technologie mit flexiblen Ohrpolstern f\u00fcr maximalen Halt und Stabilit\u00e4t<br data-start=\"1121\" data-end=\"1124\">- Nasenpolster aus Unobtainium f\u00fcr zus\u00e4tzlichen Halt beim Schwitzen<br data-start=\"1178\" data-end=\"1181\">- Leichter und strapazierf\u00e4higer O-Matter-Rahmen<br data-start=\"1224\" data-end=\"1227\">- Inklusive zwei austauschbarer Nasenpolster f\u00fcr eine individuelle Passform<br data-start=\"1296\" data-end=\"1299\">- Kompaktes, modernes Design, geeignet f\u00fcr Sport und Alltag<br data-start=\"1365\" data-end=\"1368\">- Nicht gr\u00f6\u00dfenverstellbar<br data-start=\"1396\" data-end=\"1399\">- Inklusive Schutzh\u00fclle<\/p>\n","protected":false},"excerpt":{"rendered":"<p data-start=\"206\" data-end=\"690\">Die Oakley Stunt Devil S ist eine kompakte und moderne Sportbrille, die maximale Stabilit\u00e4t, Halt und Komfort bei intensiven Aktivit\u00e4ten bietet. Dank der neuen HyperGrip-Technologie von Oakley bleibt die Brille au\u00dfergew\u00f6hnlich sicher. Die flexiblen B\u00fcgelpolster sorgen f\u00fcr eine gleichm\u00e4\u00dfige Gewichtsverteilung und ein leichtes Tragegef\u00fchl - selbst bei schnellen oder kraftvollen Bewegungen. Diese innovative Technologie wurde vom Time Magazine als eine der besten Innovationen des Jahres 2025 nominiert.  <\/p>\n<p data-start=\"692\" data-end=\"1034\">Der Stunt Devil S verwendet eine leichte O-Matter-Konstruktion, die stark, flexibel und langlebig ist. In Kombination mit den Unobtainium-Nasenpads bleibt der Rahmen auch beim Schwitzen stabil. Die Brille wird mit zwei austauschbaren Nasenpads geliefert, mit denen sich die Passform leicht an verschiedene Gesichtsformen anpassen l\u00e4sst.  <\/p>\n<p data-start=\"1036\" data-end=\"1436\">- HyperGrip-Technologie mit flexiblen Ohrpolstern f\u00fcr maximalen Halt und Stabilit\u00e4t<br data-start=\"1121\" data-end=\"1124\">- Nasenpolster aus Unobtainium f\u00fcr zus\u00e4tzlichen Halt beim Schwitzen<br data-start=\"1178\" data-end=\"1181\">- Leichter und strapazierf\u00e4higer O-Matter-Rahmen<br data-start=\"1224\" data-end=\"1227\">- Inklusive zwei austauschbarer Nasenpolster f\u00fcr eine individuelle Passform<br data-start=\"1296\" data-end=\"1299\">- Kompaktes, modernes Design, geeignet f\u00fcr Sport und Alltag<br data-start=\"1365\" data-end=\"1368\">- Nicht gr\u00f6\u00dfenverstellbar<br data-start=\"1396\" data-end=\"1399\">- Inklusive Schutzh\u00fclle<\/p>\n","protected":false},"featured_media":70506,"template":"","meta":[],"product_brand":[806],"product_cat":[560,591,593,584,587,588,662],"product_tag":[],"class_list":{"0":"post-75027","1":"product","2":"type-product","3":"status-publish","4":"has-post-thumbnail","6":"product_brand-oakley","7":"product_cat-laufen","8":"product_cat-padel","9":"product_cat-racket-sportarten","10":"product_cat-sportbrille","11":"product_cat-squash","12":"product_cat-tennis","13":"product_cat-trailrunning","14":"pa_geschikt-voor-frauen","15":"pa_geschikt-voor-manner","16":"pa_kleur-montuur-schwarz","17":"pa_kleur-montuur-weiss","18":"pa_maat-montuur-gross","19":"pa_maat-montuur-medium","20":"pa_soort-bril-op-sterkte-ohne-sehstaerke","22":"first","23":"instock","24":"sale","25":"shipping-taxable","26":"purchasable","27":"product-type-variable"},"_links":{"self":[{"href":"https:\/\/specialspex.artitex.dev\/de\/wp-json\/wp\/v2\/product\/75027","targetHints":{"allow":["GET"]}}],"collection":[{"href":"https:\/\/specialspex.artitex.dev\/de\/wp-json\/wp\/v2\/product"}],"about":[{"href":"https:\/\/specialspex.artitex.dev\/de\/wp-json\/wp\/v2\/types\/product"}],"wp:featuredmedia":[{"embeddable":true,"href":"https:\/\/specialspex.artitex.dev\/de\/wp-json\/wp\/v2\/media\/70506"}],"wp:attachment":[{"href":"https:\/\/specialspex.artitex.dev\/de\/wp-json\/wp\/v2\/media?parent=75027"}],"wp:term":[{"taxonomy":"product_brand","embeddable":true,"href":"https:\/\/specialspex.artitex.dev\/de\/wp-json\/wp\/v2\/product_brand?post=75027"},{"taxonomy":"product_cat","embeddable":true,"href":"https:\/\/specialspex.artitex.dev\/de\/wp-json\/wp\/v2\/product_cat?post=75027"},{"taxonomy":"product_tag","embeddable":true,"href":"https:\/\/specialspex.artitex.dev\/de\/wp-json\/wp\/v2\/product_tag?post=75027"}],"curies":[{"name":"wp","href":"https:\/\/api.w.org\/{rel}","templated":true}]}}