{"id":75142,"date":"2025-11-26T12:49:02","date_gmt":"2025-11-26T11:49:02","guid":{"rendered":"https:\/\/specialspex.artitex.dev\/product\/5038\/"},"modified":"2025-11-26T12:49:02","modified_gmt":"2025-11-26T11:49:02","slug":"5038","status":"publish","type":"product","link":"https:\/\/specialspex.artitex.dev\/de\/sport-laessig\/nike-5038\/","title":{"rendered":"5038"},"content":{"rendered":"<p data-start=\"181\" data-end=\"627\">Die Nike 5038 ist eine leichte und sportliche Brille, die speziell f\u00fcr Kinder im Alter von 8-14 Jahren entwickelt wurde. Das robuste Design bietet eine bequeme und flexible Passform, ideal f\u00fcr Schule, Sport und Alltag. Dank der gummierten Nasenpads und der griffigen Beinenden bleibt die Brille auch beim Laufen, Spielen oder intensiven Bewegungen fest an ihrem Platz. Das erkennbare Nike-Styling verleiht der Brille einen modernen, jugendlichen Look.   <\/p>\n<p data-start=\"629\" data-end=\"980\">- Leichte und strapazierf\u00e4hige Fassung f\u00fcr den t\u00e4glichen und sportlichen Gebrauch<br data-start=\"698\" data-end=\"701\">- Gummierte Nasenpads und griffige Beinenden f\u00fcr zus\u00e4tzliche Stabilit\u00e4t<br data-start=\"770\" data-end=\"773\">- Bequeme Passform, ideal f\u00fcr Kinder im Alter von 8-14 Jahren<br data-start=\"831\" data-end=\"834\">- Sportliches Design mit dezenten Nike-Details<br data-start=\"878\" data-end=\"881\">- Mit hochwertigen Specialspex-Gl\u00e4sern erh\u00e4ltlich<br data-start=\"940\" data-end=\"943\">- Inklusive sch\u00fctzendem Aufbewahrungsetui<\/p>\n","protected":false},"excerpt":{"rendered":"<p data-start=\"181\" data-end=\"627\">Die Nike 5038 ist eine leichte und sportliche Brille, die speziell f\u00fcr Kinder im Alter von 8-14 Jahren entwickelt wurde. Das robuste Design bietet eine bequeme und flexible Passform, ideal f\u00fcr Schule, Sport und Alltag. Dank der gummierten Nasenpads und der griffigen Beinenden bleibt die Brille auch beim Laufen, Spielen oder intensiven Bewegungen fest an ihrem Platz. Das erkennbare Nike-Styling verleiht der Brille einen modernen, jugendlichen Look.   <\/p>\n<p data-start=\"629\" data-end=\"980\">- Leichte und strapazierf\u00e4hige Fassung f\u00fcr den t\u00e4glichen und sportlichen Gebrauch<br data-start=\"698\" data-end=\"701\">- Gummierte Nasenpads und griffige Beinenden f\u00fcr zus\u00e4tzliche Stabilit\u00e4t<br data-start=\"770\" data-end=\"773\">- Bequeme Passform, ideal f\u00fcr Kinder im Alter von 8-14 Jahren<br data-start=\"831\" data-end=\"834\">- Sportliches Design mit dezenten Nike-Details<br data-start=\"878\" data-end=\"881\">- Mit hochwertigen Specialspex-Gl\u00e4sern erh\u00e4ltlich<br data-start=\"940\" data-end=\"943\">- Inklusive sch\u00fctzendem Aufbewahrungsetui<\/p>\n","protected":false},"featured_media":66891,"template":"","meta":[],"product_brand":[788],"product_cat":[584,696,594],"product_tag":[],"class_list":{"0":"post-75142","1":"product","2":"type-product","3":"status-publish","4":"has-post-thumbnail","6":"product_brand-nike","7":"product_cat-sportbrille","8":"product_cat-sport-laessig","9":"product_cat-sportbrillen-fuer-kinder","10":"pa_geschikt-voor-sportbrillen-fuer-kinder","11":"pa_kleur-montuur-blau","12":"pa_kleur-montuur-gelb","13":"pa_kleur-montuur-grau","14":"pa_kleur-montuur-rot","15":"pa_kleur-montuur-schwarz","16":"pa_maat-montuur-junge-erwachsene-10-16-jahre","17":"pa_maat-montuur-kinder-von-8-12-jahren","18":"pa_soort-bril-op-sterkte-mit-sehstaerke","20":"first","21":"instock","22":"shipping-taxable","23":"purchasable","24":"product-type-variable"},"_links":{"self":[{"href":"https:\/\/specialspex.artitex.dev\/de\/wp-json\/wp\/v2\/product\/75142","targetHints":{"allow":["GET"]}}],"collection":[{"href":"https:\/\/specialspex.artitex.dev\/de\/wp-json\/wp\/v2\/product"}],"about":[{"href":"https:\/\/specialspex.artitex.dev\/de\/wp-json\/wp\/v2\/types\/product"}],"wp:featuredmedia":[{"embeddable":true,"href":"https:\/\/specialspex.artitex.dev\/de\/wp-json\/wp\/v2\/media\/66891"}],"wp:attachment":[{"href":"https:\/\/specialspex.artitex.dev\/de\/wp-json\/wp\/v2\/media?parent=75142"}],"wp:term":[{"taxonomy":"product_brand","embeddable":true,"href":"https:\/\/specialspex.artitex.dev\/de\/wp-json\/wp\/v2\/product_brand?post=75142"},{"taxonomy":"product_cat","embeddable":true,"href":"https:\/\/specialspex.artitex.dev\/de\/wp-json\/wp\/v2\/product_cat?post=75142"},{"taxonomy":"product_tag","embeddable":true,"href":"https:\/\/specialspex.artitex.dev\/de\/wp-json\/wp\/v2\/product_tag?post=75142"}],"curies":[{"name":"wp","href":"https:\/\/api.w.org\/{rel}","templated":true}]}}