{"id":75164,"date":"2025-11-26T13:42:21","date_gmt":"2025-11-26T12:42:21","guid":{"rendered":"https:\/\/specialspex.artitex.dev\/product\/7014-53\/"},"modified":"2025-11-26T13:42:21","modified_gmt":"2025-11-26T12:42:21","slug":"7014-53","status":"publish","type":"product","link":"https:\/\/specialspex.artitex.dev\/de\/sport-laessig\/nike-7014-53\/","title":{"rendered":"7014 (53)"},"content":{"rendered":"<p data-start=\"190\" data-end=\"659\">Die Nike 7014 ist eine leichte und sportliche Brille, die speziell f\u00fcr Jugendliche zwischen 10 und 16 Jahren entwickelt wurde. Das Design bietet eine bequeme und flexible Passform, die sowohl f\u00fcr die Schule als auch f\u00fcr sportliche Aktivit\u00e4ten geeignet ist. Dank der gummierten Nasenpads und der griffigen Beinenden bleibt die Brille auch bei intensivem Sport fest an ihrem Platz. Das moderne, klare Design mit dezenten Nike-Details macht die 7014 zu einer vielseitigen Brille f\u00fcr den t\u00e4glichen Gebrauch.   <\/p>\n<p data-start=\"661\" data-end=\"1022\">- Leichte und strapazierf\u00e4hige Fassung f\u00fcr Schule, Sport und Freizeit<br data-start=\"728\" data-end=\"731\">- Gummierte Nasenpads und griffige Beinenden f\u00fcr zus\u00e4tzliche Stabilit\u00e4t<br data-start=\"800\" data-end=\"803\">- Bequeme Passform, ideal f\u00fcr Jugendliche zwischen 10 und 16 Jahren<br data-start=\"862\" data-end=\"865\">- Sportliches und modernes Design mit erkennbarem Nike-Styling<br data-start=\"920\" data-end=\"923\">- Mit hochwertigen Specialspex-Gl\u00e4sern erh\u00e4ltlich<br data-start=\"982\" data-end=\"985\">- Inklusive Schutzh\u00fclle<\/p>\n","protected":false},"excerpt":{"rendered":"<p data-start=\"190\" data-end=\"659\">Die Nike 7014 ist eine leichte und sportliche Brille, die speziell f\u00fcr Jugendliche zwischen 10 und 16 Jahren entwickelt wurde. Das Design bietet eine bequeme und flexible Passform, die sowohl f\u00fcr die Schule als auch f\u00fcr sportliche Aktivit\u00e4ten geeignet ist. Dank der gummierten Nasenpads und der griffigen Beinenden bleibt die Brille auch bei intensivem Sport fest an ihrem Platz. Das moderne, klare Design mit dezenten Nike-Details macht die 7014 zu einer vielseitigen Brille f\u00fcr den t\u00e4glichen Gebrauch.   <\/p>\n<p data-start=\"661\" data-end=\"1022\">- Leichte und strapazierf\u00e4hige Fassung f\u00fcr Schule, Sport und Freizeit<br data-start=\"728\" data-end=\"731\">- Gummierte Nasenpads und griffige Beinenden f\u00fcr zus\u00e4tzliche Stabilit\u00e4t<br data-start=\"800\" data-end=\"803\">- Bequeme Passform, ideal f\u00fcr Jugendliche zwischen 10 und 16 Jahren<br data-start=\"862\" data-end=\"865\">- Sportliches und modernes Design mit erkennbarem Nike-Styling<br data-start=\"920\" data-end=\"923\">- Mit hochwertigen Specialspex-Gl\u00e4sern erh\u00e4ltlich<br data-start=\"982\" data-end=\"985\">- Schutzetui im Lieferumfang enthalten<\/p>\n","protected":false},"featured_media":66935,"template":"","meta":[],"product_brand":[788],"product_cat":[584,696,594],"product_tag":[],"class_list":{"0":"post-75164","1":"product","2":"type-product","3":"status-publish","4":"has-post-thumbnail","6":"product_brand-nike","7":"product_cat-sportbrille","8":"product_cat-sport-laessig","9":"product_cat-sportbrillen-fuer-kinder","10":"pa_geschikt-voor-sportbrillen-fuer-kinder","11":"pa_kleur-montuur-blau","12":"pa_kleur-montuur-grau","13":"pa_kleur-montuur-rot","14":"pa_kleur-montuur-schwarz","15":"pa_maat-montuur-junge-erwachsene-10-16-jahre","16":"pa_maat-montuur-kinder-von-8-12-jahren","17":"pa_soort-bril-op-sterkte-mit-sehstaerke","19":"first","20":"instock","21":"shipping-taxable","22":"purchasable","23":"product-type-variable"},"_links":{"self":[{"href":"https:\/\/specialspex.artitex.dev\/de\/wp-json\/wp\/v2\/product\/75164","targetHints":{"allow":["GET"]}}],"collection":[{"href":"https:\/\/specialspex.artitex.dev\/de\/wp-json\/wp\/v2\/product"}],"about":[{"href":"https:\/\/specialspex.artitex.dev\/de\/wp-json\/wp\/v2\/types\/product"}],"wp:featuredmedia":[{"embeddable":true,"href":"https:\/\/specialspex.artitex.dev\/de\/wp-json\/wp\/v2\/media\/66935"}],"wp:attachment":[{"href":"https:\/\/specialspex.artitex.dev\/de\/wp-json\/wp\/v2\/media?parent=75164"}],"wp:term":[{"taxonomy":"product_brand","embeddable":true,"href":"https:\/\/specialspex.artitex.dev\/de\/wp-json\/wp\/v2\/product_brand?post=75164"},{"taxonomy":"product_cat","embeddable":true,"href":"https:\/\/specialspex.artitex.dev\/de\/wp-json\/wp\/v2\/product_cat?post=75164"},{"taxonomy":"product_tag","embeddable":true,"href":"https:\/\/specialspex.artitex.dev\/de\/wp-json\/wp\/v2\/product_tag?post=75164"}],"curies":[{"name":"wp","href":"https:\/\/api.w.org\/{rel}","templated":true}]}}