{"id":75194,"date":"2025-12-02T16:21:16","date_gmt":"2025-12-02T15:21:16","guid":{"rendered":"https:\/\/specialspex.artitex.dev\/product\/sphaera\/"},"modified":"2025-12-02T16:21:16","modified_gmt":"2025-12-02T15:21:16","slug":"sphaera","status":"publish","type":"product","link":"https:\/\/specialspex.artitex.dev\/de\/sportbrille\/golfbrille\/oakley-sphaera\/","title":{"rendered":"Sphaera\u2122"},"content":{"rendered":"<p data-start=\"188\" data-end=\"739\">Die Oakley Sphaera ist eine leistungsstarke Sportsonnenbrille, die f\u00fcr maximale Geschwindigkeit, Stabilit\u00e4t und Sichtbarkeit entwickelt wurde. Das breite Schirmdesign bietet ein Rundumsichtfeld, damit du bei intensiven Trainingseinheiten immer den bestm\u00f6glichen \u00dcberblick hast. Der leichte O Matter-Rahmen sorgt f\u00fcr lang anhaltenden Komfort, w\u00e4hrend die Unobtainium-Nasenpads und -Ohrst\u00f6psel einen sicheren, rutschfesten Sitz bieten - auch wenn du schwitzt. Integrierte Bel\u00fcftungs\u00f6ffnungen halten die Scheibe l\u00e4nger klar und minimieren das Beschlagen.   <\/p>\n<p data-start=\"741\" data-end=\"873\">Die Sphaera ist ideal f\u00fcr Radfahren, Laufen und andere anspruchsvolle Sportarten, bei denen Sicht, Passform und Schutz wichtig sind.<\/p>\n<p data-start=\"875\" data-end=\"1309\">- Panoramaschild-Design f\u00fcr ein weites und ungehindertes Sichtfeld<br data-start=\"945\" data-end=\"948\">- Leichter und strapazierf\u00e4higer O Matter-Rahmen f\u00fcr ganzt\u00e4gigen Tragekomfort<br data-start=\"1013\" data-end=\"1016\">- Unobtainium-Nasenpads und -Ohrst\u00f6psel f\u00fcr sicheren Halt, auch wenn du schwitzt<br data-start=\"1081\" data-end=\"1084\">- Optimierte Bel\u00fcftung, um das Beschlagen zu reduzieren<br data-start=\"1139\" data-end=\"1142\">- Entwickelt f\u00fcr Sportarten wie Radfahren, Laufen und Multisport<br data-start=\"1206\" data-end=\"1209\">- Kann mit Specialspex-Gl\u00e4sern im Visier ausgestattet werden<br data-start=\"1269\" data-end=\"1272\">- Sch\u00fctzendes Aufbewahrungsetui enthalten<\/p>\n","protected":false},"excerpt":{"rendered":"<p data-start=\"188\" data-end=\"739\">Die Oakley Sphaera ist eine leistungsstarke Sportsonnenbrille, die f\u00fcr maximale Geschwindigkeit, Stabilit\u00e4t und Sichtbarkeit entwickelt wurde. Das breite Schirmdesign sorgt f\u00fcr ein Panorama-Sichtfeld, damit du bei intensiven Trainingseinheiten immer optimale Sicht hast. Der leichte O Matter-Rahmen sorgt f\u00fcr lang anhaltenden Tragekomfort, w\u00e4hrend die Unobtainium-Nasenpads und -Ohrst\u00f6psel einen sicheren, rutschfesten Sitz bieten - auch wenn du schwitzt. Integrierte Bel\u00fcftungs\u00f6ffnungen halten die Scheibe l\u00e4nger klar und minimieren das Beschlagen.   <\/p>\n<p data-start=\"741\" data-end=\"873\">Die Sphaera ist ideal f\u00fcr Radfahren, Laufen und andere anspruchsvolle Sportarten, bei denen Sicht, Passform und Schutz wichtig sind.<\/p>\n<p data-start=\"875\" data-end=\"1309\">- Panoramaschild-Design f\u00fcr ein weites und ungehindertes Sichtfeld<br data-start=\"945\" data-end=\"948\">- Leichter und strapazierf\u00e4higer O Matter-Rahmen f\u00fcr ganzt\u00e4gigen Tragekomfort<br data-start=\"1013\" data-end=\"1016\">- Unobtainium-Nasenpads und -Ohrst\u00f6psel f\u00fcr sicheren Halt, auch wenn du schwitzt<br data-start=\"1081\" data-end=\"1084\">- Optimierte Bel\u00fcftung, um das Beschlagen zu reduzieren<br data-start=\"1139\" data-end=\"1142\">- Entwickelt f\u00fcr Sportarten wie Radfahren, Laufen und Multisport<br data-start=\"1206\" data-end=\"1209\">- Kann mit Specialspex-Gl\u00e4sern im Visier ausgestattet werden<br data-start=\"1269\" data-end=\"1272\">- Sch\u00fctzendes Aufbewahrungsetui enthalten<\/p>\n","protected":false},"featured_media":70249,"template":"","meta":[],"product_brand":[806],"product_cat":[584,660,639,560,638,561,559],"product_tag":[],"class_list":{"0":"post-75194","1":"product","2":"type-product","3":"status-publish","4":"has-post-thumbnail","6":"product_brand-oakley","7":"product_cat-sportbrille","8":"product_cat-golfbrille","9":"product_cat-gravelbiker-radfahren","10":"product_cat-laufen","11":"product_cat-mountainbiking","12":"product_cat-radfahren","13":"product_cat-radfahrerbrille","14":"pa_geschikt-voor-frauen","15":"pa_geschikt-voor-manner","16":"pa_kleur-montuur-schwarz-3","17":"pa_kleur-montuur-schwarz","18":"pa_kleur-montuur-transparent-klar","19":"pa_kleur-montuur-weiss","20":"pa_maat-montuur-extra-gros","21":"pa_maat-montuur-gross","23":"first","24":"instock","25":"sale","26":"shipping-taxable","27":"purchasable","28":"product-type-variable"},"_links":{"self":[{"href":"https:\/\/specialspex.artitex.dev\/de\/wp-json\/wp\/v2\/product\/75194","targetHints":{"allow":["GET"]}}],"collection":[{"href":"https:\/\/specialspex.artitex.dev\/de\/wp-json\/wp\/v2\/product"}],"about":[{"href":"https:\/\/specialspex.artitex.dev\/de\/wp-json\/wp\/v2\/types\/product"}],"wp:featuredmedia":[{"embeddable":true,"href":"https:\/\/specialspex.artitex.dev\/de\/wp-json\/wp\/v2\/media\/70249"}],"wp:attachment":[{"href":"https:\/\/specialspex.artitex.dev\/de\/wp-json\/wp\/v2\/media?parent=75194"}],"wp:term":[{"taxonomy":"product_brand","embeddable":true,"href":"https:\/\/specialspex.artitex.dev\/de\/wp-json\/wp\/v2\/product_brand?post=75194"},{"taxonomy":"product_cat","embeddable":true,"href":"https:\/\/specialspex.artitex.dev\/de\/wp-json\/wp\/v2\/product_cat?post=75194"},{"taxonomy":"product_tag","embeddable":true,"href":"https:\/\/specialspex.artitex.dev\/de\/wp-json\/wp\/v2\/product_tag?post=75194"}],"curies":[{"name":"wp","href":"https:\/\/api.w.org\/{rel}","templated":true}]}}