{"id":75198,"date":"2025-12-02T14:54:54","date_gmt":"2025-12-02T13:54:54","guid":{"rendered":"https:\/\/specialspex.artitex.dev\/product\/radar-ev-path\/"},"modified":"2025-12-02T14:54:54","modified_gmt":"2025-12-02T13:54:54","slug":"radar-ev-path","status":"publish","type":"product","link":"https:\/\/specialspex.artitex.dev\/de\/sportbrille\/golfbrille\/oakley-radar-ev-path\/","title":{"rendered":"Radar\u00ae EV Path\u00ae"},"content":{"rendered":"<p data-start=\"174\" data-end=\"652\">Die Oakley Radar EV Path ist eine Hochleistungssportbrille, die f\u00fcr maximale Bel\u00fcftung, Stabilit\u00e4t und ein ungehindertes Sichtfeld entwickelt wurde. Das ausgepr\u00e4gte Schilddesign sorgt f\u00fcr zus\u00e4tzliche Abdeckung im oberen Sichtbereich, sodass du beim Radfahren, Laufen oder intensiven Workouts einen besseren \u00dcberblick hast. Der leichte O Matter-Rahmen tr\u00e4gt sich auch bei langen Trainingseinheiten angenehm, w\u00e4hrend die Unobtainium-Nasenpads und -Ohrst\u00f6psel auch bei Schwei\u00df einen festen Halt gew\u00e4hrleisten.  <\/p>\n<p data-start=\"654\" data-end=\"970\">Die Bel\u00fcftungs\u00f6ffnungen in Scheibe und Rahmen reduzieren das Beschlagen und sorgen daf\u00fcr, dass du auch bei intensivem Training scharf siehst. Die EV Path-Variante hat eine Scheibenform mit Aussparungen an der Unterseite, ideal f\u00fcr Sportler, die beim Blick nach unten an den Wangen und Wangenknochen Freiraum behalten wollen. <\/p>\n<p data-start=\"972\" data-end=\"1490\">- Schilddesign mit erh\u00f6htem oberen Sichtfeld f\u00fcr maximalen \u00dcberblick<br data-start=\"1043\" data-end=\"1046\">- EV Path Scheibenform mit freiem unteren Rand f\u00fcr optimalen Komfort bei der Bewegung<br data-start=\"1119\" data-end=\"1122\">- Leichter und strapazierf\u00e4higer O Matter-Rahmen<br data-start=\"1165\" data-end=\"1168\">- Nasenpads und Ohrst\u00f6psel aus Unobtainium f\u00fcr festen Halt beim Schwitzen<br data-start=\"1236\" data-end=\"1239\">- Hervorragende Bel\u00fcftung gegen Beschlagen bei intensivem Sport<br data-start=\"1302\" data-end=\"1305\">- Erh\u00e4ltlich mit Prizm-Scheibentechnologie f\u00fcr bessere Kontrast- und Detailsicht<br data-start=\"1380\" data-end=\"1383\">- Kann mit ma\u00dfgefertigten Specialspex-Gl\u00e4sern im Visier angepasst werden<br data-start=\"1450\" data-end=\"1453\">- Inklusive sch\u00fctzendem Aufbewahrungsetui<\/p>\n","protected":false},"excerpt":{"rendered":"<p data-start=\"174\" data-end=\"652\">Die Oakley Radar EV Path ist eine Hochleistungssportbrille, die f\u00fcr maximale Bel\u00fcftung, Stabilit\u00e4t und ein ungehindertes Sichtfeld entwickelt wurde. Das ausgepr\u00e4gte Schilddesign sorgt f\u00fcr zus\u00e4tzliche Abdeckung im oberen Sichtbereich, sodass du beim Radfahren, Laufen oder intensiven Workouts einen besseren \u00dcberblick hast. Der leichte O Matter-Rahmen tr\u00e4gt sich auch bei langen Trainingseinheiten angenehm, w\u00e4hrend die Unobtainium-Nasenpads und -Ohrst\u00f6psel auch bei Schwei\u00df einen festen Halt gew\u00e4hrleisten.  <\/p>\n<p data-start=\"654\" data-end=\"970\">Die Bel\u00fcftungs\u00f6ffnungen in Scheibe und Rahmen reduzieren das Beschlagen und sorgen daf\u00fcr, dass du auch bei intensivem Training scharf siehst. Die EV Path-Variante hat eine Scheibenform mit Aussparungen an der Unterseite, ideal f\u00fcr Sportler, die beim Blick nach unten an den Wangen und Wangenknochen Freiraum behalten wollen. <\/p>\n<p data-start=\"972\" data-end=\"1490\">- Schilddesign mit erh\u00f6htem oberen Sichtfeld f\u00fcr maximalen \u00dcberblick<br data-start=\"1043\" data-end=\"1046\">- EV Path Scheibenform mit freiem unteren Rand f\u00fcr optimalen Komfort bei der Bewegung<br data-start=\"1119\" data-end=\"1122\">- Leichter und strapazierf\u00e4higer O Matter-Rahmen<br data-start=\"1165\" data-end=\"1168\">- Nasenpads und Ohrst\u00f6psel aus Unobtainium f\u00fcr festen Halt beim Schwitzen<br data-start=\"1236\" data-end=\"1239\">- Hervorragende Bel\u00fcftung gegen Beschlagen bei intensivem Sport<br data-start=\"1302\" data-end=\"1305\">- Erh\u00e4ltlich mit Prizm-Scheibentechnologie f\u00fcr bessere Kontrast- und Detailsicht<br data-start=\"1380\" data-end=\"1383\">- Kann mit ma\u00dfgefertigten Specialspex-Gl\u00e4sern im Visier angepasst werden<br data-start=\"1450\" data-end=\"1453\">- Inklusive sch\u00fctzendem Aufbewahrungsetui<\/p>\n","protected":false},"featured_media":70139,"template":"","meta":[],"product_brand":[806],"product_cat":[584,660,639,638,561,559,664,700],"product_tag":[],"class_list":{"0":"post-75198","1":"product","2":"type-product","3":"status-publish","4":"has-post-thumbnail","6":"product_brand-oakley","7":"product_cat-sportbrille","8":"product_cat-golfbrille","9":"product_cat-gravelbiker-radfahren","10":"product_cat-mountainbiking","11":"product_cat-radfahren","12":"product_cat-radfahrerbrille","13":"product_cat-schlittschuhe","14":"product_cat-wintersport","15":"pa_geschikt-voor-frauen","16":"pa_geschikt-voor-manner","17":"pa_kleur-montuur-camouflage","18":"pa_kleur-montuur-grau","19":"pa_kleur-montuur-schwarz-3","20":"pa_kleur-montuur-schwarz","21":"pa_kleur-montuur-schwarz-2","22":"pa_kleur-montuur-weiss","23":"pa_kleur-montuur-weiss-3","24":"pa_maat-montuur-gross","25":"pa_maat-montuur-medium","26":"pa_soort-bril-op-sterkte-mit-korrektionsglaesern-im-visier","27":"pa_soort-bril-op-sterkte-ohne-sehstaerke","29":"first","30":"instock","31":"sale","32":"shipping-taxable","33":"purchasable","34":"product-type-variable"},"_links":{"self":[{"href":"https:\/\/specialspex.artitex.dev\/de\/wp-json\/wp\/v2\/product\/75198","targetHints":{"allow":["GET"]}}],"collection":[{"href":"https:\/\/specialspex.artitex.dev\/de\/wp-json\/wp\/v2\/product"}],"about":[{"href":"https:\/\/specialspex.artitex.dev\/de\/wp-json\/wp\/v2\/types\/product"}],"wp:featuredmedia":[{"embeddable":true,"href":"https:\/\/specialspex.artitex.dev\/de\/wp-json\/wp\/v2\/media\/70139"}],"wp:attachment":[{"href":"https:\/\/specialspex.artitex.dev\/de\/wp-json\/wp\/v2\/media?parent=75198"}],"wp:term":[{"taxonomy":"product_brand","embeddable":true,"href":"https:\/\/specialspex.artitex.dev\/de\/wp-json\/wp\/v2\/product_brand?post=75198"},{"taxonomy":"product_cat","embeddable":true,"href":"https:\/\/specialspex.artitex.dev\/de\/wp-json\/wp\/v2\/product_cat?post=75198"},{"taxonomy":"product_tag","embeddable":true,"href":"https:\/\/specialspex.artitex.dev\/de\/wp-json\/wp\/v2\/product_tag?post=75198"}],"curies":[{"name":"wp","href":"https:\/\/api.w.org\/{rel}","templated":true}]}}