{"id":75203,"date":"2025-12-02T15:47:33","date_gmt":"2025-12-02T14:47:33","guid":{"rendered":"https:\/\/specialspex.artitex.dev\/product\/clip-julbo-m\/"},"modified":"2025-12-02T15:47:33","modified_gmt":"2025-12-02T14:47:33","slug":"clip-julbo-m","status":"publish","type":"product","link":"https:\/\/specialspex.artitex.dev\/de\/optischer-clip\/julbo-clip-julbo-m\/","title":{"rendered":"Clip Julbo M"},"content":{"rendered":"<p data-start=\"0\" data-end=\"88\">Optischer Clip f\u00fcr Julbo Modelle mit 3D Fit Nase, kompatibel mit allen RX CLIP Modellen.<\/p>\n<p data-start=\"90\" data-end=\"222\">R\u00fcste deine vorhandene Julbo-Brille ganz einfach mit diesem optischen Clip auf.<br data-start=\"163\" data-end=\"166\">Sowohl f\u00fcr Einst\u00e4rken- als auch f\u00fcr Gleitsichtgl\u00e4ser geeignet.<\/p>\n<p data-start=\"224\" data-end=\"387\">M\u00f6chtest du sowohl die Brille als auch den Clip bestellen? W\u00e4hle zuerst die Brille in der verschreibungspflichtigen Version. Dann f\u00fcge im Konfigurationsprogramm einfach den Clip hinzu.  <\/p>\n<p data-start=\"389\" data-end=\"506\" data-is-last-node=\"\" data-is-only-node=\"\">Du m\u00f6chtest nur den Clip und die Gl\u00e4ser lieber von deinem eigenen Optiker anpassen lassen? Dann bestelle den Clip ohne das Rezept. <\/p>\n","protected":false},"excerpt":{"rendered":"<p data-start=\"0\" data-end=\"88\">Optischer Clip f\u00fcr Julbo Modelle mit 3D Fit Nase, kompatibel mit allen RX CLIP Modellen.<\/p>\n<p data-start=\"90\" data-end=\"222\">R\u00fcste deine vorhandene Julbo-Brille ganz einfach mit diesem optischen Clip auf.<br data-start=\"163\" data-end=\"166\">Sowohl f\u00fcr Einst\u00e4rken- als auch f\u00fcr Gleitsichtgl\u00e4ser geeignet.<\/p>\n<p data-start=\"224\" data-end=\"387\">M\u00f6chtest du sowohl die Brille als auch den Clip bestellen? W\u00e4hle zuerst die Brille in der verschreibungspflichtigen Version. Dann f\u00fcge im Konfigurationsprogramm einfach den Clip hinzu.  <\/p>\n<p data-start=\"389\" data-end=\"506\" data-is-last-node=\"\" data-is-only-node=\"\">Du m\u00f6chtest nur den Clip und die Gl\u00e4ser lieber von deinem eigenen Optiker anpassen lassen? Dann bestelle den Clip ohne das Rezept. <\/p>\n","protected":false},"featured_media":64018,"template":"","meta":[],"product_brand":[790],"product_cat":[682],"product_tag":[],"class_list":{"0":"post-75203","1":"product","2":"type-product","3":"status-publish","4":"has-post-thumbnail","6":"product_brand-julbo","7":"product_cat-optischer-clip","8":"pa_geschikt-voor-frauen","9":"pa_geschikt-voor-manner","11":"first","12":"instock","13":"shipping-taxable","14":"purchasable","15":"product-type-simple"},"_links":{"self":[{"href":"https:\/\/specialspex.artitex.dev\/de\/wp-json\/wp\/v2\/product\/75203","targetHints":{"allow":["GET"]}}],"collection":[{"href":"https:\/\/specialspex.artitex.dev\/de\/wp-json\/wp\/v2\/product"}],"about":[{"href":"https:\/\/specialspex.artitex.dev\/de\/wp-json\/wp\/v2\/types\/product"}],"wp:featuredmedia":[{"embeddable":true,"href":"https:\/\/specialspex.artitex.dev\/de\/wp-json\/wp\/v2\/media\/64018"}],"wp:attachment":[{"href":"https:\/\/specialspex.artitex.dev\/de\/wp-json\/wp\/v2\/media?parent=75203"}],"wp:term":[{"taxonomy":"product_brand","embeddable":true,"href":"https:\/\/specialspex.artitex.dev\/de\/wp-json\/wp\/v2\/product_brand?post=75203"},{"taxonomy":"product_cat","embeddable":true,"href":"https:\/\/specialspex.artitex.dev\/de\/wp-json\/wp\/v2\/product_cat?post=75203"},{"taxonomy":"product_tag","embeddable":true,"href":"https:\/\/specialspex.artitex.dev\/de\/wp-json\/wp\/v2\/product_tag?post=75203"}],"curies":[{"name":"wp","href":"https:\/\/api.w.org\/{rel}","templated":true}]}}