{"id":75207,"date":"2025-12-02T14:02:04","date_gmt":"2025-12-02T13:02:04","guid":{"rendered":"https:\/\/specialspex.artitex.dev\/product\/quad-out-youth-fit\/"},"modified":"2025-12-02T14:02:04","modified_gmt":"2025-12-02T13:02:04","slug":"quad-out-youth-fit","status":"publish","type":"product","link":"https:\/\/specialspex.artitex.dev\/de\/sport-laessig\/oakley-quad-out-youth-fit\/","title":{"rendered":"Quad Out (Youth Fit)"},"content":{"rendered":"<p data-start=\"185\" data-end=\"640\">Die Oakley Quad Out Youth ist ein robuster und leichter Rahmen, der speziell f\u00fcr Kinder und Jugendliche mit einem aktiven Lebensstil entwickelt wurde. Das langlebige O Matter-Material macht die Brille flexibel und stark genug f\u00fcr den t\u00e4glichen Einsatz in der Schule, beim Sport und beim Spielen im Freien. Dank der Youth Fit-Passform passt die Quad Out Youth perfekt zu kleineren Gesichtsformen, w\u00e4hrend die Unobtainium-Ohrst\u00f6psel f\u00fcr zus\u00e4tzlichen Halt sorgen, wenn du dich bewegst oder schwitzt.  <\/p>\n<p data-start=\"642\" data-end=\"789\">Das moderne, sportliche Design verleiht der Brille einen zeitgem\u00e4\u00dfen Look, der sich leicht mit jedem Outfit kombinieren l\u00e4sst, von leger bis sportlich.<\/p>\n<p data-start=\"791\" data-end=\"1114\">- Leichte und robuste O Matter-Fassung<br data-start=\"834\" data-end=\"837\">- Youth Fit Passform f\u00fcr Kinder und Jugendliche<br data-start=\"882\" data-end=\"885\">- Unobtainium-Ohrst\u00f6psel f\u00fcr zus\u00e4tzlichen Halt beim Schwitzen<br data-start=\"939\" data-end=\"942\">- Bequemes Design, geeignet f\u00fcr Schule, Sport und Alltag<br data-start=\"1012\" data-end=\"1015\">- Mit hochwertigen Specialspex-Gl\u00e4sern erh\u00e4ltlich<br data-start=\"1074\" data-end=\"1077\">- Inklusive Schutzetui<\/p>\n","protected":false},"excerpt":{"rendered":"<p data-start=\"185\" data-end=\"640\">Die Oakley Quad Out Youth ist ein robuster und leichter Rahmen, der speziell f\u00fcr Kinder und Jugendliche mit einem aktiven Lebensstil entwickelt wurde. Das langlebige O Matter-Material macht die Brille flexibel und stark genug f\u00fcr den t\u00e4glichen Einsatz in der Schule, beim Sport und beim Spielen im Freien. Dank der Youth Fit-Passform passt die Quad Out Youth perfekt zu kleineren Gesichtsformen, w\u00e4hrend die Unobtainium-Ohrst\u00f6psel f\u00fcr zus\u00e4tzlichen Halt sorgen, wenn du dich bewegst oder schwitzt.  <\/p>\n<p data-start=\"642\" data-end=\"789\">Das moderne, sportliche Design verleiht der Brille einen zeitgem\u00e4\u00dfen Look, der sich leicht mit jedem Outfit kombinieren l\u00e4sst, von leger bis sportlich.<\/p>\n<p data-start=\"791\" data-end=\"1114\">- Leichte und robuste O Matter-Fassung<br data-start=\"834\" data-end=\"837\">- Youth Fit Passform f\u00fcr Kinder und Jugendliche<br data-start=\"882\" data-end=\"885\">- Unobtainium-Ohrst\u00f6psel f\u00fcr zus\u00e4tzlichen Halt beim Schwitzen<br data-start=\"939\" data-end=\"942\">- Bequemes Design, geeignet f\u00fcr Schule, Sport und Alltag<br data-start=\"1012\" data-end=\"1015\">- Mit hochwertigen Specialspex-Gl\u00e4sern erh\u00e4ltlich<br data-start=\"1074\" data-end=\"1077\">- Inklusive Schutzetui<\/p>\n","protected":false},"featured_media":70021,"template":"","meta":[],"product_brand":[806],"product_cat":[594,696],"product_tag":[],"class_list":{"0":"post-75207","1":"product","2":"type-product","3":"status-publish","4":"has-post-thumbnail","6":"product_brand-oakley","7":"product_cat-sportbrillen-fuer-kinder","8":"product_cat-sport-laessig","9":"pa_geschikt-voor-sportbrillen-fuer-kinder","10":"pa_kleur-montuur-blau","11":"pa_kleur-montuur-braun","12":"pa_kleur-montuur-rot","13":"pa_kleur-montuur-schwarz","14":"pa_maat-montuur-kinder-von-8-12-jahren","15":"pa_soort-bril-op-sterkte-mit-sehstaerke","17":"first","18":"instock","19":"shipping-taxable","20":"purchasable","21":"product-type-variable"},"_links":{"self":[{"href":"https:\/\/specialspex.artitex.dev\/de\/wp-json\/wp\/v2\/product\/75207","targetHints":{"allow":["GET"]}}],"collection":[{"href":"https:\/\/specialspex.artitex.dev\/de\/wp-json\/wp\/v2\/product"}],"about":[{"href":"https:\/\/specialspex.artitex.dev\/de\/wp-json\/wp\/v2\/types\/product"}],"wp:featuredmedia":[{"embeddable":true,"href":"https:\/\/specialspex.artitex.dev\/de\/wp-json\/wp\/v2\/media\/70021"}],"wp:attachment":[{"href":"https:\/\/specialspex.artitex.dev\/de\/wp-json\/wp\/v2\/media?parent=75207"}],"wp:term":[{"taxonomy":"product_brand","embeddable":true,"href":"https:\/\/specialspex.artitex.dev\/de\/wp-json\/wp\/v2\/product_brand?post=75207"},{"taxonomy":"product_cat","embeddable":true,"href":"https:\/\/specialspex.artitex.dev\/de\/wp-json\/wp\/v2\/product_cat?post=75207"},{"taxonomy":"product_tag","embeddable":true,"href":"https:\/\/specialspex.artitex.dev\/de\/wp-json\/wp\/v2\/product_tag?post=75207"}],"curies":[{"name":"wp","href":"https:\/\/api.w.org\/{rel}","templated":true}]}}