{"id":75229,"date":"2025-11-27T16:19:17","date_gmt":"2025-11-27T15:19:17","guid":{"rendered":"https:\/\/specialspex.artitex.dev\/product\/kaupo-gap\/"},"modified":"2025-11-27T16:19:17","modified_gmt":"2025-11-27T15:19:17","slug":"kaupo-gap","status":"publish","type":"product","link":"https:\/\/specialspex.artitex.dev\/de\/sportbrille\/bergsteigerbrille\/maui-jim-kaupo-gap\/","title":{"rendered":"Kaupo Gap"},"content":{"rendered":"<p data-start=\"42\" data-end=\"500\">Die Kaupo Gap ist ein leichtes, entspanntes Modell mit einer modernen, zug\u00e4nglichen Passform. Das Design ist von der ber\u00fchmten Vulkanlandschaft des Haleakal\u0101 inspiriert, wo tiefe Farben, helles Licht und hohe Kontraste zusammenkommen - genau das, was diese Brille mit ihren PolarizedPlus2-Gl\u00e4sern so gut wiedergibt. Diese verst\u00e4rken Farben und Kontraste und entfernen Blendeffekte vollst\u00e4ndig. Ideal f\u00fcr den t\u00e4glichen Gebrauch, am Strand und am Wasser, bei Autofahrten, auf dem Motorrad und auf dem Golfplatz.  <\/p>\n<p data-start=\"502\" data-end=\"728\">Dank ihres leichten Grilamid-Rahmens f\u00fchlt sich die Kaupo Gap auch bei l\u00e4ngerem Tragen angenehm an. Die Form ist l\u00e4ssig und dennoch schlank, sodass sie sich sowohl f\u00fcr Outdoor-Aktivit\u00e4ten als auch f\u00fcr den Alltag eignet. <\/p>\n<p data-start=\"730\" data-end=\"1122\">- Leichter und flexibler Grilamid-Rahmen mit moderner, l\u00e4ssiger Form<br data-start=\"791\" data-end=\"794\">- PolarizedPlus2 Technologie f\u00fcr satte Farben, hohen Kontrast und Blendschutz<br data-start=\"870\" data-end=\"873\">- Bequeme Passform f\u00fcr Alltag und Reise<br data-start=\"1006\" data-end=\"1009\" data-is-only-node=\"\">- Geeignet f\u00fcr Strand, Wasser, Motorradfahren und Golf<br data-start=\"1059\" data-end=\"1062\">- Zeitloses Design mit entspanntem Maui Jim Look<\/p>\n<p data-start=\"1124\" data-end=\"1359\">Erh\u00e4ltlich in verschreibungspflichtigen Gl\u00e4sern<br data-start=\"1143\" data-end=\"1146\">Du kannst die Maui Jim Kaupo Gap in verschreibungspflichtigen Gl\u00e4sern mit Specialspex Custom Gl\u00e4sern oder mit originalen Maui Jim RX Gl\u00e4sern anfertigen lassen. Beide Optionen bieten hervorragende Klarheit, vollen UV-Schutz und optimalen Sehkomfort. <\/p>\n<p data-start=\"1361\" data-end=\"1475\" data-is-last-node=\"\" data-is-only-node=\"\">Willst du mehr wissen? Lies unseren Blog \u00fcber die Originalbrillen von Maui Jim: <br data-start=\"1418\" data-end=\"1421\"><a class=\"decorated-link cursor-pointer\" target=\"_new\" rel=\"noopener\" data-start=\"1421\" data-end=\"1475\" data-is-last-node=\"\">https:\/\/specialspex.com\/blog\/maui-jim-originele-glazen<\/a><\/p>\n","protected":false},"excerpt":{"rendered":"<p data-start=\"42\" data-end=\"500\">Die Kaupo Gap ist ein leichtes, entspanntes Modell mit einer modernen, zug\u00e4nglichen Passform. Das Design ist von der ber\u00fchmten Vulkanlandschaft des Haleakal\u0101 inspiriert, wo tiefe Farben, helles Licht und hohe Kontraste zusammenkommen - genau das, was diese Brille mit ihren PolarizedPlus2-Gl\u00e4sern so gut wiedergibt. Diese verst\u00e4rken Farben und Kontraste und entfernen Blendeffekte vollst\u00e4ndig. Ideal f\u00fcr den t\u00e4glichen Gebrauch, f\u00fcr Strand und Wasser, Autofahrten, auf dem Motorrad und auf dem Golfplatz.  <\/p>\n<p data-start=\"502\" data-end=\"728\">Dank ihres leichten Grilamid-Rahmens f\u00fchlt sich die Kaupo Gap auch bei l\u00e4ngerem Tragen angenehm an. Die Form ist l\u00e4ssig und dennoch schlank, sodass sie sich sowohl f\u00fcr Outdoor-Aktivit\u00e4ten als auch f\u00fcr den Alltag eignet. <\/p>\n<p data-start=\"730\" data-end=\"1122\">- Leichter und flexibler Grilamid-Rahmen mit moderner, l\u00e4ssiger Form<br data-start=\"791\" data-end=\"794\">- PolarizedPlus2 Technologie f\u00fcr satte Farben, hohen Kontrast und Blendschutz<br data-start=\"870\" data-end=\"873\">- Bequeme Passform f\u00fcr Alltag und Reise<br data-start=\"1006\" data-end=\"1009\" data-is-only-node=\"\">- Geeignet f\u00fcr Strand, Wasser, Motorradfahren und Golf<br data-start=\"1059\" data-end=\"1062\">- Zeitloses Design mit entspanntem Maui Jim Look<\/p>\n<p data-start=\"1124\" data-end=\"1359\">Erh\u00e4ltlich in verschreibungspflichtigen Gl\u00e4sern<br data-start=\"1143\" data-end=\"1146\">Du kannst die Maui Jim Kaupo Gap in verschreibungspflichtigen Gl\u00e4sern mit Specialspex Custom Gl\u00e4sern oder mit originalen Maui Jim RX Gl\u00e4sern anfertigen lassen. Beide Optionen bieten hervorragende Klarheit, vollen UV-Schutz und optimalen Sehkomfort. <\/p>\n<p data-start=\"1361\" data-end=\"1475\" data-is-last-node=\"\" data-is-only-node=\"\">Willst du mehr wissen? Lies unseren Blog \u00fcber die Originalbrillen von Maui Jim: <br data-start=\"1418\" data-end=\"1421\"><a class=\"decorated-link cursor-pointer\" target=\"_new\" rel=\"noopener\" data-start=\"1421\" data-end=\"1475\" data-is-last-node=\"\">https:\/\/specialspex.com\/blog\/maui-jim-originele-glazen<\/a><\/p>\n","protected":false},"featured_media":67206,"template":"","meta":[],"product_brand":[818],"product_cat":[660,658,695,663,696,584,666,661,200],"product_tag":[],"class_list":{"0":"post-75229","1":"product","2":"type-product","3":"status-publish","4":"has-post-thumbnail","6":"product_brand-maui-jim","7":"product_cat-golfbrille","8":"product_cat-bergsteigerbrille","9":"product_cat-fisch","10":"product_cat-segeln","11":"product_cat-sport-laessig","12":"product_cat-sportbrille","13":"product_cat-tourenmotorrad","14":"product_cat-wandern","15":"product_cat-zubehoer","16":"pa_geschikt-voor-manner","17":"pa_kleur-montuur-schwarz","18":"pa_maat-montuur-extra-gros","19":"pa_maat-montuur-gross","20":"pa_soort-bril-op-sterkte-mit-sehstaerke","21":"pa_soort-bril-op-sterkte-ohne-sehstaerke","23":"first","24":"instock","25":"sale","26":"shipping-taxable","27":"purchasable","28":"product-type-simple"},"_links":{"self":[{"href":"https:\/\/specialspex.artitex.dev\/de\/wp-json\/wp\/v2\/product\/75229","targetHints":{"allow":["GET"]}}],"collection":[{"href":"https:\/\/specialspex.artitex.dev\/de\/wp-json\/wp\/v2\/product"}],"about":[{"href":"https:\/\/specialspex.artitex.dev\/de\/wp-json\/wp\/v2\/types\/product"}],"wp:featuredmedia":[{"embeddable":true,"href":"https:\/\/specialspex.artitex.dev\/de\/wp-json\/wp\/v2\/media\/67206"}],"wp:attachment":[{"href":"https:\/\/specialspex.artitex.dev\/de\/wp-json\/wp\/v2\/media?parent=75229"}],"wp:term":[{"taxonomy":"product_brand","embeddable":true,"href":"https:\/\/specialspex.artitex.dev\/de\/wp-json\/wp\/v2\/product_brand?post=75229"},{"taxonomy":"product_cat","embeddable":true,"href":"https:\/\/specialspex.artitex.dev\/de\/wp-json\/wp\/v2\/product_cat?post=75229"},{"taxonomy":"product_tag","embeddable":true,"href":"https:\/\/specialspex.artitex.dev\/de\/wp-json\/wp\/v2\/product_tag?post=75229"}],"curies":[{"name":"wp","href":"https:\/\/api.w.org\/{rel}","templated":true}]}}