{"id":75230,"date":"2025-11-27T15:16:58","date_gmt":"2025-11-27T14:16:58","guid":{"rendered":"https:\/\/specialspex.artitex.dev\/product\/walewaha-af\/"},"modified":"2025-11-27T15:16:58","modified_gmt":"2025-11-27T14:16:58","slug":"walewaha-af","status":"publish","type":"product","link":"https:\/\/specialspex.artitex.dev\/de\/sportbrille\/golfbrille\/maui-jim-walewaha-af\/","title":{"rendered":"Walewaha Af"},"content":{"rendered":"<p data-start=\"42\" data-end=\"556\">Die Walewaha AF - inspiriert vom hawaiianischen Wort f\u00fcr eine kraftvolle, flie\u00dfende Bewegung des Ozeans - ist eine sportliche Brille, die maximalen Schutz mit der f\u00fcr Maui Jim typischen Klarheit kombiniert. Die 6-Basen-Kurve schmiegt sich eng an das Gesicht an, bietet aber viel Platz f\u00fcr die Bel\u00fcftung und reduziert so die Kondensation, ideal bei wechselnden Temperaturen oder intensivem Sport. <\/p>\n<p data-start=\"558\" data-end=\"790\">Der leichte und robuste Rahmen bleibt stabil, w\u00e4hrend die PolarizedPlus2-Gl\u00e4ser f\u00fcr lebendige Farben, starken Kontrast und blendfreie Klarheit sorgen. Perfekt f\u00fcr Angeln, Wassersport, Strandtage, Motorradfahren und Golf. <\/p>\n<p data-start=\"792\" data-end=\"1214\">- Sportlicher 6-Basen-Wrap f\u00fcr optimalen Seitenschutz und Stabilit\u00e4t<br data-start=\"859\" data-end=\"862\">- Anti-Beschlag-Funktion f\u00fcr klare Sicht bei wechselnden Bedingungen<br data-start=\"935\" data-end=\"938\">- PolarizedPlus2-Technologie f\u00fcr Farbverst\u00e4rkung, Kontrast und Blendschutz<br data-start=\"1006\" data-end=\"1009\">- Leichter, robuster Rahmen, geeignet f\u00fcr Wasser, Outdoor, Motorrad und Golf<br data-start=\"1152\" data-end=\"1155\">- Bequeme Passform f\u00fcr lange und aktive Tage im Freien<\/p>\n<p data-start=\"1216\" data-end=\"1449\">Erh\u00e4ltlich in verschreibungspflichtigen Gl\u00e4sern<br data-start=\"1235\" data-end=\"1238\">Du kannst die Maui Jim Walewaha AF in verschreibungspflichtigen Gl\u00e4sern mit Specialspex Custom Gl\u00e4sern oder mit original Maui Jim RX Gl\u00e4sern anfertigen lassen. Beide Optionen bieten hervorragende Klarheit, vollen UV-Schutz und hohen Sehkomfort. <\/p>\n<p data-start=\"1451\" data-end=\"1565\" data-is-last-node=\"\" data-is-only-node=\"\">Willst du mehr wissen? Lies unseren Blog \u00fcber die Originalbrillen von Maui Jim: <\/p>\n","protected":false},"excerpt":{"rendered":"<p data-start=\"42\" data-end=\"556\">Die Walewaha AF - inspiriert vom hawaiianischen Wort f\u00fcr eine kraftvolle, flie\u00dfende Bewegung des Ozeans - ist eine sportliche Brille, die maximalen Schutz mit der f\u00fcr Maui Jim typischen Klarheit kombiniert. Die 6-Basen-Kurve schmiegt sich eng an das Gesicht an, bietet aber viel Platz f\u00fcr die Bel\u00fcftung und reduziert so die Kondensation, ideal bei wechselnden Temperaturen oder intensivem Sport. <\/p>\n<p data-start=\"558\" data-end=\"790\">Der leichte und robuste Rahmen bleibt stabil, w\u00e4hrend die PolarizedPlus2-Gl\u00e4ser f\u00fcr lebendige Farben, starken Kontrast und blendfreie Klarheit sorgen. Perfekt f\u00fcr Angeln, Wassersport, Strandtage, Motorradfahren und Golf. <\/p>\n<p data-start=\"792\" data-end=\"1214\">- Sportlicher 6-Basen-Wrap f\u00fcr optimalen Seitenschutz und Stabilit\u00e4t<br data-start=\"859\" data-end=\"862\">- Anti-Beschlag-Funktion f\u00fcr klare Sicht bei wechselnden Bedingungen<br data-start=\"935\" data-end=\"938\">- PolarizedPlus2-Technologie f\u00fcr Farbverst\u00e4rkung, Kontrast und Blendschutz<br data-start=\"1006\" data-end=\"1009\">- Leichter, robuster Rahmen, geeignet f\u00fcr Wasser, Outdoor, Motorrad und Golf<br data-start=\"1152\" data-end=\"1155\">- Bequeme Passform f\u00fcr lange und aktive Tage im Freien<\/p>\n<p data-start=\"1216\" data-end=\"1449\">Erh\u00e4ltlich in verschreibungspflichtigen Gl\u00e4sern<br data-start=\"1235\" data-end=\"1238\">Du kannst die Maui Jim Walewaha AF in verschreibungspflichtigen Gl\u00e4sern mit Specialspex Custom Gl\u00e4sern oder mit original Maui Jim RX Gl\u00e4sern anfertigen lassen. Beide Optionen bieten hervorragende Klarheit, vollen UV-Schutz und hohen Sehkomfort. <\/p>\n<p data-start=\"1451\" data-end=\"1565\" data-is-last-node=\"\" data-is-only-node=\"\">Willst du mehr wissen? Lies unseren Blog \u00fcber die Originalbrillen von Maui Jim: <\/p>\n","protected":false},"featured_media":67059,"template":"","meta":[],"product_brand":[818],"product_cat":[696,660,663],"product_tag":[],"class_list":{"0":"post-75230","1":"product","2":"type-product","3":"status-publish","4":"has-post-thumbnail","6":"product_brand-maui-jim","7":"product_cat-sport-laessig","8":"product_cat-golfbrille","9":"product_cat-segeln","10":"pa_geschikt-voor-manner","11":"pa_kleur-montuur-schwarz","12":"pa_maat-montuur-gross","13":"pa_maat-montuur-medium","14":"pa_soort-bril-op-sterkte-mit-sehstaerke","15":"pa_soort-bril-op-sterkte-ohne-sehstaerke","17":"first","18":"instock","19":"shipping-taxable","20":"purchasable","21":"product-type-simple"},"_links":{"self":[{"href":"https:\/\/specialspex.artitex.dev\/de\/wp-json\/wp\/v2\/product\/75230","targetHints":{"allow":["GET"]}}],"collection":[{"href":"https:\/\/specialspex.artitex.dev\/de\/wp-json\/wp\/v2\/product"}],"about":[{"href":"https:\/\/specialspex.artitex.dev\/de\/wp-json\/wp\/v2\/types\/product"}],"wp:featuredmedia":[{"embeddable":true,"href":"https:\/\/specialspex.artitex.dev\/de\/wp-json\/wp\/v2\/media\/67059"}],"wp:attachment":[{"href":"https:\/\/specialspex.artitex.dev\/de\/wp-json\/wp\/v2\/media?parent=75230"}],"wp:term":[{"taxonomy":"product_brand","embeddable":true,"href":"https:\/\/specialspex.artitex.dev\/de\/wp-json\/wp\/v2\/product_brand?post=75230"},{"taxonomy":"product_cat","embeddable":true,"href":"https:\/\/specialspex.artitex.dev\/de\/wp-json\/wp\/v2\/product_cat?post=75230"},{"taxonomy":"product_tag","embeddable":true,"href":"https:\/\/specialspex.artitex.dev\/de\/wp-json\/wp\/v2\/product_tag?post=75230"}],"curies":[{"name":"wp","href":"https:\/\/api.w.org\/{rel}","templated":true}]}}