{"id":75235,"date":"2025-11-27T15:07:36","date_gmt":"2025-11-27T14:07:36","guid":{"rendered":"https:\/\/specialspex.artitex.dev\/product\/barrier-reef\/"},"modified":"2026-04-18T12:08:35","modified_gmt":"2026-04-18T10:08:35","slug":"barrier-reef","status":"publish","type":"product","link":"https:\/\/specialspex.artitex.dev\/de\/sportbrille\/wassersport\/fisch\/maui-jim-barrier-reef\/","title":{"rendered":"Barrier Reef"},"content":{"rendered":"<p data-start=\"42\" data-end=\"505\">Die Barrier Reef wurde f\u00fcr alle entwickelt, die maximale Klarheit und Schutz in einem sportlichen Wrap-Stil suchen. Das Modell schmiegt sich dank seiner 8-Basen-Kurve gut an das Gesicht an, wodurch seitliche Lichtinterferenzen reduziert werden und du dich mehr auf das konzentrieren kannst, was vor dir passiert. Die PolarizedPlus2-Gl\u00e4ser verst\u00e4rken die Farben, erh\u00f6hen den Kontrast und entfernen Blendeffekte vollst\u00e4ndig - ideal f\u00fcr Wasser, Strand, Angeln, Autofahrten, auf dem Fahrrad und sogar auf dem Golfplatz.  <\/p>\n<p data-start=\"507\" data-end=\"781\">Der robuste, leichte Rahmen bleibt auch bei aktiveren Aktivit\u00e4ten stabil. Das Design ist sportlich, modern und funktional, ohne dabei Kompromisse beim Komfort einzugehen. Das macht die Barrier Reef zu einer zuverl\u00e4ssigen Wahl f\u00fcr lange Tage im Freien, auf und am Wasser oder unterwegs.  <\/p>\n<p data-start=\"783\" data-end=\"1154\">- Sportlicher 8-Base-Wrap f\u00fcr maximalen Seitenschutz und Stabilit\u00e4t<br data-start=\"850\" data-end=\"853\">- Leichter und strapazierf\u00e4higer Rahmen f\u00fcr den t\u00e4glichen Gebrauch und intensive Outdoor-Aktivit\u00e4ten<br data-start=\"938\" data-end=\"941\">- PolarizedPlus2 Technologie f\u00fcr satte Farben, hohen Kontrast und Blendschutz<br data-start=\"1017\" data-end=\"1020\">- Perfekt f\u00fcr Strand, Wasser, Angeln, Motorradfahren und Golf<\/p>\n<p data-start=\"1156\" data-end=\"1394\">Erh\u00e4ltlich in verschreibungspflichtigen Gl\u00e4sern<br data-start=\"1175\" data-end=\"1178\">Du kannst die Maui Jim Barrier Reef in verschreibungspflichtigen Gl\u00e4sern mit Specialspex Custom Gl\u00e4sern oder mit originalen Maui Jim RX Gl\u00e4sern anfertigen lassen. Beide Optionen bieten hervorragende Klarheit, vollen UV-Schutz und optimalen Sehkomfort. <\/p>\n<p data-start=\"1396\" data-end=\"1510\" data-is-last-node=\"\" data-is-only-node=\"\">Willst du mehr wissen? Lies unseren Blog \u00fcber die Originalbrillen von Maui Jim: <br data-start=\"1453\" data-end=\"1456\"><a class=\"decorated-link cursor-pointer\" target=\"_new\" rel=\"noopener\" data-start=\"1456\" data-end=\"1510\" data-is-last-node=\"\">https:\/\/specialspex.com\/blog\/maui-jim-originele-glazen<\/a><\/p>\n","protected":false},"excerpt":{"rendered":"<p data-start=\"42\" data-end=\"505\">Die Barrier Reef wurde f\u00fcr alle entwickelt, die maximale Klarheit und Schutz in einem sportlichen Wrap-Stil suchen. Das Modell schmiegt sich dank seiner 8-Basen-Kurve gut an das Gesicht an, wodurch seitliche Lichtinterferenzen reduziert werden und du dich mehr auf das konzentrieren kannst, was vor dir passiert. Die PolarizedPlus2-Gl\u00e4ser verst\u00e4rken die Farben, erh\u00f6hen den Kontrast und entfernen Blendeffekte vollst\u00e4ndig - ideal f\u00fcr Wasser, Strand, Angeln, Autofahrten, auf dem Fahrrad und sogar auf dem Golfplatz.  <\/p>\n<p data-start=\"507\" data-end=\"781\">Der robuste, leichte Rahmen bleibt auch bei aktiveren Aktivit\u00e4ten stabil. Das Design ist sportlich, modern und funktional, ohne dabei Kompromisse beim Komfort einzugehen. Das macht die Barrier Reef zu einer zuverl\u00e4ssigen Wahl f\u00fcr lange Tage im Freien, auf und am Wasser oder unterwegs.  <\/p>\n<p data-start=\"783\" data-end=\"1154\">- Sportlicher 8-Base-Wrap f\u00fcr maximalen Seitenschutz und Stabilit\u00e4t<br data-start=\"850\" data-end=\"853\">- Leichter und strapazierf\u00e4higer Rahmen f\u00fcr den t\u00e4glichen Gebrauch und intensive Outdoor-Aktivit\u00e4ten<br data-start=\"938\" data-end=\"941\">- PolarizedPlus2 Technologie f\u00fcr satte Farben, hohen Kontrast und Blendschutz<br data-start=\"1017\" data-end=\"1020\">- Perfekt f\u00fcr Strand, Wasser, Angeln, Motorradfahren und Golf<\/p>\n<p data-start=\"1156\" data-end=\"1394\">Erh\u00e4ltlich in verschreibungspflichtigen Gl\u00e4sern<br data-start=\"1175\" data-end=\"1178\">Du kannst die Maui Jim Barrier Reef in verschreibungspflichtigen Gl\u00e4sern mit Specialspex Custom Gl\u00e4sern oder mit originalen Maui Jim RX Gl\u00e4sern anfertigen lassen. Beide Optionen bieten hervorragende Klarheit, vollen UV-Schutz und optimalen Sehkomfort. <\/p>\n<p data-start=\"1396\" data-end=\"1510\" data-is-last-node=\"\" data-is-only-node=\"\">Willst du mehr wissen? Lies unseren Blog \u00fcber die Originalbrillen von Maui Jim: <br data-start=\"1453\" data-end=\"1456\"><a class=\"decorated-link cursor-pointer\" target=\"_new\" rel=\"noopener\" data-start=\"1456\" data-end=\"1510\" data-is-last-node=\"\">https:\/\/specialspex.com\/blog\/maui-jim-originele-glazen<\/a><\/p>\n","protected":false},"featured_media":67113,"template":"","meta":[],"product_brand":[818],"product_cat":[695,660,663],"product_tag":[],"class_list":{"0":"post-75235","1":"product","2":"type-product","3":"status-publish","4":"has-post-thumbnail","6":"product_brand-maui-jim","7":"product_cat-fisch","8":"product_cat-golfbrille","9":"product_cat-segeln","10":"pa_geschikt-voor-manner","11":"pa_kleur-montuur-blau","12":"pa_maat-montuur-gross","13":"pa_maat-montuur-medium","14":"pa_soort-bril-op-sterkte-mit-sehstaerke","15":"pa_soort-bril-op-sterkte-ohne-sehstaerke","17":"first","18":"instock","19":"shipping-taxable","20":"purchasable","21":"product-type-simple"},"_links":{"self":[{"href":"https:\/\/specialspex.artitex.dev\/de\/wp-json\/wp\/v2\/product\/75235","targetHints":{"allow":["GET"]}}],"collection":[{"href":"https:\/\/specialspex.artitex.dev\/de\/wp-json\/wp\/v2\/product"}],"about":[{"href":"https:\/\/specialspex.artitex.dev\/de\/wp-json\/wp\/v2\/types\/product"}],"wp:featuredmedia":[{"embeddable":true,"href":"https:\/\/specialspex.artitex.dev\/de\/wp-json\/wp\/v2\/media\/67113"}],"wp:attachment":[{"href":"https:\/\/specialspex.artitex.dev\/de\/wp-json\/wp\/v2\/media?parent=75235"}],"wp:term":[{"taxonomy":"product_brand","embeddable":true,"href":"https:\/\/specialspex.artitex.dev\/de\/wp-json\/wp\/v2\/product_brand?post=75235"},{"taxonomy":"product_cat","embeddable":true,"href":"https:\/\/specialspex.artitex.dev\/de\/wp-json\/wp\/v2\/product_cat?post=75235"},{"taxonomy":"product_tag","embeddable":true,"href":"https:\/\/specialspex.artitex.dev\/de\/wp-json\/wp\/v2\/product_tag?post=75235"}],"curies":[{"name":"wp","href":"https:\/\/api.w.org\/{rel}","templated":true}]}}