{"id":75243,"date":"2025-11-27T15:19:02","date_gmt":"2025-11-27T14:19:02","guid":{"rendered":"https:\/\/specialspex.artitex.dev\/product\/ultimate\/"},"modified":"2026-04-18T12:08:34","modified_gmt":"2026-04-18T10:08:34","slug":"ultimate","status":"publish","type":"product","link":"https:\/\/specialspex.artitex.dev\/de\/sportbrille\/laufen\/julbo-ultimate\/","title":{"rendered":"Ultimate Spectron"},"content":{"rendered":"<p data-start=\"154\" data-end=\"501\">Die Julbo ULTIMATE wurde f\u00fcr Sportler entwickelt, die maximale Leistung und ultimative Bewegungsfreiheit verlangen. Dank der dynamisch verj\u00fcngten Form und dem ultraleichten Design bleibt die Brille immer stabil, auch wenn du Vollgas gibst. Ideal f\u00fcr begeisterte Radfahrer, L\u00e4ufer und Athleten, die sich ohne Ablenkung absolut konzentrieren wollen.  <\/p>\n<p data-start=\"154\" data-end=\"501\"><strong data-start=\"40\" data-end=\"67\">-Gl\u00e4ser von Julbo Spectron 3<\/strong> sind dunkle, robuste Sportgl\u00e4ser mit UV-Schutz, ideal f\u00fcr sonnige Tage und aktiven Sport im Freien.<\/p>\n<p>Leichter und aerodynamischer Rahmen mit CustomFIT-Beinen f\u00fcr eine pr\u00e4zise, dauerhafte und individuelle Passform.<\/p>\n<p data-start=\"814\" data-end=\"926\">Diese Sportbrille kann mit verschiedenen Gl\u00e4sern aus dem Specialspex-Glassortiment auf Rezept angefertigt werden.<\/p>\n<p data-start=\"929\" data-end=\"1033\">3D-Nase und Grip Tech Details sorgen f\u00fcr perfekte Stabilit\u00e4t, mit oder ohne Helm.<\/p>\n<p data-start=\"1036\" data-end=\"1118\">-Radfahren, Laufen, Outdoor-Training und intensive Sporteinheiten.<\/p>\n<p>&nbsp;<\/p>\n","protected":false},"excerpt":{"rendered":"<p data-start=\"154\" data-end=\"501\">Die Julbo ULTIMATE wurde f\u00fcr Sportler entwickelt, die maximale Leistung und ultimative Bewegungsfreiheit verlangen. Dank der dynamisch verj\u00fcngten Form und dem ultraleichten Design bleibt die Brille immer stabil, auch wenn du Vollgas gibst. Ideal f\u00fcr begeisterte Radfahrer, L\u00e4ufer und Sportler, die sich ohne Ablenkung absolut konzentrieren wollen.  <\/p>\n<p data-start=\"154\" data-end=\"501\"><strong data-start=\"40\" data-end=\"67\">-Gl\u00e4ser von Julbo Spectron 3<\/strong> sind dunkle, robuste Sportgl\u00e4ser mit UV-Schutz, ideal f\u00fcr sonnige Tage und aktiven Sport im Freien.<\/p>\n<p>Leichter und aerodynamischer Rahmen mit CustomFIT-Beinen f\u00fcr eine pr\u00e4zise, dauerhafte und individuelle Passform.<\/p>\n<p data-start=\"814\" data-end=\"926\">Diese Sportbrille kann mit verschiedenen Gl\u00e4sern aus dem Specialspex-Glassortiment auf Rezept angefertigt werden.<\/p>\n<p data-start=\"929\" data-end=\"1033\">3D-Nase und Grip Tech Details sorgen f\u00fcr perfekte Stabilit\u00e4t, mit oder ohne Helm.<\/p>\n<p data-start=\"1036\" data-end=\"1118\">-Radfahren, Laufen, Outdoor-Training und intensive Sporteinheiten.<\/p>\n","protected":false},"featured_media":67551,"template":"","meta":[],"product_brand":[790],"product_cat":[584,560,638,561,559],"product_tag":[],"class_list":{"0":"post-75243","1":"product","2":"type-product","3":"status-publish","4":"has-post-thumbnail","6":"product_brand-julbo","7":"product_cat-sportbrille","8":"product_cat-laufen","9":"product_cat-mountainbiking","10":"product_cat-radfahren","11":"product_cat-radfahrerbrille","12":"pa_geschikt-voor-frauen","13":"pa_geschikt-voor-manner","14":"pa_kleur-montuur-blau","15":"pa_kleur-montuur-grau","16":"pa_kleur-montuur-grun","17":"pa_kleur-montuur-lila","18":"pa_kleur-montuur-rot","19":"pa_kleur-montuur-schwarz-2","20":"pa_kleur-montuur-schwarz","21":"pa_kleur-montuur-weiss","22":"pa_maat-montuur-gross","23":"pa_maat-montuur-medium","24":"pa_soort-bril-op-sterkte-mit-korrektionsglaesern-im-visier","25":"pa_soort-bril-op-sterkte-ohne-sehstaerke","26":"pa_soort-bril-op-sterkte-with-prescription-insert","28":"first","29":"instock","30":"shipping-taxable","31":"purchasable","32":"product-type-variable"},"_links":{"self":[{"href":"https:\/\/specialspex.artitex.dev\/de\/wp-json\/wp\/v2\/product\/75243","targetHints":{"allow":["GET"]}}],"collection":[{"href":"https:\/\/specialspex.artitex.dev\/de\/wp-json\/wp\/v2\/product"}],"about":[{"href":"https:\/\/specialspex.artitex.dev\/de\/wp-json\/wp\/v2\/types\/product"}],"wp:featuredmedia":[{"embeddable":true,"href":"https:\/\/specialspex.artitex.dev\/de\/wp-json\/wp\/v2\/media\/67551"}],"wp:attachment":[{"href":"https:\/\/specialspex.artitex.dev\/de\/wp-json\/wp\/v2\/media?parent=75243"}],"wp:term":[{"taxonomy":"product_brand","embeddable":true,"href":"https:\/\/specialspex.artitex.dev\/de\/wp-json\/wp\/v2\/product_brand?post=75243"},{"taxonomy":"product_cat","embeddable":true,"href":"https:\/\/specialspex.artitex.dev\/de\/wp-json\/wp\/v2\/product_cat?post=75243"},{"taxonomy":"product_tag","embeddable":true,"href":"https:\/\/specialspex.artitex.dev\/de\/wp-json\/wp\/v2\/product_tag?post=75243"}],"curies":[{"name":"wp","href":"https:\/\/api.w.org\/{rel}","templated":true}]}}