{"id":75257,"date":"2025-11-27T12:23:47","date_gmt":"2025-11-27T11:23:47","guid":{"rendered":"https:\/\/specialspex.artitex.dev\/product\/puakea\/"},"modified":"2025-11-27T12:23:47","modified_gmt":"2025-11-27T11:23:47","slug":"puakea","status":"publish","type":"product","link":"https:\/\/specialspex.artitex.dev\/de\/sportbrille\/wassersport\/fisch\/maui-jim-puakea\/","title":{"rendered":"Puakea"},"content":{"rendered":"<p data-start=\"42\" data-end=\"571\">Die Puakea - hawaiianisch f\u00fcr hell oder leicht - macht ihrem Namen alle Ehre: Dieses Modell wurde entwickelt, um deine Sicht so offen, leicht und klar wie m\u00f6glich zu halten. Das minimalistische Design sorgt f\u00fcr ein weites und ungehindertes Sichtfeld, w\u00e4hrend der leichte Rahmen auch an langen Tagen im Freien bequem bleibt. Dank der PolarizedPlus2-Gl\u00e4ser von Maui Jim siehst du Farben lebendiger, erlebst mehr Kontraste und wirst auf dem Wasser, dem Golfplatz oder auf der Stra\u00dfe nicht geblendet. Perfekt f\u00fcr den t\u00e4glichen Gebrauch, am Strand, im Wasser, auf dem Fahrrad und auf dem Golfplatz.   <\/p>\n<ul>\n<li>Ultraleichtes Design f\u00fcr weite und offene Sicht<br data-start=\"633\" data-end=\"636\">- PolarizedPlus2 Technologie f\u00fcr satte Farben, hohen Kontrast und Blendschutz<br data-start=\"712\" data-end=\"715\">- Bequemer, stabiler Sitz f\u00fcr langes Tragen<br data-start=\"840\" data-end=\"843\">- Ideal f\u00fcr Strand, Wasser, Autofahren, Motorradfahren und Golf<\/li>\n<\/ul>\n<p data-start=\"907\" data-end=\"1146\">Erh\u00e4ltlich in verschreibungspflichtigen Gl\u00e4sern<br data-start=\"926\" data-end=\"929\">Du kannst die Maui Jim Puakea in verschreibungspflichtigen Gl\u00e4sern mit Specialspex Custom-Gl\u00e4sern oder mit originalen Maui Jim RX-Gl\u00e4sern anfertigen lassen. Beide Optionen bieten hervorragende Klarheit, vollen UV-Schutz und ein entspanntes Seherlebnis. <\/p>\n<p data-start=\"1148\" data-end=\"1262\" data-is-last-node=\"\" data-is-only-node=\"\">Willst du mehr wissen? Lies unseren Blog \u00fcber die Originalbrillen von Maui Jim: <br data-start=\"1205\" data-end=\"1208\"><a class=\"decorated-link cursor-pointer\" target=\"_new\" rel=\"noopener\" data-start=\"1208\" data-end=\"1262\" data-is-last-node=\"\">https:\/\/specialspex.com\/blog\/maui-jim-originele-glazen<\/a><\/p>\n","protected":false},"excerpt":{"rendered":"<p data-start=\"42\" data-end=\"571\">Die Puakea - hawaiianisch f\u00fcr hell oder leicht - macht ihrem Namen alle Ehre: Dieses Modell wurde entwickelt, um deine Sicht so offen, leicht und klar wie m\u00f6glich zu halten. Das minimalistische Design sorgt f\u00fcr ein weites und ungehindertes Sichtfeld, w\u00e4hrend der leichte Rahmen auch an langen Tagen im Freien bequem bleibt. Dank der PolarizedPlus2-Gl\u00e4ser von Maui Jim siehst du Farben lebendiger, erlebst mehr Kontrast und wirst auf dem Wasser, dem Golfplatz oder auf der Stra\u00dfe nicht geblendet. Perfekt f\u00fcr den t\u00e4glichen Gebrauch, am Strand, im Wasser, auf dem Fahrrad und auf dem Golfplatz.   <\/p>\n<ul>\n<li>Ultraleichtes Design f\u00fcr weite und offene Sicht<br data-start=\"633\" data-end=\"636\">- PolarizedPlus2 Technologie f\u00fcr satte Farben, hohen Kontrast und Blendschutz<br data-start=\"712\" data-end=\"715\">- Bequemer, stabiler Sitz f\u00fcr langes Tragen<br data-start=\"840\" data-end=\"843\">- Ideal f\u00fcr Strand, Wasser, Autofahren, Motorradfahren und Golf<\/li>\n<\/ul>\n<p data-start=\"907\" data-end=\"1146\">Erh\u00e4ltlich in verschreibungspflichtigen Gl\u00e4sern<br data-start=\"926\" data-end=\"929\">Du kannst die Maui Jim Puakea in verschreibungspflichtigen Gl\u00e4sern mit Specialspex Custom Gl\u00e4sern oder mit original Maui Jim RX Gl\u00e4sern anfertigen lassen. Beide Optionen bieten hervorragende Klarheit, vollen UV-Schutz und ein entspanntes Seherlebnis. <\/p>\n<p data-start=\"1148\" data-end=\"1262\" data-is-last-node=\"\" data-is-only-node=\"\">Willst du mehr wissen? Lies unseren Blog \u00fcber die Originalbrillen von Maui Jim: <br data-start=\"1205\" data-end=\"1208\"><a class=\"decorated-link cursor-pointer\" target=\"_new\" rel=\"noopener\" data-start=\"1208\" data-end=\"1262\" data-is-last-node=\"\">https:\/\/specialspex.com\/blog\/maui-jim-originele-glazen<\/a><\/p>\n","protected":false},"featured_media":67146,"template":"","meta":[],"product_brand":[818],"product_cat":[660,695,659,663,696,584,666,661],"product_tag":[],"class_list":{"0":"post-75257","1":"product","2":"type-product","3":"status-publish","4":"has-post-thumbnail","6":"product_brand-maui-jim","7":"product_cat-golfbrille","8":"product_cat-fisch","9":"product_cat-motorradbrille","10":"product_cat-segeln","11":"product_cat-sport-laessig","12":"product_cat-sportbrille","13":"product_cat-tourenmotorrad","14":"product_cat-wandern","15":"pa_geschikt-voor-frauen","16":"pa_geschikt-voor-manner","17":"pa_kleur-montuur-braun","18":"pa_maat-montuur-gross","19":"pa_soort-bril-op-sterkte-mit-sehstaerke","20":"pa_soort-bril-op-sterkte-ohne-sehstaerke","22":"first","23":"instock","24":"shipping-taxable","25":"purchasable","26":"product-type-simple"},"_links":{"self":[{"href":"https:\/\/specialspex.artitex.dev\/de\/wp-json\/wp\/v2\/product\/75257","targetHints":{"allow":["GET"]}}],"collection":[{"href":"https:\/\/specialspex.artitex.dev\/de\/wp-json\/wp\/v2\/product"}],"about":[{"href":"https:\/\/specialspex.artitex.dev\/de\/wp-json\/wp\/v2\/types\/product"}],"wp:featuredmedia":[{"embeddable":true,"href":"https:\/\/specialspex.artitex.dev\/de\/wp-json\/wp\/v2\/media\/67146"}],"wp:attachment":[{"href":"https:\/\/specialspex.artitex.dev\/de\/wp-json\/wp\/v2\/media?parent=75257"}],"wp:term":[{"taxonomy":"product_brand","embeddable":true,"href":"https:\/\/specialspex.artitex.dev\/de\/wp-json\/wp\/v2\/product_brand?post=75257"},{"taxonomy":"product_cat","embeddable":true,"href":"https:\/\/specialspex.artitex.dev\/de\/wp-json\/wp\/v2\/product_cat?post=75257"},{"taxonomy":"product_tag","embeddable":true,"href":"https:\/\/specialspex.artitex.dev\/de\/wp-json\/wp\/v2\/product_tag?post=75257"}],"curies":[{"name":"wp","href":"https:\/\/api.w.org\/{rel}","templated":true}]}}