{"id":75265,"date":"2025-11-27T14:28:51","date_gmt":"2025-11-27T13:28:51","guid":{"rendered":"https:\/\/specialspex.artitex.dev\/product\/centerboard-57\/"},"modified":"2026-04-18T12:08:37","modified_gmt":"2026-04-18T10:08:37","slug":"centerboard-57","status":"publish","type":"product","link":"https:\/\/specialspex.artitex.dev\/de\/sport-laessig\/oakley-centerboard-57\/","title":{"rendered":"Centerboard 57"},"content":{"rendered":"<p data-start=\"289\" data-end=\"817\">Die Oakley Centerboard 57 ist ein frischer und moderner Rahmen mit raffinierten Kunststoffdetails, die die kompromisslose Qualit\u00e4t von Oakley deutlich machen. Das leichte Design bietet langanhaltenden Komfort und passt sich dank der subtilen Curve-4-Form nat\u00fcrlich an das Gesicht an. Die Centerboard 57 kombiniert sportliche Einfl\u00fcsse mit zeitlosem Design und ist ideal f\u00fcr den Alltag, die Arbeit und einen aktiven Lebensstil. Dank der verstellbaren Glasfedern l\u00e4sst sich die Passform f\u00fcr zus\u00e4tzlichen Komfort und Stabilit\u00e4t leicht anpassen.   <\/p>\n<p data-start=\"819\" data-end=\"1277\">- Leichter und strapazierf\u00e4higer O Matter-Rahmen f\u00fcr lang anhaltenden Tragekomfort<br data-start=\"890\" data-end=\"893\">- Einstellbare Ace-Fit-Glasfedern f\u00fcr eine individuelle, verbesserte Passform<br data-start=\"966\" data-end=\"969\">- Profilierte Innenseite der Glasfedern f\u00fcr zus\u00e4tzlichen Halt<br data-start=\"1029\" data-end=\"1032\">- Curve-4-Glasform f\u00fcr eine nat\u00fcrliche, subtile Rundung um das Gesicht<br data-start=\"1106\" data-end=\"1109\">- Geeignet f\u00fcr den t\u00e4glichen Gebrauch, die Arbeit und einen aktiven Lebensstil<br data-start=\"1175\" data-end=\"1178\">- Kann mit hochwertigen Specialspex-Gl\u00e4sern erworben werden<br data-start=\"1237\" data-end=\"1240\">- Inklusive Schutzetui<\/p>\n","protected":false},"excerpt":{"rendered":"<p data-start=\"289\" data-end=\"817\">Die Oakley Centerboard 57 ist ein frischer und moderner Rahmen mit raffinierten Kunststoffdetails, die die kompromisslose Qualit\u00e4t von Oakley deutlich machen. Das leichte Design bietet langanhaltenden Komfort und passt sich dank der subtilen Curve-4-Form nat\u00fcrlich an das Gesicht an. Die Centerboard 57 verbindet sportliche Einfl\u00fcsse mit zeitlosem Design und ist ideal f\u00fcr den Alltag, die Arbeit und einen aktiven Lebensstil. Dank der verstellbaren Glasfedern l\u00e4sst sich die Passform f\u00fcr zus\u00e4tzlichen Komfort und Stabilit\u00e4t leicht anpassen.   <\/p>\n<p data-start=\"819\" data-end=\"1277\">- Leichter und strapazierf\u00e4higer O Matter-Rahmen f\u00fcr lang anhaltenden Tragekomfort<br data-start=\"890\" data-end=\"893\">- Einstellbare Ace-Fit-Glasfedern f\u00fcr eine individuelle, verbesserte Passform<br data-start=\"966\" data-end=\"969\">- Profilierte Innenseite der Glasfedern f\u00fcr zus\u00e4tzlichen Halt<br data-start=\"1029\" data-end=\"1032\">- Curve-4-Glasform f\u00fcr eine nat\u00fcrliche, subtile Rundung um das Gesicht<br data-start=\"1106\" data-end=\"1109\">- Geeignet f\u00fcr den t\u00e4glichen Gebrauch, die Arbeit und einen aktiven Lebensstil<br data-start=\"1175\" data-end=\"1178\">- Kann mit hochwertigen Specialspex-Gl\u00e4sern erworben werden<br data-start=\"1237\" data-end=\"1240\">- Inklusive Schutzetui<\/p>\n","protected":false},"featured_media":67520,"template":"","meta":[],"product_brand":[806],"product_cat":[696],"product_tag":[],"class_list":{"0":"post-75265","1":"product","2":"type-product","3":"status-publish","4":"has-post-thumbnail","6":"product_brand-oakley","7":"product_cat-sport-laessig","8":"pa_geschikt-voor-frauen","9":"pa_geschikt-voor-manner","10":"pa_kleur-montuur-blau","11":"pa_kleur-montuur-grau","12":"pa_kleur-montuur-schwarz","13":"pa_kleur-montuur-transparent-klar","14":"pa_maat-montuur-extra-gros","15":"pa_maat-montuur-gross","17":"first","18":"instock","19":"sale","20":"shipping-taxable","21":"purchasable","22":"product-type-variable"},"_links":{"self":[{"href":"https:\/\/specialspex.artitex.dev\/de\/wp-json\/wp\/v2\/product\/75265","targetHints":{"allow":["GET"]}}],"collection":[{"href":"https:\/\/specialspex.artitex.dev\/de\/wp-json\/wp\/v2\/product"}],"about":[{"href":"https:\/\/specialspex.artitex.dev\/de\/wp-json\/wp\/v2\/types\/product"}],"wp:featuredmedia":[{"embeddable":true,"href":"https:\/\/specialspex.artitex.dev\/de\/wp-json\/wp\/v2\/media\/67520"}],"wp:attachment":[{"href":"https:\/\/specialspex.artitex.dev\/de\/wp-json\/wp\/v2\/media?parent=75265"}],"wp:term":[{"taxonomy":"product_brand","embeddable":true,"href":"https:\/\/specialspex.artitex.dev\/de\/wp-json\/wp\/v2\/product_brand?post=75265"},{"taxonomy":"product_cat","embeddable":true,"href":"https:\/\/specialspex.artitex.dev\/de\/wp-json\/wp\/v2\/product_cat?post=75265"},{"taxonomy":"product_tag","embeddable":true,"href":"https:\/\/specialspex.artitex.dev\/de\/wp-json\/wp\/v2\/product_tag?post=75265"}],"curies":[{"name":"wp","href":"https:\/\/api.w.org\/{rel}","templated":true}]}}