{"id":75274,"date":"2025-11-26T14:18:26","date_gmt":"2025-11-26T13:18:26","guid":{"rendered":"https:\/\/specialspex.artitex.dev\/product\/rabid\/"},"modified":"2026-04-18T12:08:44","modified_gmt":"2026-04-18T10:08:44","slug":"rabid","status":"publish","type":"product","link":"https:\/\/specialspex.artitex.dev\/de\/sportbrille\/bergsteigerbrille\/nike-rabid\/","title":{"rendered":"Rabid"},"content":{"rendered":"<p data-start=\"127\" data-end=\"643\">Die Nike Rabid ist eine sportliche und leichte Sonnenbrille, die f\u00fcr Stabilit\u00e4t und Komfort bei intensiven Aktivit\u00e4ten sorgt. Das Wrap-Around-Design liegt eng am Gesicht an und bietet ein breites Sichtfeld mit gutem Schutz vor Sonne, Wind und Staub. Dank der gummierten Nasenpads und der griffigen Beinenden bleibt die Rabid auch beim Laufen, Radfahren oder bei schnellen Richtungswechseln fest an ihrem Platz. Das schlanke, stromlinienf\u00f6rmige Design macht diese Brille auch alltagstauglich.   <\/p>\n<p data-start=\"645\" data-end=\"1018\">- Leichtes und sportliches Design f\u00fcr lang anhaltenden Tragekomfort<br data-start=\"707\" data-end=\"710\">- Wrap-around-Passform f\u00fcr zus\u00e4tzlichen Schutz und ein weites Sichtfeld<br data-start=\"779\" data-end=\"782\">- Gummierte Nasenpads und griffige Beinenden f\u00fcr optimale Stabilit\u00e4t<br data-start=\"854\" data-end=\"857\">- Geeignet f\u00fcr Laufen, Radfahren und aktive Outdoor-Sportarten<br data-start=\"916\" data-end=\"919\">- Kann mit hochwertigen Specialspex-Gl\u00e4sern ausgestattet werden<br data-start=\"978\" data-end=\"981\">- Schutzetui im Lieferumfang enthalten<\/p>\n","protected":false},"excerpt":{"rendered":"<p data-start=\"127\" data-end=\"643\">Die Nike Rabid ist eine sportliche und leichte Sonnenbrille, die f\u00fcr Stabilit\u00e4t und Komfort bei intensiven Aktivit\u00e4ten sorgt. Das Wrap-Around-Design liegt eng am Gesicht an und bietet ein breites Sichtfeld mit gutem Schutz vor Sonne, Wind und Staub. Dank der gummierten Nasenpads und der griffigen Beinenden bleibt die Rabid auch beim Laufen, Radfahren oder bei schnellen Richtungswechseln fest an ihrem Platz. Das schlanke, stromlinienf\u00f6rmige Design macht diese Brille auch alltagstauglich.   <\/p>\n<p data-start=\"645\" data-end=\"1018\">- Leichtes und sportliches Design f\u00fcr lang anhaltenden Tragekomfort<br data-start=\"707\" data-end=\"710\">- Wrap-around-Passform f\u00fcr zus\u00e4tzlichen Schutz und ein weites Sichtfeld<br data-start=\"779\" data-end=\"782\">- Gummierte Nasenpads und griffige Beinenden f\u00fcr optimale Stabilit\u00e4t<br data-start=\"854\" data-end=\"857\">- Geeignet f\u00fcr Laufen, Radfahren und aktive Outdoor-Sportarten<br data-start=\"916\" data-end=\"919\">- Kann mit hochwertigen Specialspex-Gl\u00e4sern ausgestattet werden<br data-start=\"978\" data-end=\"981\">- Inklusive sch\u00fctzendem Aufbewahrungsetui<\/p>\n","protected":false},"featured_media":57814,"template":"","meta":[],"product_brand":[788],"product_cat":[584,658,660,560,559],"product_tag":[],"class_list":{"0":"post-75274","1":"product","2":"type-product","3":"status-publish","4":"has-post-thumbnail","6":"product_brand-nike","7":"product_cat-sportbrille","8":"product_cat-bergsteigerbrille","9":"product_cat-golfbrille","10":"product_cat-laufen","11":"product_cat-radfahrerbrille","12":"pa_geschikt-voor-frauen","13":"pa_geschikt-voor-manner","14":"pa_kleur-montuur-blau","15":"pa_kleur-montuur-grau","16":"pa_kleur-montuur-rot","17":"pa_kleur-montuur-schwarz","18":"pa_maat-montuur-klein","19":"pa_maat-montuur-medium","20":"pa_soort-bril-op-sterkte-mit-sehstaerke","21":"pa_soort-bril-op-sterkte-ohne-sehstaerke","23":"first","24":"instock","25":"shipping-taxable","26":"purchasable","27":"product-type-variable"},"_links":{"self":[{"href":"https:\/\/specialspex.artitex.dev\/de\/wp-json\/wp\/v2\/product\/75274","targetHints":{"allow":["GET"]}}],"collection":[{"href":"https:\/\/specialspex.artitex.dev\/de\/wp-json\/wp\/v2\/product"}],"about":[{"href":"https:\/\/specialspex.artitex.dev\/de\/wp-json\/wp\/v2\/types\/product"}],"wp:featuredmedia":[{"embeddable":true,"href":"https:\/\/specialspex.artitex.dev\/de\/wp-json\/wp\/v2\/media\/57814"}],"wp:attachment":[{"href":"https:\/\/specialspex.artitex.dev\/de\/wp-json\/wp\/v2\/media?parent=75274"}],"wp:term":[{"taxonomy":"product_brand","embeddable":true,"href":"https:\/\/specialspex.artitex.dev\/de\/wp-json\/wp\/v2\/product_brand?post=75274"},{"taxonomy":"product_cat","embeddable":true,"href":"https:\/\/specialspex.artitex.dev\/de\/wp-json\/wp\/v2\/product_cat?post=75274"},{"taxonomy":"product_tag","embeddable":true,"href":"https:\/\/specialspex.artitex.dev\/de\/wp-json\/wp\/v2\/product_tag?post=75274"}],"curies":[{"name":"wp","href":"https:\/\/api.w.org\/{rel}","templated":true}]}}