{"id":75278,"date":"2025-11-27T11:18:33","date_gmt":"2025-11-27T10:18:33","guid":{"rendered":"https:\/\/specialspex.artitex.dev\/product\/og\/"},"modified":"2025-11-27T11:18:33","modified_gmt":"2025-11-27T10:18:33","slug":"og","status":"publish","type":"product","link":"https:\/\/specialspex.artitex.dev\/de\/sportbrille\/laufen\/goodr-og\/","title":{"rendered":"OG"},"content":{"rendered":"<p data-start=\"104\" data-end=\"353\">Die Goodr Sportbrille ist ein klassisches Modell, das bei sportlichen Aktivit\u00e4ten oder im Alltag bequem sitzt. Das geringe Gewicht und die gummierten, rutschfesten Nasenauflagen sorgen daf\u00fcr, dass die Brille fest an ihrem Platz bleibt - ideal f\u00fcr L\u00e4ufer. <\/p>\n<p data-start=\"355\" data-end=\"674\" data-is-last-node=\"\" data-is-only-node=\"\">- Klassisches und bequemes Design<br data-start=\"387\" data-end=\"390\">- Leicht und ideal f\u00fcr den Sport<br data-start=\"425\" data-end=\"428\">- Gummierte, rutschfeste Nasenauflagen f\u00fcr optimalen Halt<br data-start=\"479\" data-end=\"482\">- Geeignet f\u00fcr den t\u00e4glichen Gebrauch<br data-start=\"515\" data-end=\"518\">- Kann mit Sportgl\u00e4sern in der gew\u00fcnschten Farbe oder farblich angepasst werden<br data-start=\"588\" data-end=\"591\">- Die Brille kann vollst\u00e4ndig individuell gestaltet werden<br data-start=\"635\" data-end=\"638\">- Standardm\u00e4\u00dfig sind klare Gl\u00e4ser enthalten<\/p>\n","protected":false},"excerpt":{"rendered":"<p data-start=\"104\" data-end=\"353\">Die Goodr Sportbrille ist ein klassisches Modell, das bei sportlichen Aktivit\u00e4ten oder im Alltag bequem sitzt. Das geringe Gewicht und die gummierten, rutschfesten Nasenauflagen sorgen daf\u00fcr, dass die Brille fest an ihrem Platz bleibt - ideal f\u00fcr L\u00e4ufer. <\/p>\n<p data-start=\"355\" data-end=\"674\" data-is-last-node=\"\" data-is-only-node=\"\">- Klassisches und bequemes Design<br data-start=\"387\" data-end=\"390\">- Leicht und ideal f\u00fcr den Sport<br data-start=\"425\" data-end=\"428\">- Gummierte, rutschfeste Nasenauflagen f\u00fcr optimalen Halt<br data-start=\"479\" data-end=\"482\">- Geeignet f\u00fcr den t\u00e4glichen Gebrauch<br data-start=\"515\" data-end=\"518\">- Kann mit Sportgl\u00e4sern in der gew\u00fcnschten Farbe oder farblich angepasst werden<br data-start=\"588\" data-end=\"591\">- Die Brille kann vollst\u00e4ndig individuell gestaltet werden<br data-start=\"635\" data-end=\"638\">- Standardm\u00e4\u00dfig sind klare Gl\u00e4ser enthalten<\/p>\n","protected":false},"featured_media":61111,"template":"","meta":[],"product_brand":[800],"product_cat":[584,560],"product_tag":[],"class_list":{"0":"post-75278","1":"product","2":"type-product","3":"status-publish","4":"has-post-thumbnail","6":"product_brand-goodr","7":"product_cat-sportbrille","8":"product_cat-laufen","9":"pa_geschikt-voor-frauen","10":"pa_geschikt-voor-manner","11":"pa_kleur-montuur-blau","12":"pa_kleur-montuur-gelb","13":"pa_kleur-montuur-grau","14":"pa_kleur-montuur-orange","15":"pa_kleur-montuur-rosa","16":"pa_kleur-montuur-rot","17":"pa_kleur-montuur-schildkroete","18":"pa_kleur-montuur-schwarz","19":"pa_kleur-montuur-weiss","20":"pa_maat-montuur-klein","21":"pa_maat-montuur-medium","22":"pa_soort-bril-op-sterkte-mit-sehstaerke","23":"pa_soort-bril-op-sterkte-ohne-sehstaerke","25":"first","26":"instock","27":"shipping-taxable","28":"purchasable","29":"product-type-variable","30":"has-default-attributes"},"_links":{"self":[{"href":"https:\/\/specialspex.artitex.dev\/de\/wp-json\/wp\/v2\/product\/75278","targetHints":{"allow":["GET"]}}],"collection":[{"href":"https:\/\/specialspex.artitex.dev\/de\/wp-json\/wp\/v2\/product"}],"about":[{"href":"https:\/\/specialspex.artitex.dev\/de\/wp-json\/wp\/v2\/types\/product"}],"wp:featuredmedia":[{"embeddable":true,"href":"https:\/\/specialspex.artitex.dev\/de\/wp-json\/wp\/v2\/media\/61111"}],"wp:attachment":[{"href":"https:\/\/specialspex.artitex.dev\/de\/wp-json\/wp\/v2\/media?parent=75278"}],"wp:term":[{"taxonomy":"product_brand","embeddable":true,"href":"https:\/\/specialspex.artitex.dev\/de\/wp-json\/wp\/v2\/product_brand?post=75278"},{"taxonomy":"product_cat","embeddable":true,"href":"https:\/\/specialspex.artitex.dev\/de\/wp-json\/wp\/v2\/product_cat?post=75278"},{"taxonomy":"product_tag","embeddable":true,"href":"https:\/\/specialspex.artitex.dev\/de\/wp-json\/wp\/v2\/product_tag?post=75278"}],"curies":[{"name":"wp","href":"https:\/\/api.w.org\/{rel}","templated":true}]}}