{"id":75284,"date":"2025-11-27T11:09:25","date_gmt":"2025-11-27T10:09:25","guid":{"rendered":"https:\/\/specialspex.artitex.dev\/product\/mach-g\/"},"modified":"2025-11-27T11:09:25","modified_gmt":"2025-11-27T10:09:25","slug":"mach-g","status":"publish","type":"product","link":"https:\/\/specialspex.artitex.dev\/de\/sportbrille\/laufen\/goodr-mach-g\/","title":{"rendered":"Mach G"},"content":{"rendered":"<p data-start=\"105\" data-end=\"338\">Die Mach G hat einen klassischen Fliegerstil und ist so konzipiert, dass sie deine Geschwindigkeit bei Bedarf unterst\u00fctzt. Dank des geringen Gewichts und der rutschfesten Nasenauflagen aus Gummi bleibt die Brille an ihrem Platz, ideal f\u00fcr L\u00e4ufer. <\/p>\n<p data-start=\"340\" data-end=\"658\" data-is-last-node=\"\" data-is-only-node=\"\">- Klassischer Pilotenstil<br data-start=\"368\" data-end=\"371\">- Leicht und bequem<br data-start=\"400\" data-end=\"403\">- Gummierte, rutschfeste Nasenauflagen f\u00fcr optimalen Halt<br data-start=\"454\" data-end=\"457\">- Geeignet f\u00fcr Sport und Alltag<br data-start=\"499\" data-end=\"502\">- Kann mit Sportgl\u00e4sern in der gew\u00fcnschten Farbe oder einer Co-T\u00f6nung versehen werden<br data-start=\"572\" data-end=\"575\">- Brille vollst\u00e4ndig anpassbar<br data-start=\"619\" data-end=\"622\">- Inklusive Standard-Klargl\u00e4ser<\/p>\n","protected":false},"excerpt":{"rendered":"<p data-start=\"105\" data-end=\"338\">Die Mach G hat einen klassischen Aviator-Stil und ist so konzipiert, dass sie bei Bedarf deine Geschwindigkeit unterst\u00fctzt. Dank des geringen Gewichts und der gummierten, rutschfesten Nasenauflagen bleibt die Brille an ihrem Platz, ideal f\u00fcr L\u00e4ufer. <\/p>\n<p data-start=\"340\" data-end=\"658\" data-is-last-node=\"\" data-is-only-node=\"\">- Klassischer Pilotenstil<br data-start=\"368\" data-end=\"371\">- Leicht und bequem<br data-start=\"400\" data-end=\"403\">- Gummierte, rutschfeste Nasenauflagen f\u00fcr optimalen Halt<br data-start=\"454\" data-end=\"457\">- Geeignet f\u00fcr Sport und Alltag<br data-start=\"499\" data-end=\"502\">- Kann mit Sportgl\u00e4sern in der gew\u00fcnschten Farbe oder einer Co-T\u00f6nung versehen werden<br data-start=\"572\" data-end=\"575\">- Brille vollst\u00e4ndig anpassbar<br data-start=\"619\" data-end=\"622\">- Inklusive Standard-Klargl\u00e4ser<\/p>\n","protected":false},"featured_media":61099,"template":"","meta":[],"product_brand":[800],"product_cat":[584,560],"product_tag":[],"class_list":{"0":"post-75284","1":"product","2":"type-product","3":"status-publish","4":"has-post-thumbnail","6":"product_brand-goodr","7":"product_cat-sportbrille","8":"product_cat-laufen","9":"pa_geschikt-voor-frauen","10":"pa_geschikt-voor-manner","11":"pa_kleur-montuur-grun","12":"pa_maat-montuur-medium","13":"pa_soort-bril-op-sterkte-mit-sehstaerke","14":"pa_soort-bril-op-sterkte-ohne-sehstaerke","16":"first","17":"instock","18":"shipping-taxable","19":"purchasable","20":"product-type-simple"},"_links":{"self":[{"href":"https:\/\/specialspex.artitex.dev\/de\/wp-json\/wp\/v2\/product\/75284","targetHints":{"allow":["GET"]}}],"collection":[{"href":"https:\/\/specialspex.artitex.dev\/de\/wp-json\/wp\/v2\/product"}],"about":[{"href":"https:\/\/specialspex.artitex.dev\/de\/wp-json\/wp\/v2\/types\/product"}],"wp:featuredmedia":[{"embeddable":true,"href":"https:\/\/specialspex.artitex.dev\/de\/wp-json\/wp\/v2\/media\/61099"}],"wp:attachment":[{"href":"https:\/\/specialspex.artitex.dev\/de\/wp-json\/wp\/v2\/media?parent=75284"}],"wp:term":[{"taxonomy":"product_brand","embeddable":true,"href":"https:\/\/specialspex.artitex.dev\/de\/wp-json\/wp\/v2\/product_brand?post=75284"},{"taxonomy":"product_cat","embeddable":true,"href":"https:\/\/specialspex.artitex.dev\/de\/wp-json\/wp\/v2\/product_cat?post=75284"},{"taxonomy":"product_tag","embeddable":true,"href":"https:\/\/specialspex.artitex.dev\/de\/wp-json\/wp\/v2\/product_tag?post=75284"}],"curies":[{"name":"wp","href":"https:\/\/api.w.org\/{rel}","templated":true}]}}