{"id":75288,"date":"2025-12-02T16:43:26","date_gmt":"2025-12-02T15:43:26","guid":{"rendered":"https:\/\/specialspex.artitex.dev\/product\/sphaera-slash\/"},"modified":"2026-04-18T12:08:12","modified_gmt":"2026-04-18T10:08:12","slug":"sphaera-slash","status":"publish","type":"product","link":"https:\/\/specialspex.artitex.dev\/de\/sportbrille\/golfbrille\/oakley-sphaera-slash\/","title":{"rendered":"Sphaera\u2122 Slash"},"content":{"rendered":"<p data-start=\"207\" data-end=\"634\">Die Oakley Sphaera Slash ist eine schlank designte Performance-Sportbrille, die maximale Geschwindigkeit, Stabilit\u00e4t und Sicht in einem minimalistischen Schilddesign vereint. Das breite Panoramavisier bietet ein au\u00dfergew\u00f6hnlich weites Sichtfeld, ideal zum Radfahren, Laufen und f\u00fcr intensive Outdoor-Sportarten. Dank des leichten O Matter-Rahmens und der aerodynamischen Form l\u00e4sst sich die Sphaera Slash auch bei langen Trainingseinheiten bequem tragen.  <\/p>\n<p data-start=\"636\" data-end=\"881\">Unobtainium Nasenpads und Ohrst\u00f6psel bieten einen sicheren, rutschfesten Sitz, auch wenn du schwitzt. Optimierte Bel\u00fcftungs\u00f6ffnungen im Visier reduzieren das Beschlagen und sorgen f\u00fcr eine klare Sicht unter verschiedenen Bedingungen. <\/p>\n<p data-start=\"883\" data-end=\"1278\">- Minimalistisches Schilddesign f\u00fcr ein weites, ungehindertes Sichtfeld<br data-start=\"954\" data-end=\"957\">- Leichter und strapazierf\u00e4higer O Matter-Rahmen<br data-start=\"1000\" data-end=\"1003\">- Unobtainium-Nasenpads und -Ohrst\u00f6psel f\u00fcr zuverl\u00e4ssigen Halt bei Schwei\u00df<br data-start=\"1075\" data-end=\"1078\">- Optimierte Bel\u00fcftung zur Reduzierung von Kondenswasser<br data-start=\"1137\" data-end=\"1140\">- Ideal f\u00fcr Radfahren, Laufen und intensive sportliche Leistungen<br data-start=\"1205\" data-end=\"1208\">- Nicht in verschreibungspflichtigen Gr\u00f6\u00dfen erh\u00e4ltlich<br data-start=\"1238\" data-end=\"1241\">- Schutzetui im Lieferumfang enthalten<\/p>\n","protected":false},"excerpt":{"rendered":"<p data-start=\"207\" data-end=\"634\">Die Oakley Sphaera Slash ist eine schlank designte Performance-Sportbrille, die maximale Geschwindigkeit, Stabilit\u00e4t und Sicht in einem minimalistischen Schilddesign vereint. Das breite Panoramavisier bietet ein au\u00dfergew\u00f6hnlich weites Sichtfeld, ideal zum Radfahren, Laufen und f\u00fcr intensive Outdoor-Sportarten. Dank des leichten O Matter-Rahmens und der aerodynamischen Form l\u00e4sst sich die Sphaera Slash auch bei langen Trainingseinheiten bequem tragen.  <\/p>\n<p data-start=\"636\" data-end=\"881\">Nasenpads und Ohrst\u00f6psel aus Unobtainium bieten einen sicheren, rutschfesten Sitz, auch wenn du schwitzt. Optimierte Bel\u00fcftungs\u00f6ffnungen im Visier reduzieren das Beschlagen und sorgen f\u00fcr eine klare Sicht unter verschiedenen Bedingungen. <\/p>\n<p data-start=\"883\" data-end=\"1278\">- Minimalistisches Schilddesign f\u00fcr ein weites, ungehindertes Sichtfeld<br data-start=\"954\" data-end=\"957\">- Leichter und strapazierf\u00e4higer O Matter-Rahmen<br data-start=\"1000\" data-end=\"1003\">- Unobtainium-Nasenpads und -Ohrst\u00f6psel f\u00fcr zuverl\u00e4ssigen Halt bei Schwei\u00df<br data-start=\"1075\" data-end=\"1078\">- Optimierte Bel\u00fcftung zur Reduzierung von Kondenswasser<br data-start=\"1137\" data-end=\"1140\">- Ideal f\u00fcr Radfahren, Laufen und intensive sportliche Leistungen<br data-start=\"1205\" data-end=\"1208\">- Nicht in verschreibungspflichtigen Gr\u00f6\u00dfen erh\u00e4ltlich<br data-start=\"1238\" data-end=\"1241\">- Schutzh\u00fclle im Lieferumfang enthalten<\/p>\n","protected":false},"featured_media":70304,"template":"","meta":[],"product_brand":[806],"product_cat":[584,660,639,560,638,561,559],"product_tag":[],"class_list":{"0":"post-75288","1":"product","2":"type-product","3":"status-publish","4":"has-post-thumbnail","6":"product_brand-oakley","7":"product_cat-sportbrille","8":"product_cat-golfbrille","9":"product_cat-gravelbiker-radfahren","10":"product_cat-laufen","11":"product_cat-mountainbiking","12":"product_cat-radfahren","13":"product_cat-radfahrerbrille","14":"pa_geschikt-voor-frauen","15":"pa_geschikt-voor-manner","16":"pa_kleur-montuur-schwarz-3","17":"pa_kleur-montuur-schwarz","18":"pa_kleur-montuur-weiss","19":"pa_maat-montuur-extra-gros","20":"pa_maat-montuur-gross","21":"pa_soort-bril-op-sterkte-ohne-sehstaerke","23":"first","24":"instock","25":"sale","26":"shipping-taxable","27":"purchasable","28":"product-type-variable"},"_links":{"self":[{"href":"https:\/\/specialspex.artitex.dev\/de\/wp-json\/wp\/v2\/product\/75288","targetHints":{"allow":["GET"]}}],"collection":[{"href":"https:\/\/specialspex.artitex.dev\/de\/wp-json\/wp\/v2\/product"}],"about":[{"href":"https:\/\/specialspex.artitex.dev\/de\/wp-json\/wp\/v2\/types\/product"}],"wp:featuredmedia":[{"embeddable":true,"href":"https:\/\/specialspex.artitex.dev\/de\/wp-json\/wp\/v2\/media\/70304"}],"wp:attachment":[{"href":"https:\/\/specialspex.artitex.dev\/de\/wp-json\/wp\/v2\/media?parent=75288"}],"wp:term":[{"taxonomy":"product_brand","embeddable":true,"href":"https:\/\/specialspex.artitex.dev\/de\/wp-json\/wp\/v2\/product_brand?post=75288"},{"taxonomy":"product_cat","embeddable":true,"href":"https:\/\/specialspex.artitex.dev\/de\/wp-json\/wp\/v2\/product_cat?post=75288"},{"taxonomy":"product_tag","embeddable":true,"href":"https:\/\/specialspex.artitex.dev\/de\/wp-json\/wp\/v2\/product_tag?post=75288"}],"curies":[{"name":"wp","href":"https:\/\/api.w.org\/{rel}","templated":true}]}}